{"id":5155,"date":"2022-10-28T09:35:46","date_gmt":"2022-10-28T13:35:46","guid":{"rendered":"https:\/\/feltkutur.com\/fenetres-elite-acoustic-panels\/"},"modified":"2022-10-28T10:06:33","modified_gmt":"2022-10-28T14:06:33","slug":"fenetres-elite-acoustic-panels","status":"publish","type":"page","link":"https:\/\/feltkutur.com\/fr\/fenetres-elite-acoustic-panels\/","title":{"rendered":"Fen\u00eatres Elite acoustic panels"},"content":{"rendered":"\n<h1>\n\t\tFen\u00eatres \u00c9lite ajoute du style dans ses bureaux avec les panneaux acoustiques Tekboard Studio\n\t<\/h1>\n\t<p>Le retour au bureau se fait graduellement depuis quelques mois d\u00e9j\u00e0. Les espaces de vie communs sont utilis\u00e9s de nouveau et le nombre d&#8217;utilisateurs de ces environnements augmentent depuis les derniers temps. Les employ\u00e9s ont \u00e9t\u00e9 habitu\u00e9s \u00e0 travailler dans le confort de leur maison ce qui explique l&#8217;importance d&#8217;un retour tout en douceur dans les bureaux physiques de la compagnie. L&#8217;acoustique est alors un facteur tr\u00e8s important \u00e0 consid\u00e9rer puisque les gens se sont habitu\u00e9s \u00e0 leur espace de travail r\u00e9sidentiel o\u00f9 les \u00e9missions sonores sont plus limit\u00e9es.<\/p>\n<p>Puisque les gens passent de plus en plus d&#8217;heures au travail, il est important d&#8217;offrir un environnement o\u00f9 il est plaisant d&#8217;y travailler. L&#8217;aspect visuel et le d\u00e9cor sont des \u00e9l\u00e9ments cl\u00e9s pour y arriver, mais les <a href=\"https:\/\/feltkutur.com\/fr\/panneaux-acoustiques\/\"><strong>produits Feltk\u00fctur <\/strong><\/a>sauront relever ce d\u00e9fi en vous apportant des solutions acoustiques et designs!<\/p>\n\t\t\t\t<img decoding=\"async\" src=\"https:\/\/feltkutur.com\/wp-content\/uploads\/Fenetres-Elite-19-scaled.jpg\" alt=\"Fenetres \u00c9lite-19\" itemprop=\"image\" height=\"1707\" width=\"2560\" title=\"Fenetres \u00c9lite-19\" onerror=\"this.style.display='none'\"  \/>\n\t\t\t\t<img decoding=\"async\" src=\"https:\/\/feltkutur.com\/wp-content\/uploads\/Fenetres-Elite-15-scaled.jpg\" alt=\"Fenetres \u00c9lite-15\" itemprop=\"image\" height=\"1707\" width=\"2560\" title=\"Fenetres \u00c9lite-15\" onerror=\"this.style.display='none'\"  \/>\n\t\t\t\t<img decoding=\"async\" src=\"https:\/\/feltkutur.com\/wp-content\/uploads\/Fenetres-Elite-13-scaled.jpg\" alt=\"Fenetres \u00c9lite-13\" itemprop=\"image\" height=\"1707\" width=\"2560\" title=\"Fenetres \u00c9lite-13\" onerror=\"this.style.display='none'\"  \/>\n\t<p>Le projet des bureaux du manufacturier Fen\u00eatres \u00c9lite permet de visualiser concr\u00e8tement une application du <a href=\"https:\/\/feltkutur.com\/fr\/tekboard-studio\/\"><strong>Tekboard Studio<\/strong><\/a>. Pour le secteur de la caf\u00e9t\u00e9ria, int\u00e9grant \u00e0 merveille la couleur <a href=\"http:\/\/feltkutur.com\/wp-content\/uploads\/Article-Woburn-Inspir%C3%A9-des-bois_Final_EN.pdf\"><strong>beige Woburn<\/strong><\/a>, la proposition \u00e9tait d&#8217;agencer la couleur des produits acoustiques aux autres produits comme les planches de bois au plafond, les tables, les chaises et l&#8217;\u00eelot du comptoir. La m\u00eame proposition a \u00e9t\u00e9 faite au manufacturier pour leur salle de conf\u00e9rence afin d&#8217;avoir un match de couleur avec le rev\u00eatement de plancher et avec le D\u00fcotex <strong><a href=\"https:\/\/feltkutur.com\/fr\/gris-fermont\/\">gris Fermont<\/a><\/strong>. La s\u00e9lection de couleurs du<a href=\"https:\/\/feltkutur.com\/fr\/panneaux-acoustiques-duotex\/\"><strong> D\u00fcotex<\/strong> <\/a>permet \u00e0 ce d\u00e9cor une harmonisation compl\u00e8te au design d\u00e9j\u00e0 en place.<\/p>\n\t\t\t\t<img decoding=\"async\" src=\"https:\/\/feltkutur.com\/wp-content\/uploads\/Fenetres-Elite-4-scaled.jpg\" alt=\"Fenetres \u00c9lite-4\" itemprop=\"image\" height=\"1707\" width=\"2560\" title=\"Fenetres \u00c9lite-4\" onerror=\"this.style.display='none'\"  \/>\n\t\t\t\t<img decoding=\"async\" src=\"https:\/\/feltkutur.com\/wp-content\/uploads\/Fenetres-Elite-2-scaled.jpg\" alt=\"Fenetres \u00c9lite-2\" itemprop=\"image\" height=\"1707\" width=\"2560\" title=\"Fenetres \u00c9lite-2\" onerror=\"this.style.display='none'\"  \/>\n\t\t\t\t<img decoding=\"async\" src=\"https:\/\/feltkutur.com\/wp-content\/uploads\/Fenetres-Elite-6-scaled.jpg\" alt=\"Fenetres \u00c9lite-6\" itemprop=\"image\" height=\"1707\" width=\"2560\" title=\"Fenetres \u00c9lite-6\" onerror=\"this.style.display='none'\"  \/>\n\t<p>Le panneau\u00a0<strong><a href=\"https:\/\/feltkutur.com\/fr\/tekboard-studio\/\">Tekboard Studio<\/a> <\/strong>poss\u00e8de un niveau d&#8217;absorption acoustique sup\u00e9rieur et est disponible en trois dimensions. Sa structure en alv\u00e9oles d&#8217;abeille permet de renforcer la r\u00e9sistance d&#8217;un \u00e9l\u00e9ment tout en garantissant une l\u00e9g\u00e8ret\u00e9 maximale. Ces alv\u00e9oles permettent \u00e9galement de garantir un espace d&#8217;air qui amplifie les propri\u00e9t\u00e9s acoustiques du panneau mural.<\/p>\n<p>Gr\u00e2ce aux conseillers de nos <strong><a href=\"https:\/\/feltkutur.com\/fr\/trouver-un-distributeur\/\">distributeurs<\/a><\/strong>, l&#8217;agencement de nos panneaux acoustiques dans votre d\u00e9cor sera harmonis\u00e9. Ces derniers sauront vous conseiller autant sur la couleur, le type de produit ainsi que la disposition de ceux-ci.<\/p>\n\t\t\t\t<img decoding=\"async\" src=\"https:\/\/feltkutur.com\/wp-content\/uploads\/Fenetres-Elite-8-scaled.jpg\" alt=\"Fenetres \u00c9lite-8\" itemprop=\"image\" height=\"1707\" width=\"2560\" title=\"Fenetres \u00c9lite-8\" onerror=\"this.style.display='none'\"  \/>\n\t\t\t\t<img decoding=\"async\" src=\"https:\/\/feltkutur.com\/wp-content\/uploads\/Fenetres-Elite-11-scaled.jpg\" alt=\"Fenetres \u00c9lite-11\" itemprop=\"image\" height=\"1707\" width=\"2560\" title=\"Fenetres \u00c9lite-11\" onerror=\"this.style.display='none'\"  \/>\n\t\t\t\t<img decoding=\"async\" src=\"https:\/\/feltkutur.com\/wp-content\/uploads\/Fenetres-Elite-14-scaled.jpg\" alt=\"Fenetres \u00c9lite-14\" itemprop=\"image\" height=\"1707\" width=\"2560\" title=\"Fenetres \u00c9lite-14\" onerror=\"this.style.display='none'\"  \/>\n\n","protected":false},"excerpt":{"rendered":"<p>Fen\u00eatres \u00c9lite ajoute du style dans ses bureaux avec les panneaux acoustiques Tekboard Studio Le retour au bureau se fait graduellement depuis quelques mois d\u00e9j\u00e0. Les espaces de vie communs sont utilis\u00e9s de nouveau et le nombre d&#8217;utilisateurs de ces environnements augmentent depuis les derniers temps. Les employ\u00e9s ont \u00e9t\u00e9 habitu\u00e9s \u00e0 travailler dans le [&#8230;]<\/p>\n<p><a class=\"btn btn-secondary understrap-read-more-link\" href=\"https:\/\/feltkutur.com\/fr\/fenetres-elite-acoustic-panels\/\">Read More&#8230;<\/a><\/p>\n","protected":false},"author":1,"featured_media":0,"parent":0,"menu_order":0,"comment_status":"closed","ping_status":"closed","template":"","meta":{"_seopress_robots_primary_cat":"","_seopress_titles_title":"","_seopress_titles_desc":"","_seopress_robots_index":"","footnotes":""},"class_list":["post-5155","page","type-page","status-publish"],"_links":{"self":[{"href":"https:\/\/feltkutur.com\/fr\/wp-json\/wp\/v2\/pages\/5155","targetHints":{"allow":["GET"]}}],"collection":[{"href":"https:\/\/feltkutur.com\/fr\/wp-json\/wp\/v2\/pages"}],"about":[{"href":"https:\/\/feltkutur.com\/fr\/wp-json\/wp\/v2\/types\/page"}],"author":[{"embeddable":true,"href":"https:\/\/feltkutur.com\/fr\/wp-json\/wp\/v2\/users\/1"}],"replies":[{"embeddable":true,"href":"https:\/\/feltkutur.com\/fr\/wp-json\/wp\/v2\/comments?post=5155"}],"version-history":[{"count":0,"href":"https:\/\/feltkutur.com\/fr\/wp-json\/wp\/v2\/pages\/5155\/revisions"}],"wp:attachment":[{"href":"https:\/\/feltkutur.com\/fr\/wp-json\/wp\/v2\/media?parent=5155"}],"curies":[{"name":"wp","href":"https:\/\/api.w.org\/{rel}","templated":true}]}}