{"id":5112,"date":"2022-10-20T13:10:27","date_gmt":"2022-10-20T17:10:27","guid":{"rendered":"https:\/\/feltkutur.com\/best-western-tuiles-acoustiques\/"},"modified":"2022-10-20T13:19:03","modified_gmt":"2022-10-20T17:19:03","slug":"best-western-tuiles-acoustiques","status":"publish","type":"page","link":"https:\/\/feltkutur.com\/fr\/best-western-tuiles-acoustiques\/","title":{"rendered":"Best western tuiles acoustiques"},"content":{"rendered":"\n<h1>\n\t\tBEST WESTERN QU\u00c9BEC\n\t<\/h1>\n\t<p>Le d\u00e9cor de bureau est un sujet important pour les employ\u00e9s de bureau. Quand vous passez la plupart de vos heures de travail dans cet environnement, vous voulez que ce soit inspirant et beau. Cependant, quand ce n&#8217;est pas votre bureau \u00e0 domicile, il y a une certaine limite aux possibilit\u00e9s de d\u00e9cor.<\/p>\n<p>Votre bureau est le meilleur endroit o\u00f9 am\u00e9nager les murs et montrer votre cr\u00e9ativit\u00e9 ou accro\u00eetre votre productivit\u00e9. Comment? Eh bien, ce blog vous propose une foule d&#8217;id\u00e9es cr\u00e9atives de d\u00e9coration murale de bureau qui vous permettra d&#8217;augmenter votre bien-\u00eatre et votre productivit\u00e9 au bureau.<\/p>\n<p>Les collections <a href=\"https:\/\/feltkutur.com\/fr\/collection-gaia\/\"><strong>Ga\u00efa<\/strong> <\/a>et <a href=\"https:\/\/feltkutur.com\/fr\/collection-harmonie\/\"><strong>Harmonie<\/strong> <\/a>comportent de super beaux mod\u00e8les de tuiles murales acoustiques de bureau qui font de votre espace de travail un lieu de d\u00e9tente tout en am\u00e9liorant votre motivation. D\u00e9couvrez notre magnifique gamme de tuiles acoustiques \u00e9l\u00e9gantes qui ornent les murs de votre bureau et y ajoutent une touche de sophistication.<\/p>\n\t<p>Le <strong><a href=\"https:\/\/www.bestwestern.com\/en_US\/book\/quebec\/hotel-rooms\/best-western-plus-city-centre-centre-ville\/propertyCode.67020.html?iata=00580881&amp;gclid=EAIaIQobChMIx4K_1-7u-gIV5SdMCh0uEwTHEAAYAiAAEgLeUfD_BwE\">Best Western Qu\u00e9bec<\/a><\/strong> a install\u00e9 notre mod\u00e8le <a href=\"https:\/\/feltkutur.com\/fr\/pontos\/\"><strong>Pontos<\/strong> <\/a>de la collection de <a href=\"https:\/\/feltkutur.com\/fr\/collection-gaia\/\"><strong>tuiles acoustiques Ga\u00efa<\/strong><\/a>, dans son bureau. Le mod\u00e8le de tuiles acoustiques <a href=\"https:\/\/feltkutur.com\/fr\/pontos\/\"><strong>Pontos <\/strong><\/a>offre un visuel semblable \u00e0 la brique lorsqu&#8217;il est install\u00e9 sur les murs. Il permet de cr\u00e9er une ambiance \u00e0 la fois rustique et moderne. Rien de mieux qu&#8217;un motif de briques d\u00e9coratives d&#8217;int\u00e9rieur pour offrir une atmosph\u00e8re apaisante et, par la m\u00eame occasion, industrielle.<\/p>\n<p>Notre couleur <a href=\"https:\/\/feltkutur.com\/fr\/beige-perce\/\"><strong>Tan Perc\u00e9<\/strong><\/a> est \u00e0 la fois douce et apaisante et donne une touche classique \u00e0 votre environnement de travail tout en conservant sa sophistication.<\/p>\n\t<p>Les images dans cette page utilisent notre feutre acoustique beige p\u00e2le, ainsi que d&#8217;autres tons apaisants de beige fonc\u00e9. Le design qui en r\u00e9sulte rappel aux occupants de regarder vers le haut et autour, de se concentrer sur la texture, le toucher, et m\u00eame le parfum. En utilisant des couleurs non distrayantes, on permet \u00e0 l&#8217;espace de briller.<\/p>\n<p>\u00a0<\/p>\n\n","protected":false},"excerpt":{"rendered":"<p>BEST WESTERN QU\u00c9BEC Le d\u00e9cor de bureau est un sujet important pour les employ\u00e9s de bureau. Quand vous passez la plupart de vos heures de travail dans cet environnement, vous voulez que ce soit inspirant et beau. Cependant, quand ce n&#8217;est pas votre bureau \u00e0 domicile, il y a une certaine limite aux possibilit\u00e9s de [&#8230;]<\/p>\n<p><a class=\"btn btn-secondary understrap-read-more-link\" href=\"https:\/\/feltkutur.com\/fr\/best-western-tuiles-acoustiques\/\">Read More&#8230;<\/a><\/p>\n","protected":false},"author":1,"featured_media":0,"parent":0,"menu_order":0,"comment_status":"closed","ping_status":"closed","template":"","meta":{"_seopress_robots_primary_cat":"","_seopress_titles_title":"","_seopress_titles_desc":"","_seopress_robots_index":"","footnotes":""},"class_list":["post-5112","page","type-page","status-publish"],"_links":{"self":[{"href":"https:\/\/feltkutur.com\/fr\/wp-json\/wp\/v2\/pages\/5112","targetHints":{"allow":["GET"]}}],"collection":[{"href":"https:\/\/feltkutur.com\/fr\/wp-json\/wp\/v2\/pages"}],"about":[{"href":"https:\/\/feltkutur.com\/fr\/wp-json\/wp\/v2\/types\/page"}],"author":[{"embeddable":true,"href":"https:\/\/feltkutur.com\/fr\/wp-json\/wp\/v2\/users\/1"}],"replies":[{"embeddable":true,"href":"https:\/\/feltkutur.com\/fr\/wp-json\/wp\/v2\/comments?post=5112"}],"version-history":[{"count":0,"href":"https:\/\/feltkutur.com\/fr\/wp-json\/wp\/v2\/pages\/5112\/revisions"}],"wp:attachment":[{"href":"https:\/\/feltkutur.com\/fr\/wp-json\/wp\/v2\/media?parent=5112"}],"curies":[{"name":"wp","href":"https:\/\/api.w.org\/{rel}","templated":true}]}}