{"id":5057,"date":"2022-10-04T13:58:26","date_gmt":"2022-10-04T17:58:26","guid":{"rendered":"https:\/\/feltkutur.com\/tuiles-acoustiques-murales\/"},"modified":"2022-10-11T09:20:03","modified_gmt":"2022-10-11T13:20:03","slug":"tuiles-acoustiques-murales","status":"publish","type":"page","link":"https:\/\/feltkutur.com\/fr\/tuiles-acoustiques-murales\/","title":{"rendered":"tuiles acoustiques murales"},"content":{"rendered":"\n<h1>\n\t\tHabillez vos murs avec des tuiles acoustiques!\n\t<\/h1>\n\t<p>Comment\u00a0<strong>habiller un mur<\/strong>\u00a0? Il existe plusieurs fa\u00e7ons d&#8217;<strong>habiller vos murs<\/strong>\u00a0et ainsi, donner une nouvelle dimension \u00e0 votre pi\u00e8ce.\u00a0<strong>Fini les murs plats et blancs !<\/strong>\u00a0Plusieurs solutions d\u00e9coratives existent pour d\u00e9corer et \u00e9merveiller les utilisateurs de la pi\u00e8ce. Outre le traditionnel papier peint ou les fameux stickers muraux, nous vous ferons d\u00e9couvrir de nouvelles alternatives qui apporteront un c\u00f4t\u00e9 design et moderne \u00e0 votre d\u00e9coration d&#8217;int\u00e9rieur.<\/p>\n<p>\u00a0<\/p>\n\t<p>Les\u00a0<strong>panneaux 3D<\/strong> sont une solution originale pour d\u00e9corer vos murs de fa\u00e7on simple et rapide. <strong>Feltk\u00fctur<\/strong> a lanc\u00e9 deux collections de tuiles acoustiques qui se nomment <a href=\"https:\/\/feltkutur.com\/fr\/collection-gaia\/\"><strong>Ga\u00efa<\/strong> <\/a>et <strong><a href=\"https:\/\/feltkutur.com\/fr\/collection-harmonie\/\">Harmonie<\/a> <\/strong>. Les tuiles murales 3D ont tr\u00e8s vite connu un succ\u00e8s aupr\u00e8s des architectes et d\u00e9corateurs comme \u00e9tant un produit qui combine acoustique et design. Aujourd&#8217;hui les panneaux d\u00e9coratifs 3D ont parfaitement int\u00e9gr\u00e9 les int\u00e9rieurs de nombreux passionn\u00e9s de d\u00e9coration et permettent donner du relief \u00e0 un mur de caf\u00e9t\u00e9ria, d&#8217;hall d&#8217;entr\u00e9e, de bureaux, etc.<\/p>\n<p>\u00a0<\/p>\n\t<p>Notre technologie <a href=\"https:\/\/feltkutur.com\/fr\/panneaux-acoustiques-duotex-tahmea\/\"><strong>D\u00fcotex Tahmea<\/strong><\/a>\u00a0vous permet d&#8217;obtenir des murs acoustiques et donne un int\u00e9rieur cosy et chaleureux! Ces tuiles de feutre sont disponibles en plusieurs couleurs et s&#8217;installent facilement gr\u00e2ce \u00e0 notre syst\u00e8me adh\u00e9sif <strong>Tahmea<\/strong>.<\/p>\n<h1>\n\t\tHabillez vos murs en haute-Couture avec Feltk\u00fctur!\n\t<\/h1>\n\n","protected":false},"excerpt":{"rendered":"<p>Habillez vos murs avec des tuiles acoustiques! Comment\u00a0habiller un mur\u00a0? Il existe plusieurs fa\u00e7ons d&#8217;habiller vos murs\u00a0et ainsi, donner une nouvelle dimension \u00e0 votre pi\u00e8ce.\u00a0Fini les murs plats et blancs !\u00a0Plusieurs solutions d\u00e9coratives existent pour d\u00e9corer et \u00e9merveiller les utilisateurs de la pi\u00e8ce. Outre le traditionnel papier peint ou les fameux stickers muraux, nous vous [&#8230;]<\/p>\n<p><a class=\"btn btn-secondary understrap-read-more-link\" href=\"https:\/\/feltkutur.com\/fr\/tuiles-acoustiques-murales\/\">Read More&#8230;<\/a><\/p>\n","protected":false},"author":1,"featured_media":0,"parent":0,"menu_order":0,"comment_status":"closed","ping_status":"closed","template":"","meta":{"_seopress_robots_primary_cat":"","_seopress_titles_title":"","_seopress_titles_desc":"","_seopress_robots_index":"","footnotes":""},"class_list":["post-5057","page","type-page","status-publish"],"_links":{"self":[{"href":"https:\/\/feltkutur.com\/fr\/wp-json\/wp\/v2\/pages\/5057","targetHints":{"allow":["GET"]}}],"collection":[{"href":"https:\/\/feltkutur.com\/fr\/wp-json\/wp\/v2\/pages"}],"about":[{"href":"https:\/\/feltkutur.com\/fr\/wp-json\/wp\/v2\/types\/page"}],"author":[{"embeddable":true,"href":"https:\/\/feltkutur.com\/fr\/wp-json\/wp\/v2\/users\/1"}],"replies":[{"embeddable":true,"href":"https:\/\/feltkutur.com\/fr\/wp-json\/wp\/v2\/comments?post=5057"}],"version-history":[{"count":0,"href":"https:\/\/feltkutur.com\/fr\/wp-json\/wp\/v2\/pages\/5057\/revisions"}],"wp:attachment":[{"href":"https:\/\/feltkutur.com\/fr\/wp-json\/wp\/v2\/media?parent=5057"}],"curies":[{"name":"wp","href":"https:\/\/api.w.org\/{rel}","templated":true}]}}