{"id":5054,"date":"2022-09-26T12:31:00","date_gmt":"2022-09-26T16:31:00","guid":{"rendered":"https:\/\/feltkutur.com\/marjorie-acoustic-partners\/"},"modified":"2022-09-26T13:25:45","modified_gmt":"2022-09-26T17:25:45","slug":"marjorie-acoustic-partners","status":"publish","type":"page","link":"https:\/\/feltkutur.com\/fr\/marjorie-acoustic-partners\/","title":{"rendered":"MARJORIE ACOUSTIC PARTNERS"},"content":{"rendered":"\n<h2>\n\t\tPARTENAIRE ACOUSTIQUE EMBLM &#8211; MARJORIE\n\t<\/h2>\n\t\t\t\t<img decoding=\"async\" src=\"https:\/\/feltkutur.com\/wp-content\/uploads\/305270626_1429595027452284_1753296020446224171_n.jpg\" alt=\"305270626_1429595027452284_1753296020446224171_n\" itemprop=\"image\" height=\"1600\" width=\"2000\" title=\"305270626_1429595027452284_1753296020446224171_n\" onerror=\"this.style.display='none'\"  \/>\n\t&#8220;Trouver des solutions, c&#8217;est notre quotidien et on adore \u00e7a!&#8221; &#8211; EMBLM<br \/>\n\n<p>Dans ce projet, le client demandait un degr\u00e9 plus \u00e9lev\u00e9 de confidentialit\u00e9 dans ses bureaux. Feltk\u00fctur a collabor\u00e9 sur ce projet, avec son distributeur, Emblm. Marjorie LS, qui travaille comme Charg\u00e9e de comptes chez <strong><a href=\"https:\/\/feltkutur.com\/fr\/emblm-distributor\/\">EMBLM<\/a><\/strong>, a propos\u00e9 une solution efficace<strong>!<\/strong><\/p>\n<p>L&#8217;ajout de panneaux de feutre sur les murs des bureaux a grandement am\u00e9lior\u00e9 l&#8217;insonorisation de l&#8217;espace, en plus d&#8217;ajouter une touche personnalis\u00e9e au d\u00e9cor.<\/p>\n<p>Vous avez un probl\u00e8me d&#8217;acoustique? On a probablement une solution! Contactez notre distributeur\u00a0<strong><a href=\"https:\/\/emblm.com\/contact\/\">EMBLM<\/a><\/strong>.<\/p>\n\n","protected":false},"excerpt":{"rendered":"<p>PARTENAIRE ACOUSTIQUE EMBLM &#8211; MARJORIE &#8220;Trouver des solutions, c&#8217;est notre quotidien et on adore \u00e7a!&#8221; &#8211; EMBLM Dans ce projet, le client demandait un degr\u00e9 plus \u00e9lev\u00e9 de confidentialit\u00e9 dans ses bureaux. Feltk\u00fctur a collabor\u00e9 sur ce projet, avec son distributeur, Emblm. Marjorie LS, qui travaille comme Charg\u00e9e de comptes chez EMBLM, a propos\u00e9 une [&#8230;]<\/p>\n<p><a class=\"btn btn-secondary understrap-read-more-link\" href=\"https:\/\/feltkutur.com\/fr\/marjorie-acoustic-partners\/\">Read More&#8230;<\/a><\/p>\n","protected":false},"author":1,"featured_media":0,"parent":0,"menu_order":0,"comment_status":"closed","ping_status":"closed","template":"","meta":{"_seopress_robots_primary_cat":"","_seopress_titles_title":"","_seopress_titles_desc":"","_seopress_robots_index":"","footnotes":""},"class_list":["post-5054","page","type-page","status-publish"],"_links":{"self":[{"href":"https:\/\/feltkutur.com\/fr\/wp-json\/wp\/v2\/pages\/5054","targetHints":{"allow":["GET"]}}],"collection":[{"href":"https:\/\/feltkutur.com\/fr\/wp-json\/wp\/v2\/pages"}],"about":[{"href":"https:\/\/feltkutur.com\/fr\/wp-json\/wp\/v2\/types\/page"}],"author":[{"embeddable":true,"href":"https:\/\/feltkutur.com\/fr\/wp-json\/wp\/v2\/users\/1"}],"replies":[{"embeddable":true,"href":"https:\/\/feltkutur.com\/fr\/wp-json\/wp\/v2\/comments?post=5054"}],"version-history":[{"count":0,"href":"https:\/\/feltkutur.com\/fr\/wp-json\/wp\/v2\/pages\/5054\/revisions"}],"wp:attachment":[{"href":"https:\/\/feltkutur.com\/fr\/wp-json\/wp\/v2\/media?parent=5054"}],"curies":[{"name":"wp","href":"https:\/\/api.w.org\/{rel}","templated":true}]}}