{"id":5048,"date":"2022-09-19T11:02:56","date_gmt":"2022-09-19T15:02:56","guid":{"rendered":"https:\/\/feltkutur.com\/panneaux-acoustiques-cafeteria\/"},"modified":"2022-09-19T11:08:03","modified_gmt":"2022-09-19T15:08:03","slug":"panneaux-acoustiques-cafeteria","status":"publish","type":"page","link":"https:\/\/feltkutur.com\/fr\/panneaux-acoustiques-cafeteria\/","title":{"rendered":"Panneaux acoustiques &#8211; Cafeteria"},"content":{"rendered":"\n<h1>\n\t\tLE DESIGN DE LA CAF\u00c9T\u00c9RIA CHEZ ALKEGEN-CANADA\n\t<\/h1>\n\n\t<p><strong><a href=\"https:\/\/alkegen.com\/\">Alkegen<\/a> <\/strong>a fait l&#8217;acquisition d&#8217;une compagnie au Canada afin de soutenir sa strat\u00e9gie de croissance. Cette acquisition permet \u00e0 la compagnie d&#8217;augmenter leur \u00e9ventail de produits rendu disponible \u00e0 leur client\u00e8le r\u00e9guli\u00e8re et potentielle.<\/p>\n<p>Afin de mettre l&#8217;empreinte\u00a0<strong><a href=\"https:\/\/alkegen.com\/\">Alkegen \u00a0<\/a><\/strong>dans leur \u00e9tablissement au Canada, l&#8217;\u00e9quipe de design <strong><a href=\"https:\/\/feltkutur.com\/fr\/\">Feltk\u00fctur<\/a> <\/strong>a propos\u00e9 une solution acoustique \u00e9pur\u00e9e et tout en relief gr\u00e2ce \u00e0 notre <strong><a href=\"https:\/\/feltkutur.com\/fr\/gris-st-sebastien\/\">Gris St-S\u00e9bastien<\/a><\/strong> ainsi qu&#8217;\u00e0 l&#8217;utilisation du <a href=\"https:\/\/feltkutur.com\/fr\/panneaux-acoustiques-duotex-tahmea\/\"><strong>D\u00fcotex Tahmea<\/strong><\/a> 6.4mm et 12.7mm. Afin de s\u00e9lectionner la bonne solution acoustique, l&#8217;environnement et les demandes du client sont pris en compte. Sachant que la surface \u00e0 couvrir \u00e9tait d&#8217;une grande dimension murale et que le client d\u00e9sirait couvrir le mur en entier, notre designer a su proposer ce plan 2D pour charmer tous les regards!<\/p>\n\t<p>Les panneaux <a href=\"https:\/\/feltkutur.com\/fr\/panneaux-acoustiques-duotex\/\"><strong>Feltk\u00fctur<\/strong> <\/a>offrent \u00e0 l&#8217;environnement de cette caf\u00e9t\u00e9ria une tout autre ambiance plus confortable au niveau sonore, mais \u00e9galement au niveau visuel. Les employ\u00e9s utilisateurs de cet environnement sont ravis de voir les efforts faits par <a href=\"https:\/\/alkegen.com\/\"><strong>Alkegen\u00a0<\/strong><\/a> pour offrir un d\u00e9cor esth\u00e9tique, mais \u00e9galement une qualit\u00e9 sonore \u00e0 la pi\u00e8ce.<\/p>\n<p>Les aires de repos sont destin\u00e9es \u00e0 \u00eatre un endroit o\u00f9 il est bon de prendre quelques minutes pour recharger les batteries. Cette compagnie pourra compter sur cette r\u00e9alisation pour combler ces besoins aupr\u00e8s de leurs employ\u00e9s.<\/p>\n\t<iframe title=\"Commun relaxation areas at work\" width=\"640\" height=\"360\" src=\"https:\/\/www.youtube.com\/embed\/lKBCd8-DD3k?start=2&#038;feature=oembed\" frameborder=\"0\" allow=\"accelerometer; autoplay; clipboard-write; encrypted-media; gyroscope; picture-in-picture\" allowfullscreen><\/iframe>\n\t<p><strong>Ajoutez les bienfaits des panneaux acoustiques\u00a0<a href=\"https:\/\/feltkutur.com\/fr\/panneau-acoustique-duotex\/\">D\u00fcotex <\/a>\u00e0 votre design!<\/strong><\/p>\n\t\t\t\t<img decoding=\"async\" src=\"https:\/\/feltkutur.com\/wp-content\/uploads\/alkegen-installation-3-scaled.jpg\" alt=\"alkegen installation-3\" itemprop=\"image\" height=\"1707\" width=\"2560\" title=\"alkegen installation-3\" onerror=\"this.style.display='none'\"  \/>\n\t\t\t\t<img decoding=\"async\" src=\"https:\/\/feltkutur.com\/wp-content\/uploads\/alkegen-installation-5-scaled.jpg\" alt=\"alkegen installation-5\" itemprop=\"image\" height=\"1707\" width=\"2560\" title=\"alkegen installation-5\" onerror=\"this.style.display='none'\"  \/>\n\t\t\t\t<img decoding=\"async\" src=\"https:\/\/feltkutur.com\/wp-content\/uploads\/alkegen-installation-4-scaled.jpg\" alt=\"alkegen installation-4\" itemprop=\"image\" height=\"1707\" width=\"2560\" title=\"alkegen installation-4\" onerror=\"this.style.display='none'\"  \/>\n\t<p>Fabriqu\u00e9s \u00e0 partir de fibres de polyester recyclables,\u00a0les panneaux<a href=\"https:\/\/feltkutur.com\/fr\/panneaux-acoustiques-duotex\/\"><strong> D\u00fcotex<\/strong><\/a> sont tr\u00e8s efficaces en mati\u00e8re d&#8217;isolation phonique. La composition flexible des panneaux permet en effet d&#8217;absorber au mieux les sons de diff\u00e9rentes fr\u00e9quences.\u00a0 Les performances acoustiques sont modulables selon leurs dispositions. Le <a href=\"https:\/\/feltkutur.com\/fr\/panneaux-acoustiques-duotex\/\"><strong>D\u00fcotex<\/strong><\/a> est disponible en 6.4mm ou en 12.7mm.<\/p>\n<p>Mais ce n&#8217;est pas tout\u00a0: le m\u00e9lange de diff\u00e9rentes fibres leur conf\u00e8re une surface tout \u00e0 fait caract\u00e9ristique. Vous b\u00e9n\u00e9ficiez ainsi de panneaux en feutre acoustique efficaces et styl\u00e9s.<\/p>\n<p>N&#8217;h\u00e9sitez pas \u00e0 d\u00e9buter votre projet en contactant l&#8217;un de nos <a href=\"https:\/\/feltkutur.com\/fr\/trouver-un-distributeur\/\"><strong>distributeurs<\/strong><\/a>!<\/p>\n\t\t\t\t<img decoding=\"async\" src=\"https:\/\/feltkutur.com\/wp-content\/uploads\/alkegen-installation-1-scaled.jpg\" alt=\"alkegen installation-1\" itemprop=\"image\" height=\"1707\" width=\"2560\" title=\"alkegen installation-1\" onerror=\"this.style.display='none'\"  \/>\n\t\t\t\t<img decoding=\"async\" src=\"https:\/\/feltkutur.com\/wp-content\/uploads\/alkegen-installation-2-scaled.jpg\" alt=\"alkegen installation-2\" itemprop=\"image\" height=\"1707\" width=\"2560\" title=\"alkegen installation-2\" onerror=\"this.style.display='none'\"  \/>\n\t\t\t\t<img decoding=\"async\" src=\"https:\/\/feltkutur.com\/wp-content\/uploads\/PHOTO-CAF_V01-1.jpg\" alt=\"PHOTO CAF_V01\" itemprop=\"image\" height=\"658\" width=\"1201\" title=\"PHOTO CAF_V01\" onerror=\"this.style.display='none'\"  \/>\n\n","protected":false},"excerpt":{"rendered":"<p>LE DESIGN DE LA CAF\u00c9T\u00c9RIA CHEZ ALKEGEN-CANADA Alkegen a fait l&#8217;acquisition d&#8217;une compagnie au Canada afin de soutenir sa strat\u00e9gie de croissance. Cette acquisition permet \u00e0 la compagnie d&#8217;augmenter leur \u00e9ventail de produits rendu disponible \u00e0 leur client\u00e8le r\u00e9guli\u00e8re et potentielle. Afin de mettre l&#8217;empreinte\u00a0Alkegen \u00a0dans leur \u00e9tablissement au Canada, l&#8217;\u00e9quipe de design Feltk\u00fctur a [&#8230;]<\/p>\n<p><a class=\"btn btn-secondary understrap-read-more-link\" href=\"https:\/\/feltkutur.com\/fr\/panneaux-acoustiques-cafeteria\/\">Read More&#8230;<\/a><\/p>\n","protected":false},"author":1,"featured_media":0,"parent":0,"menu_order":0,"comment_status":"closed","ping_status":"closed","template":"","meta":{"_seopress_robots_primary_cat":"","_seopress_titles_title":"","_seopress_titles_desc":"","_seopress_robots_index":"","footnotes":""},"class_list":["post-5048","page","type-page","status-publish"],"_links":{"self":[{"href":"https:\/\/feltkutur.com\/fr\/wp-json\/wp\/v2\/pages\/5048","targetHints":{"allow":["GET"]}}],"collection":[{"href":"https:\/\/feltkutur.com\/fr\/wp-json\/wp\/v2\/pages"}],"about":[{"href":"https:\/\/feltkutur.com\/fr\/wp-json\/wp\/v2\/types\/page"}],"author":[{"embeddable":true,"href":"https:\/\/feltkutur.com\/fr\/wp-json\/wp\/v2\/users\/1"}],"replies":[{"embeddable":true,"href":"https:\/\/feltkutur.com\/fr\/wp-json\/wp\/v2\/comments?post=5048"}],"version-history":[{"count":0,"href":"https:\/\/feltkutur.com\/fr\/wp-json\/wp\/v2\/pages\/5048\/revisions"}],"wp:attachment":[{"href":"https:\/\/feltkutur.com\/fr\/wp-json\/wp\/v2\/media?parent=5048"}],"curies":[{"name":"wp","href":"https:\/\/api.w.org\/{rel}","templated":true}]}}