{"id":5031,"date":"2022-09-02T10:11:16","date_gmt":"2022-09-02T14:11:16","guid":{"rendered":"https:\/\/feltkutur.com\/pune-project-panneaux-acoustiques\/"},"modified":"2022-09-02T10:54:37","modified_gmt":"2022-09-02T14:54:37","slug":"pune-project-panneaux-acoustiques","status":"publish","type":"page","link":"https:\/\/feltkutur.com\/fr\/pune-project-panneaux-acoustiques\/","title":{"rendered":"Pune project &#8211; panneaux acoustiques"},"content":{"rendered":"\n<h1>\n\t\tLe \u00ab making of \u00bb du projet des bureaux de Pune en Inde\n\t<\/h1>\n\t<p>Mener un projet du tout d\u00e9but jusqu&#8217;au succ\u00e8s est important et demande plusieurs analyses. Dans l&#8217;industrie du design, il est tr\u00e8s important de reconna\u00eetre que les pr\u00e9f\u00e9rences et les besoins des clients changent constamment, tout comme les march\u00e9s. Si nous voulons d\u00e9crocher de nouveaux contrats, nous devons nous adapter \u00e0 ces changements et livrer ce qui est attendu de nous.<\/p>\n\t<p>Une de ces choses est l&#8217;image de rendu du design d&#8217;int\u00e9rieur. Soutenues par des technologies abordables, tant au niveau des logiciels que du mat\u00e9riel, les images de rendu ne sont plus r\u00e9serv\u00e9es qu&#8217;aux grandes entreprises de conception. Aujourd&#8217;hui, il devient une norme d&#8217;offrir une image de rendu \u00e0 vos clients.<\/p>\n<p>\u00a0<\/p>\n\t\t\t<img decoding=\"async\" loading='false' src=\"https:\/\/feltkutur.com\/wp-content\/uploads\/Project-INDIA-hanging-screen-2-.jpg\" alt=\"\" \/>\t\t\t\n\t\t\t<img decoding=\"async\" loading='false' src=\"https:\/\/feltkutur.com\/wp-content\/uploads\/ALKEGEN-Aundh-Pune-012-S-1.jpg\" alt=\"\" \/>\t\t\t\n\t<p>Chaque projet en design d&#8217;int\u00e9rieur commence avec une approbation. Une fois que vous avez termin\u00e9 la conception initiale, vous devez contacter le client et obtenir un feu vert avant de pouvoir continuer. Par rapport \u00e0 toute autre m\u00e9thode, le rendu est le gagnant ultime dans les cat\u00e9gories d&#8217;efficacit\u00e9 et de convivialit\u00e9 des ressources.<\/p>\n<p>Le processus d&#8217;approbation avec les images de rendu est non seulement rapide, mais aussi facile. M\u00eame si vous n&#8217;obtenez pas l&#8217;approbation, vous pourrez apporter les changements tr\u00e8s rapidement et passer \u00e0 la prochaine \u00e9tape d&#8217;approbation. Les rendus augmentent consid\u00e9rablement la vitesse de d\u00e9veloppement des projets de design d&#8217;int\u00e9rieur. Encore une autre raison pour qu&#8217;il devienne une norme.<\/p>\n\t\t\t<img decoding=\"async\" loading='false' src=\"https:\/\/feltkutur.com\/wp-content\/uploads\/Image1-1.png\" alt=\"\" \/>\t\t\t\n\t\t\t<img decoding=\"async\" loading='false' src=\"https:\/\/feltkutur.com\/wp-content\/uploads\/ALKEGEN-Aundh-Pune-018-S.jpg\" alt=\"\" \/>\t\t\t\n\t\t\t<img decoding=\"async\" loading='false' src=\"https:\/\/feltkutur.com\/wp-content\/uploads\/Project-INDIA-private-office.jpg\" alt=\"\" \/>\t\t\t\n\t\t\t<img decoding=\"async\" loading='false' src=\"https:\/\/feltkutur.com\/wp-content\/uploads\/ALKEGEN-Aundh-Pune-030-S.jpg\" alt=\"\" \/>\t\t\t\n\t<p>La possibilit\u00e9 de d\u00e9couper des panneaux acoustiques comme le <strong><a href=\"https:\/\/feltkutur.com\/fr\/panneaux-acoustiques-duotex\/\">D\u00fcotex<\/a><\/strong>, a permis \u00e0 Feltk\u00fctur de prosp\u00e9rer dans la cr\u00e9ation de projets innovants. Nous misons sur la combinaison du meilleur des deux mondes, la cr\u00e9ation et l&#8217;innovation. Notre mission premi\u00e8re est de donner vie aux diff\u00e9rents projets d&#8217;architectes et de designers.<\/p>\n\t\t\t<img decoding=\"async\" loading='false' src=\"https:\/\/feltkutur.com\/wp-content\/uploads\/Project-INDIA-private-green.jpg\" alt=\"\" \/>\t\t\t\n\t\t\t<img decoding=\"async\" loading='false' src=\"https:\/\/feltkutur.com\/wp-content\/uploads\/Image4.png\" alt=\"\" \/>\t\t\t\n\t\t\t<img decoding=\"async\" loading='false' src=\"https:\/\/feltkutur.com\/wp-content\/uploads\/ALKEGEN-Aundh-Pune-040-S.jpg\" alt=\"\" \/>\t\t\t\n\t\t\t<img decoding=\"async\" loading='false' src=\"https:\/\/feltkutur.com\/wp-content\/uploads\/Project-INDIA-CAFETERIA.jpg\" alt=\"\" \/>\t\t\t\n\t\t\t<img decoding=\"async\" loading='false' src=\"https:\/\/feltkutur.com\/wp-content\/uploads\/Image3.png\" alt=\"\" \/>\t\t\t\n\t\t\t<img decoding=\"async\" loading='false' src=\"https:\/\/feltkutur.com\/wp-content\/uploads\/ALKEGEN-Aundh-Pune-048-S-e1661177268883.jpg\" alt=\"\" \/>\t\t\t\n<h2>\n\t\tFELTK\u00dcTUR LANCERA UN CONFIGURATEUR 3D\n\t<\/h2>\n\tL&#8217;outil de configuration permettra aux architectes et aux concepteurs d&#8217;explorer un nombre infini d&#8217;options en termes de tuiles acoustiques et de plafonniers acoustiques. L&#8217;outil permettra de jouer facilement avec diff\u00e9rentes dimensions et diff\u00e9rents styles de panneaux acoustiques qui pourraient fonctionner et s&#8217;agencer dans votre environnement.<br \/>\n\n<p>En addition, il fournira \u00e9galement une estimation th\u00e9orique acoustique indiquant combien de tuiles, par exemple, vous pourriez avoir besoin pour atteindre le confort sonore d&#8217;un environnement sp\u00e9cifique.<\/p>\n<p>&nbsp;<\/p>\n<p>\u00a0<\/p>\n\n","protected":false},"excerpt":{"rendered":"<p>Le \u00ab making of \u00bb du projet des bureaux de Pune en Inde Mener un projet du tout d\u00e9but jusqu&#8217;au succ\u00e8s est important et demande plusieurs analyses. Dans l&#8217;industrie du design, il est tr\u00e8s important de reconna\u00eetre que les pr\u00e9f\u00e9rences et les besoins des clients changent constamment, tout comme les march\u00e9s. Si nous voulons d\u00e9crocher [&#8230;]<\/p>\n<p><a class=\"btn btn-secondary understrap-read-more-link\" href=\"https:\/\/feltkutur.com\/fr\/pune-project-panneaux-acoustiques\/\">Read More&#8230;<\/a><\/p>\n","protected":false},"author":1,"featured_media":0,"parent":0,"menu_order":0,"comment_status":"closed","ping_status":"closed","template":"","meta":{"_seopress_robots_primary_cat":"","_seopress_titles_title":"","_seopress_titles_desc":"","_seopress_robots_index":"","footnotes":""},"class_list":["post-5031","page","type-page","status-publish"],"_links":{"self":[{"href":"https:\/\/feltkutur.com\/fr\/wp-json\/wp\/v2\/pages\/5031","targetHints":{"allow":["GET"]}}],"collection":[{"href":"https:\/\/feltkutur.com\/fr\/wp-json\/wp\/v2\/pages"}],"about":[{"href":"https:\/\/feltkutur.com\/fr\/wp-json\/wp\/v2\/types\/page"}],"author":[{"embeddable":true,"href":"https:\/\/feltkutur.com\/fr\/wp-json\/wp\/v2\/users\/1"}],"replies":[{"embeddable":true,"href":"https:\/\/feltkutur.com\/fr\/wp-json\/wp\/v2\/comments?post=5031"}],"version-history":[{"count":0,"href":"https:\/\/feltkutur.com\/fr\/wp-json\/wp\/v2\/pages\/5031\/revisions"}],"wp:attachment":[{"href":"https:\/\/feltkutur.com\/fr\/wp-json\/wp\/v2\/media?parent=5031"}],"curies":[{"name":"wp","href":"https:\/\/api.w.org\/{rel}","templated":true}]}}