{"id":5013,"date":"2022-08-29T09:49:11","date_gmt":"2022-08-29T13:49:11","guid":{"rendered":"https:\/\/feltkutur.com\/confort-acoustique\/"},"modified":"2022-08-29T09:56:32","modified_gmt":"2022-08-29T13:56:32","slug":"confort-acoustique","status":"publish","type":"page","link":"https:\/\/feltkutur.com\/fr\/confort-acoustique\/","title":{"rendered":"Confort acoustique"},"content":{"rendered":"\n<h1>\n\t\tFavoriser le bien-\u00eatre gr\u00e2ce au confort acoustique\n\t<\/h1>\n\n\t<p>Notre distributeur <strong><a href=\"https:\/\/emblm.com\/produit\/panneaux-de-feutre\/\">EMBLM<\/a><\/strong> et la <a href=\"https:\/\/www.cliniqueevolution.com\/\"><strong>Clinique \u00c9volution<\/strong><\/a>, situ\u00e9e \u00e0 Qu\u00e9bec, ont r\u00e9cemment travaill\u00e9 ensemble afin d&#8217;offrir \u00e0 la client\u00e8le de la clinique de psychologie, un espace o\u00f9 retrouver l&#8217;\u00e9quilibre est une priorit\u00e9. Depuis 2012, la <a href=\"https:\/\/www.cliniqueevolution.com\/\"><strong>Clinique \u00c9volution<\/strong><\/a> offre de nombreux services comme une \u00e9valuation psychologique, neuropsychologique, un suivi individuel ou en couple, un suivi familial\u00a0 et des conseils en orientation.<\/p>\n<p>\u00c9volution, ayant \u00e0 c\u0153ur le bien-\u00eatre et partageant le d\u00e9sir de vouloir aider les autres dans un environnement respectueux de tous et chacun, avait le d\u00e9sir de rajouter un confort acoustique dans les pi\u00e8ces de consultation. En s\u00e9lectionnant notre produit <a href=\"https:\/\/feltkutur.com\/fr\/tekboard-studio\/\"><strong>Tekboard Studio<\/strong><\/a> sur les murs des salles de consultation, les intervenants et utilisateurs ont tous vu l&#8217;effet apaisant et confortant que les <a href=\"https:\/\/feltkutur.com\/fr\/panneaux-acoustiques\/\"><strong>panneaux acoustiques<\/strong><\/a> ont \u00e0 offrir.<\/p>\n<h2>\n\t\tLA TECHNOLOGIE\n\t<\/h2>\n\t<p>La technologie des panneaux acoustiques <strong><a href=\"https:\/\/feltkutur.com\/fr\/technologie-tekboard\/\">Tekboard <\/a><\/strong>permet la combinaison de propri\u00e9t\u00e9s structurelles et acoustiques. En effet, sa structure en nids d&#8217;abeille comparable aux alv\u00e9oles d&#8217;abeille sert \u00e0 renforcer la r\u00e9sistance d&#8217;un \u00e9l\u00e9ment tout en garantissant une l\u00e9g\u00e8ret\u00e9 maximale. Ces alv\u00e9oles permettent \u00e9galement de garantir un espace d&#8217;air qui amplifie les propri\u00e9t\u00e9s acoustiques du composite. Que ce soit pour la fabrication de lames acoustiques, cabines de relaxation, cabines t\u00e9l\u00e9phoniques, panneaux diviseurs ou mobiliers de bureau, le <strong>Tekboard<\/strong> est une solution id\u00e9ale.<\/p>\n\t\t\t\t<img decoding=\"async\" src=\"https:\/\/feltkutur.com\/wp-content\/uploads\/Image1.png\" alt=\"Image1\" itemprop=\"image\" height=\"254\" width=\"238\" title=\"Image1\" onerror=\"this.style.display='none'\"  \/>\n<h2>\n\t\tUN TRAVAIL DE COLLABORATION\n\t<\/h2>\n\t<p>C&#8217;est gr\u00e2ce aux bons conseils de Marjorie, Charg\u00e9e de comptes chez EMBLM, qui a assur\u00e9 une bonne s\u00e9lection des produits des<a href=\"https:\/\/feltkutur.com\/fr\/inspirations-acoustiques\/\"> <strong>collections de panneaux acoustiques Feltk\u00fctur<\/strong><\/a> pour combler les besoins sp\u00e9cifiques aux environnements s\u00e9lectionn\u00e9s par son client.<\/p>\n\n","protected":false},"excerpt":{"rendered":"<p>Favoriser le bien-\u00eatre gr\u00e2ce au confort acoustique Notre distributeur EMBLM et la Clinique \u00c9volution, situ\u00e9e \u00e0 Qu\u00e9bec, ont r\u00e9cemment travaill\u00e9 ensemble afin d&#8217;offrir \u00e0 la client\u00e8le de la clinique de psychologie, un espace o\u00f9 retrouver l&#8217;\u00e9quilibre est une priorit\u00e9. Depuis 2012, la Clinique \u00c9volution offre de nombreux services comme une \u00e9valuation psychologique, neuropsychologique, un suivi [&#8230;]<\/p>\n<p><a class=\"btn btn-secondary understrap-read-more-link\" href=\"https:\/\/feltkutur.com\/fr\/confort-acoustique\/\">Read More&#8230;<\/a><\/p>\n","protected":false},"author":1,"featured_media":0,"parent":0,"menu_order":0,"comment_status":"closed","ping_status":"closed","template":"","meta":{"_seopress_robots_primary_cat":"","_seopress_titles_title":"","_seopress_titles_desc":"","_seopress_robots_index":"","footnotes":""},"class_list":["post-5013","page","type-page","status-publish"],"_links":{"self":[{"href":"https:\/\/feltkutur.com\/fr\/wp-json\/wp\/v2\/pages\/5013","targetHints":{"allow":["GET"]}}],"collection":[{"href":"https:\/\/feltkutur.com\/fr\/wp-json\/wp\/v2\/pages"}],"about":[{"href":"https:\/\/feltkutur.com\/fr\/wp-json\/wp\/v2\/types\/page"}],"author":[{"embeddable":true,"href":"https:\/\/feltkutur.com\/fr\/wp-json\/wp\/v2\/users\/1"}],"replies":[{"embeddable":true,"href":"https:\/\/feltkutur.com\/fr\/wp-json\/wp\/v2\/comments?post=5013"}],"version-history":[{"count":0,"href":"https:\/\/feltkutur.com\/fr\/wp-json\/wp\/v2\/pages\/5013\/revisions"}],"wp:attachment":[{"href":"https:\/\/feltkutur.com\/fr\/wp-json\/wp\/v2\/media?parent=5013"}],"curies":[{"name":"wp","href":"https:\/\/api.w.org\/{rel}","templated":true}]}}