{"id":4695,"date":"2022-06-27T15:05:37","date_gmt":"2022-06-27T19:05:37","guid":{"rendered":"https:\/\/feltkutur.com\/une-vague-de-nouveaute-pour-les-rideaux-acoustiques\/"},"modified":"2022-06-27T15:08:14","modified_gmt":"2022-06-27T19:08:14","slug":"une-vague-de-nouveaute-pour-les-rideaux-acoustiques","status":"publish","type":"page","link":"https:\/\/feltkutur.com\/fr\/une-vague-de-nouveaute-pour-les-rideaux-acoustiques\/","title":{"rendered":"Une vague de nouveaut\u00e9 pour les rideaux acoustiques!"},"content":{"rendered":"\n\n\t<h2><strong>Une vague de nouveaut\u00e9 pour les rideaux acoustiques!<br \/>\n<\/strong><\/h2>\n\t\t\t\t<img decoding=\"async\" src=\"https:\/\/feltkutur.com\/wp-content\/uploads\/DEVINCI.png\" alt=\"DEVINCI\" itemprop=\"image\" height=\"495\" width=\"743\" title=\"DEVINCI\" onerror=\"this.style.display='none'\"  \/>\n\t<h4>L&#8217;arriv\u00e9e de l&#8217;\u00e9t\u00e9 a \u00e9t\u00e9 inspirante pour l&#8217;\u00e9quipe Feltk\u00fctur. Une nouvelle collection s&#8217;ajoutera \u00e0 notre offre de produits acoustiques. Apr\u00e8s plusieurs discussions avec nos clients, nous avons cr\u00e9\u00e9 une gamme de produits servant \u00e0 d\u00e9limiter les espaces. Que ce soit pour des besoins esth\u00e9tiques ou acoustiques, elle saura se marier \u00e0 votre d\u00e9cor. Restez \u00e0 l&#8217;aff\u00fbt, le lancement est planifi\u00e9 prochainement!<\/h4>\n<h2><strong>\u00a0<\/strong><\/h2>\n<p>&nbsp;<\/p>\n\t<h4>Cette nouveaut\u00e9 est possible gr\u00e2ce \u00e0 notre partenaire\u00a0<a href=\"https:\/\/feltkutur.com\/fr\/lessard\/\"><strong>D\u00e9coupe Lessard<\/strong><\/a>. La designer Maryna a investi \u00e9norm\u00e9ment d&#8217;heures de travail pour fournir une aussi belle collection! Son talent artistique permet aux panneaux de feutre <a href=\"https:\/\/feltkutur.com\/fr\/panneaux-acoustiques-duotex\/\"><strong>D\u00fcotex\u00a0<\/strong><\/a>d&#8217;\u00eatre vus sous un tout nouveau concept! Les panneaux acoustiques marient fonctionnalit\u00e9 et design par leur double fonction; l&#8217;acoustique ainsi que diviseur d&#8217;espace.<\/h4>\n<p>\u00a0<\/p>\n<h4>Nous sommes f\u00e9briles \u00e0 l&#8217;id\u00e9e de vous pr\u00e9senter nos nouveaux mod\u00e8les acoustiques!<\/h4>\n<p>\u00a0<\/p>\n<h4><strong>Il ne reste que quelques semaines avant le grand d\u00e9voilement!<\/strong><\/h4>\n\t\t\t\t<img decoding=\"async\" src=\"https:\/\/feltkutur.com\/wp-content\/uploads\/GIOTTO.png\" alt=\"GIOTTO\" itemprop=\"image\" height=\"853\" width=\"705\" title=\"GIOTTO\" onerror=\"this.style.display='none'\"  \/>\n\t\t\t\t<img decoding=\"async\" src=\"https:\/\/feltkutur.com\/wp-content\/uploads\/VASARI.jpg\" alt=\"VASARI\" itemprop=\"image\" height=\"640\" width=\"480\" title=\"VASARI\" onerror=\"this.style.display='none'\"  \/>\n\n","protected":false},"excerpt":{"rendered":"<p>Une vague de nouveaut\u00e9 pour les rideaux acoustiques! L&#8217;arriv\u00e9e de l&#8217;\u00e9t\u00e9 a \u00e9t\u00e9 inspirante pour l&#8217;\u00e9quipe Feltk\u00fctur. Une nouvelle collection s&#8217;ajoutera \u00e0 notre offre de produits acoustiques. Apr\u00e8s plusieurs discussions avec nos clients, nous avons cr\u00e9\u00e9 une gamme de produits servant \u00e0 d\u00e9limiter les espaces. Que ce soit pour des besoins esth\u00e9tiques ou acoustiques, elle [&#8230;]<\/p>\n<p><a class=\"btn btn-secondary understrap-read-more-link\" href=\"https:\/\/feltkutur.com\/fr\/une-vague-de-nouveaute-pour-les-rideaux-acoustiques\/\">Read More&#8230;<\/a><\/p>\n","protected":false},"author":1,"featured_media":0,"parent":0,"menu_order":0,"comment_status":"closed","ping_status":"closed","template":"","meta":{"_seopress_robots_primary_cat":"","_seopress_titles_title":"","_seopress_titles_desc":"","_seopress_robots_index":"","footnotes":""},"class_list":["post-4695","page","type-page","status-publish"],"_links":{"self":[{"href":"https:\/\/feltkutur.com\/fr\/wp-json\/wp\/v2\/pages\/4695","targetHints":{"allow":["GET"]}}],"collection":[{"href":"https:\/\/feltkutur.com\/fr\/wp-json\/wp\/v2\/pages"}],"about":[{"href":"https:\/\/feltkutur.com\/fr\/wp-json\/wp\/v2\/types\/page"}],"author":[{"embeddable":true,"href":"https:\/\/feltkutur.com\/fr\/wp-json\/wp\/v2\/users\/1"}],"replies":[{"embeddable":true,"href":"https:\/\/feltkutur.com\/fr\/wp-json\/wp\/v2\/comments?post=4695"}],"version-history":[{"count":0,"href":"https:\/\/feltkutur.com\/fr\/wp-json\/wp\/v2\/pages\/4695\/revisions"}],"wp:attachment":[{"href":"https:\/\/feltkutur.com\/fr\/wp-json\/wp\/v2\/media?parent=4695"}],"curies":[{"name":"wp","href":"https:\/\/api.w.org\/{rel}","templated":true}]}}