{"id":4621,"date":"2022-05-30T07:50:03","date_gmt":"2022-05-30T11:50:03","guid":{"rendered":"https:\/\/feltkutur.com\/hochelaga\/"},"modified":"2022-05-30T07:55:52","modified_gmt":"2022-05-30T11:55:52","slug":"hochelaga","status":"publish","type":"page","link":"https:\/\/feltkutur.com\/fr\/hochelaga\/","title":{"rendered":"HOCHELAGA"},"content":{"rendered":"\n<h1>\n\t\tCOLLECTION HARMONIE\n\t<\/h1>\n<h2>\n\t\tHOCHELAGA\n\t<\/h2>\n\t<p>Le design innovateur du mod\u00e8le Hochelaga est maintenant disponible parmi la s\u00e9lection de la collection de tuiles acoustiques Harmonie, de Feltk\u00fctur.<\/p>\n\t\t\t<img decoding=\"async\" loading='false' src=\"https:\/\/feltkutur.com\/wp-content\/uploads\/1-7-scaled.jpg\" alt=\"\" \/>\t\t\t\n\t\n<p>Les diff\u00e9rentes formes composant le mod\u00e8le Hochelaga est un assemblage de lignes courb\u00e9es. Elles donnent l&#8217;effet de r\u00e9confort, de convivialit\u00e9 et donnent un sentiment de sensualit\u00e9 et d&#8217;amour. Les formes rondes sugg\u00e8rent la communaut\u00e9, l&#8217;int\u00e9grit\u00e9 et la perfection.<\/p>\n\t\t\t\t<img decoding=\"async\" src=\"https:\/\/feltkutur.com\/wp-content\/uploads\/2-7.jpg\" alt=\"Hochelaga2\" itemprop=\"image\" height=\"386\" width=\"858\" title=\"Hochelaga2\" onerror=\"this.style.display='none'\"  \/>\n\t<strong>Les couleurs<br \/>\n<\/strong>\n<p>L&#8217;agencement de couleurs du mod\u00e8le Hochelaga pr\u00e9sente un contraste du bleu Saint-Georges et des deux couleurs beiges de la collection ; le Perc\u00e9 et le Woburn. Les couleurs beiges sont des couleurs d&#8217;int\u00e9rieur populaires car elles nous permettent d&#8217;accentuer d&#8217;autres \u00e9l\u00e9ments de la pi\u00e8ce. En termes de design d&#8217;int\u00e9rieur, on attribue \u00e0 la couleur bleue des avantages telles que la puret\u00e9 et la paix.<\/p>\n\t\t\t\t<img decoding=\"async\" src=\"https:\/\/feltkutur.com\/wp-content\/uploads\/Bleu-St-Georges-photo-finale-scaled.jpg\" alt=\"Bleu St-Georges-photo-finale\" itemprop=\"image\" height=\"1707\" width=\"2560\" title=\"Bleu St-Georges-photo-finale\" onerror=\"this.style.display='none'\"  \/>\n\t\t\t\t<img decoding=\"async\" src=\"https:\/\/feltkutur.com\/wp-content\/uploads\/Tan-Perce-photo-finale-1-scaled.jpg\" alt=\"Tan Perc\u00e9-photo-finale\" itemprop=\"image\" height=\"1707\" width=\"2560\" title=\"Tan Perc\u00e9-photo-finale\" onerror=\"this.style.display='none'\"  \/>\n\t\t\t\t<img decoding=\"async\" src=\"https:\/\/feltkutur.com\/wp-content\/uploads\/Woburn-photo-finale-scaled.jpg\" alt=\"Woburn-photo-finale\" itemprop=\"image\" height=\"1707\" width=\"2560\" title=\"Woburn-photo-finale\" onerror=\"this.style.display='none'\"  \/>\n\t\n<p>Nos mod\u00e8les de tuiles acoustiques aident \u00e0 att\u00e9nuer l&#8217;\u00e9cho dans l&#8217;environnement. L&#8217;ensemble \u00e9tant compos\u00e9 de deux \u00e9paisseurs, 6.4mm et 12.7mm, celles-ci construisent des obstacles dans le chemin du son et tendent \u00e0 diminuer sa force.<\/p>\n\t<p>Pour d\u00e9couvrir l&#8217;enti\u00e8re collection et les d\u00e9tails techniques: <strong><a href=\"https:\/\/feltkutur.com\/fr\/collection-harmonie\/\">Collection Harmonie<\/a><\/strong>.<\/p>\n\t<h1><a href=\"https:\/\/feltkutur.com\/wp-content\/uploads\/Brochure-Harmonie-Fr-VF-web.pdf\">COLLECTION harmonie &#8211; BROCHURE<\/a><\/h1>\n\n","protected":false},"excerpt":{"rendered":"<p>COLLECTION HARMONIE HOCHELAGA Le design innovateur du mod\u00e8le Hochelaga est maintenant disponible parmi la s\u00e9lection de la collection de tuiles acoustiques Harmonie, de Feltk\u00fctur. Les diff\u00e9rentes formes composant le mod\u00e8le Hochelaga est un assemblage de lignes courb\u00e9es. Elles donnent l&#8217;effet de r\u00e9confort, de convivialit\u00e9 et donnent un sentiment de sensualit\u00e9 et d&#8217;amour. Les formes rondes [&#8230;]<\/p>\n<p><a class=\"btn btn-secondary understrap-read-more-link\" href=\"https:\/\/feltkutur.com\/fr\/hochelaga\/\">Read More&#8230;<\/a><\/p>\n","protected":false},"author":1,"featured_media":0,"parent":0,"menu_order":0,"comment_status":"closed","ping_status":"closed","template":"","meta":{"_seopress_robots_primary_cat":"","_seopress_titles_title":"","_seopress_titles_desc":"","_seopress_robots_index":"","footnotes":""},"class_list":["post-4621","page","type-page","status-publish"],"_links":{"self":[{"href":"https:\/\/feltkutur.com\/fr\/wp-json\/wp\/v2\/pages\/4621","targetHints":{"allow":["GET"]}}],"collection":[{"href":"https:\/\/feltkutur.com\/fr\/wp-json\/wp\/v2\/pages"}],"about":[{"href":"https:\/\/feltkutur.com\/fr\/wp-json\/wp\/v2\/types\/page"}],"author":[{"embeddable":true,"href":"https:\/\/feltkutur.com\/fr\/wp-json\/wp\/v2\/users\/1"}],"replies":[{"embeddable":true,"href":"https:\/\/feltkutur.com\/fr\/wp-json\/wp\/v2\/comments?post=4621"}],"version-history":[{"count":0,"href":"https:\/\/feltkutur.com\/fr\/wp-json\/wp\/v2\/pages\/4621\/revisions"}],"wp:attachment":[{"href":"https:\/\/feltkutur.com\/fr\/wp-json\/wp\/v2\/media?parent=4621"}],"curies":[{"name":"wp","href":"https:\/\/api.w.org\/{rel}","templated":true}]}}