{"id":4608,"date":"2022-05-20T10:21:39","date_gmt":"2022-05-20T14:21:39","guid":{"rendered":"https:\/\/feltkutur.com\/5th-anniversary\/"},"modified":"2022-07-29T11:34:47","modified_gmt":"2022-07-29T15:34:47","slug":"5th-anniversary","status":"publish","type":"page","link":"https:\/\/feltkutur.com\/fr\/5th-anniversary\/","title":{"rendered":"5 ans d&#8217;anniversaire"},"content":{"rendered":"\n<h2>\n\t\tEn ce moi de mai, Feltk\u00fctur f\u00eate ses 5ans!\n\t<\/h2>\n\tCes 5 derni\u00e8res ann\u00e9es ont permis \u00e0 la marque de commerce de bien se positionner dans le march\u00e9 des panneaux acoustiques design. C&#8217;est gr\u00e2ce aux sp\u00e9cificateurs, architectes, designeurs, \u00e0 nos distributeurs <a href=\"https:\/\/emblm.com\/produit\/panneaux-de-feutre\/\"><strong>EMBLM<\/strong><\/a>, et <strong><a href=\"https:\/\/www.richelieu.com\/ca\/fr\/categorie\/surfaces-panneaux-et-bandes-de-chant\/panneaux-acoustiques\/1201199?setlang=1\">Richelieu<\/a>,<\/strong> ainsi qu&#8217;\u00e0 nos partenaires <a href=\"https:\/\/feltkutur.com\/fr\/lessard\/\"><strong>D\u00e9coupe Lessard<\/strong><\/a> et <strong><a href=\"https:\/\/panolite.com\/\">Panolite<\/a>,<\/strong> que <a href=\"https:\/\/feltkutur.com\/fr\/\"><strong>Feltk\u00fctur<\/strong><\/a> est maintenant une r\u00e9f\u00e9rence pour toutes demandes acoustiques.&nbsp; <br>\n\n\t<p>Le monde du travail est en constante \u00e9volution et Feltk\u00fctur r\u00e9pond \u00e0 cette \u00e9volution en apportant des r\u00e9ponses concr\u00e8tes en termes d&#8217;environnement de travail cr\u00e9atif, dynamique et flexible, tout en int\u00e9grant des solutions acoustiques.<\/p>\n\t<h3>La gamme de produits a grandement \u00e9volu\u00e9e depuis les touts d\u00e9buts. Le travail au niveau du d\u00e9veloppement des panneaux acoustiques a pris pr\u00e8s de 3 ans avant de faire le lancement des produits. Apr\u00e8s ces ann\u00e9es de travail en recherche et d\u00e9veloppement, le marque a officiellement \u00e9t\u00e9 lanc\u00e9e le 14 mai 2017. Tout en d\u00e9butant dans le march\u00e9 acoustique, le d\u00e9veloppement et les demandes clients ont toujours \u00e9t\u00e9 au c\u0153ur de nos discussions afin de faire \u00e9voluer l&#8217;offre de produits et de services!<\/h3>\n<h4>&nbsp;<\/h4>\n\t<p>Aujourd&#8217;hui, <a href=\"https:\/\/feltkutur.com\/fr\/\"><strong>Feltk\u00fctur<\/strong><\/a> offre plusieurs produits de base comme le <strong><a href=\"https:\/\/feltkutur.com\/fr\/panneaux-acoustiques-duotex\/\">D\u00fcotex<\/a><\/strong>, le <strong><a href=\"https:\/\/feltkutur.com\/fr\/panneaux-acoustiques-tekboard\/\">Tekboard<\/a><\/strong>, le <a href=\"https:\/\/feltkutur.com\/fr\/panneaux-acoustiques-duotex-tahmea\/\"><strong>D\u00fcotex Tahmea<\/strong><\/a> et le <a href=\"https:\/\/feltkutur.com\/fr\/panneaux-acoustiques-feltvari\/\"><strong>Feltv\u00e4ri<\/strong><\/a>. C&#8217;est au courant des deux derni\u00e8res ann\u00e9es que les collections de plafonniers acoustiques <a href=\"https:\/\/feltkutur.com\/fr\/collection-constellation\/\"><strong>Constellation<\/strong><\/a> et <a href=\"https:\/\/feltkutur.com\/fr\/tekboard-beam\/\"><strong>Tekboard Beam<\/strong><\/a>, de panneaux muraux <a href=\"https:\/\/feltkutur.com\/fr\/tekboard-studio\/\"><strong>Tekboard Studio<\/strong><\/a> ainsi que les tuiles acoustiques des collections <a href=\"https:\/\/feltkutur.com\/fr\/collection-gaia\/\"><strong>Ga\u00efa<\/strong><\/a> et <a href=\"https:\/\/feltkutur.com\/fr\/collection-harmonie\/\"><strong>Harmonie<\/strong> <\/a>ont \u00e9t\u00e9 cr\u00e9\u00e9s.<\/p>\n<p>N&#8217;h\u00e9sitez pas \u00e0 communiquer avec l&#8217;un de nos <a href=\"https:\/\/feltkutur.com\/fr\/trouver-un-distributeur\/\"><strong>distributeurs<\/strong><\/a> pour tous vos projets!<\/p>\n<p>&nbsp;<\/p>\n","protected":false},"excerpt":{"rendered":"<p>En ce moi de mai, Feltk\u00fctur f\u00eate ses 5ans! Ces 5 derni\u00e8res ann\u00e9es ont permis \u00e0 la marque de commerce de bien se positionner dans le march\u00e9 des panneaux acoustiques design. C&#8217;est gr\u00e2ce aux sp\u00e9cificateurs, architectes, designeurs, \u00e0 nos distributeurs EMBLM, et Richelieu, ainsi qu&#8217;\u00e0 nos partenaires D\u00e9coupe Lessard et Panolite, que Feltk\u00fctur est maintenant [&#8230;]<\/p>\n<p><a class=\"btn btn-secondary understrap-read-more-link\" href=\"https:\/\/feltkutur.com\/fr\/5th-anniversary\/\">Read More&#8230;<\/a><\/p>\n","protected":false},"author":1,"featured_media":0,"parent":0,"menu_order":0,"comment_status":"closed","ping_status":"closed","template":"","meta":{"_seopress_robots_primary_cat":"","_seopress_titles_title":"","_seopress_titles_desc":"","_seopress_robots_index":"","footnotes":""},"class_list":["post-4608","page","type-page","status-publish"],"_links":{"self":[{"href":"https:\/\/feltkutur.com\/fr\/wp-json\/wp\/v2\/pages\/4608","targetHints":{"allow":["GET"]}}],"collection":[{"href":"https:\/\/feltkutur.com\/fr\/wp-json\/wp\/v2\/pages"}],"about":[{"href":"https:\/\/feltkutur.com\/fr\/wp-json\/wp\/v2\/types\/page"}],"author":[{"embeddable":true,"href":"https:\/\/feltkutur.com\/fr\/wp-json\/wp\/v2\/users\/1"}],"replies":[{"embeddable":true,"href":"https:\/\/feltkutur.com\/fr\/wp-json\/wp\/v2\/comments?post=4608"}],"version-history":[{"count":0,"href":"https:\/\/feltkutur.com\/fr\/wp-json\/wp\/v2\/pages\/4608\/revisions"}],"wp:attachment":[{"href":"https:\/\/feltkutur.com\/fr\/wp-json\/wp\/v2\/media?parent=4608"}],"curies":[{"name":"wp","href":"https:\/\/api.w.org\/{rel}","templated":true}]}}