{"id":4534,"date":"2022-05-02T07:34:57","date_gmt":"2022-05-02T11:34:57","guid":{"rendered":"https:\/\/feltkutur.com\/kenogami\/"},"modified":"2022-05-02T07:46:36","modified_gmt":"2022-05-02T11:46:36","slug":"kenogami","status":"publish","type":"page","link":"https:\/\/feltkutur.com\/fr\/kenogami\/","title":{"rendered":"Kenogami"},"content":{"rendered":"\n<h1>\n\t\tCOLLECTION HARMONIE\n\t<\/h1>\n<h2>\n\t\tKENOGAMI\n\t<\/h2>\n\t<p>L&#8217;exceptionnel motif Kenogami de la collection de tuiles acoustiques murales est \u00e0 port\u00e9e de main, il fait partie de notre collection, Harmonie.<\/p>\n\t\t\t<img decoding=\"async\" loading='false' src=\"https:\/\/feltkutur.com\/wp-content\/uploads\/Kenogami1-1.jpg\" alt=\"\" \/>\t\t\t\n\t\t\t<img decoding=\"async\" loading='false' src=\"https:\/\/feltkutur.com\/wp-content\/uploads\/Kenogami2-1.jpg\" alt=\"\" \/>\t\t\t\n\t\nLe Kenogami est un ensemble de tuiles acoustiques feutr\u00e9es ajoutant plus d&#8217;int\u00e9r\u00eat visuel \u00e0 votre d\u00e9cor par ses formes asym\u00e9triques. Ce mod\u00e8le est parfait lorsque vous souhaitez attirer l&#8217;attention sur une caract\u00e9ristique de votre conception. Avec le mod\u00e8le Kenogami, l&#8217;espace sera plus d\u00e9contract\u00e9 et habit\u00e9 et par ce fait, il sera souvent pr\u00e9f\u00e9r\u00e9 dans les endroits o\u00f9 il y a davantage de circulation comme les les halls<br \/>\nd&#8217;entr\u00e9e, les r\u00e9ceptions, etc.\n\t\t\t\t<img decoding=\"async\" src=\"https:\/\/feltkutur.com\/wp-content\/uploads\/2-3.jpg\" alt=\"2\" itemprop=\"image\" height=\"693\" width=\"1264\" title=\"2\" onerror=\"this.style.display='none'\"  \/>\n\t<strong>Les applications sugg\u00e9r\u00e9es<br \/>\n<\/strong>\n<p>Il est possible de cr\u00e9er plusieurs mod\u00e8les avec l&#8217;ensemble de base Kenogami, la fiche technique du produit pr\u00e9sente des applications des plus simples au plus complexes. Selon le caract\u00e8re donn\u00e9 \u00e0 la zone, l&#8217;application des tuiles acoustiques <strong><a href=\"https:\/\/feltkutur.com\/fr\/panneaux-acoustiques-duotex-tahmea\/\">Tahmea<\/a> <\/strong>permet de se coller \u00e0 la ligne de cr\u00e9ativit\u00e9 donn\u00e9e \u00e0 l&#8217;environnement.<\/p>\n\t\t\t\t<img decoding=\"async\" src=\"https:\/\/feltkutur.com\/wp-content\/uploads\/Gris-Fermont-photo-finale-1-scaled.jpg\" alt=\"Gris Fermont-photo-finale\" itemprop=\"image\" height=\"1707\" width=\"2560\" title=\"Gris Fermont-photo-finale\" onerror=\"this.style.display='none'\"  \/>\n\t\t\t\t<img decoding=\"async\" src=\"https:\/\/feltkutur.com\/wp-content\/uploads\/Gris-St-Sebastien-photo-finale-2-scaled.jpg\" alt=\"Gris St-S\u00e9bastien-photo-finale\" itemprop=\"image\" height=\"1707\" width=\"2560\" title=\"Gris St-S\u00e9bastien-photo-finale\" onerror=\"this.style.display='none'\"  \/>\n\t\t\t\t<img decoding=\"async\" src=\"https:\/\/feltkutur.com\/wp-content\/uploads\/Gris-Westmont-photo-finale-scaled.jpg\" alt=\"Gris Westmont - photo-finale\" itemprop=\"image\" height=\"1707\" width=\"2560\" title=\"Gris Westmont - photo-finale\" onerror=\"this.style.display='none'\"  \/>\n\t\n<p>La dissipation de l&#8217;\u00e9nergie acoustique des surface irr\u00e9guli\u00e8res ne tient pas uniquement \u00e0 sa forme, mais elle d\u00e9pend \u00e9galement des propri\u00e9t\u00e9s de notre feutre acoustique <strong><a href=\"https:\/\/feltkutur.com\/fr\/panneaux-acoustiques-duotex\/\">D\u00fcotex<\/a><\/strong> (porosit\u00e9, r\u00e9sistivit\u00e9, etc.).<\/p>\n\t<p>Pour d\u00e9couvrir l&#8217;enti\u00e8re collection et les d\u00e9tails techniques: <a href=\"https:\/\/feltkutur.com\/fr\/collection-harmonie\/\"><strong>Collection Harmonie<\/strong><\/a>.<\/p>\n\t<h1><a href=\"https:\/\/feltkutur.com\/wp-content\/uploads\/Brochure-Harmonie-Fr-VF-web.pdf\">COLLECTION harmonie &#8211; BROCHURE<\/a><\/h1>\n\n","protected":false},"excerpt":{"rendered":"<p>COLLECTION HARMONIE KENOGAMI L&#8217;exceptionnel motif Kenogami de la collection de tuiles acoustiques murales est \u00e0 port\u00e9e de main, il fait partie de notre collection, Harmonie. Le Kenogami est un ensemble de tuiles acoustiques feutr\u00e9es ajoutant plus d&#8217;int\u00e9r\u00eat visuel \u00e0 votre d\u00e9cor par ses formes asym\u00e9triques. Ce mod\u00e8le est parfait lorsque vous souhaitez attirer l&#8217;attention sur [&#8230;]<\/p>\n<p><a class=\"btn btn-secondary understrap-read-more-link\" href=\"https:\/\/feltkutur.com\/fr\/kenogami\/\">Read More&#8230;<\/a><\/p>\n","protected":false},"author":1,"featured_media":0,"parent":0,"menu_order":0,"comment_status":"closed","ping_status":"closed","template":"","meta":{"_seopress_robots_primary_cat":"","_seopress_titles_title":"","_seopress_titles_desc":"","_seopress_robots_index":"","footnotes":""},"class_list":["post-4534","page","type-page","status-publish"],"_links":{"self":[{"href":"https:\/\/feltkutur.com\/fr\/wp-json\/wp\/v2\/pages\/4534","targetHints":{"allow":["GET"]}}],"collection":[{"href":"https:\/\/feltkutur.com\/fr\/wp-json\/wp\/v2\/pages"}],"about":[{"href":"https:\/\/feltkutur.com\/fr\/wp-json\/wp\/v2\/types\/page"}],"author":[{"embeddable":true,"href":"https:\/\/feltkutur.com\/fr\/wp-json\/wp\/v2\/users\/1"}],"replies":[{"embeddable":true,"href":"https:\/\/feltkutur.com\/fr\/wp-json\/wp\/v2\/comments?post=4534"}],"version-history":[{"count":0,"href":"https:\/\/feltkutur.com\/fr\/wp-json\/wp\/v2\/pages\/4534\/revisions"}],"wp:attachment":[{"href":"https:\/\/feltkutur.com\/fr\/wp-json\/wp\/v2\/media?parent=4534"}],"curies":[{"name":"wp","href":"https:\/\/api.w.org\/{rel}","templated":true}]}}