{"id":4506,"date":"2022-04-14T15:01:45","date_gmt":"2022-04-14T19:01:45","guid":{"rendered":"https:\/\/feltkutur.com\/oka\/"},"modified":"2022-04-14T15:17:25","modified_gmt":"2022-04-14T19:17:25","slug":"oka","status":"publish","type":"page","link":"https:\/\/feltkutur.com\/fr\/oka\/","title":{"rendered":"Oka"},"content":{"rendered":"\n<h1>\n\t\tCOLLECTION HARMONIE\n\t<\/h1>\n<h2>\n\t\tOKA\n\t<\/h2>\n\t<p>Le tout nouveau mod\u00e8le de tuiles acoustiques Oka, de la nouvelle collection Harmonie, de Feltk\u00fctur, est maintenant disponible.<\/p>\n\t\n<p>Les Grecs de l&#8217;Antiquit\u00e9 ont \u00e9t\u00e9 les premiers \u00e0 adopter le design g\u00e9om\u00e9trique dans leurs int\u00e9rieurs en raison de la fa\u00e7on dont il obtenait structure et s\u00e9r\u00e9nit\u00e9. Tout comme l&#8217;hexagone, certaines formes seront toujours plus extravagantes et innovantes. Faites l&#8217;exercice de disposer une forme hexagonale sur un mur de la pi\u00e8ce et vous remarquerez imm\u00e9diatement l&#8217;effet qu&#8217;elle a sur la personnalit\u00e9 d&#8217;un environnement.<\/p>\n\t\n<p>Le Oka \u00e9voque un sentiment de chaleur et de s\u00e9curit\u00e9, m\u00e9lang\u00e9 \u00e0 un sentiment de renouveau, de paix ainsi que de repos. Les couleurs des panneaux acoustiques <strong><a href=\"https:\/\/feltkutur.com\/fr\/panneaux-acoustiques-duotex\/\">D\u00fcotex<\/a><\/strong> dont le vert Sainte-Marie, le beige Perc\u00e9 et le beige Woburn, harmonisent l&#8217;environnement gr\u00e2ce aux bienfaits que ces couleurs expriment.<\/p>\n\t\t\t<img decoding=\"async\" loading='false' src=\"https:\/\/feltkutur.com\/wp-content\/uploads\/x-scaled.jpg\" alt=\"\" \/>\t\t\t\n\t\t\t<img decoding=\"async\" loading='false' src=\"https:\/\/feltkutur.com\/wp-content\/uploads\/y-scaled.jpg\" alt=\"\" \/>\t\t\t\n\t\t\t\t<img decoding=\"async\" src=\"https:\/\/feltkutur.com\/wp-content\/uploads\/Tan-Perce-photo-finale-1-scaled.jpg\" alt=\"Tan Perc\u00e9-photo-finale\" itemprop=\"image\" height=\"1707\" width=\"2560\" title=\"Tan Perc\u00e9-photo-finale\" onerror=\"this.style.display='none'\"  \/>\n\t\t\t\t<img decoding=\"async\" src=\"https:\/\/feltkutur.com\/wp-content\/uploads\/Woburn-photo-finale-scaled.jpg\" alt=\"Woburn-photo-finale\" itemprop=\"image\" height=\"1707\" width=\"2560\" title=\"Woburn-photo-finale\" onerror=\"this.style.display='none'\"  \/>\n\t\t\t\t<img decoding=\"async\" src=\"https:\/\/feltkutur.com\/wp-content\/uploads\/Vert-Ste-Marie-photo-finale-scaled.jpg\" alt=\"Vert Ste-Marie-photo-finale\" itemprop=\"image\" height=\"1707\" width=\"2560\" title=\"Vert Ste-Marie-photo-finale\" onerror=\"this.style.display='none'\"  \/>\n\t\nGr\u00e2ce au <strong><a href=\"https:\/\/feltkutur.com\/fr\/panneaux-acoustiques-duotex-tahmea\/\">D\u00fcotex Tahmea<\/a><\/strong>, une technologie adh\u00e9sive appliqu\u00e9e \u00e0 l&#8217;arri\u00e8re du panneau D\u00fcotex, et l&#8217;utilisation de l&#8217;ensemble de d\u00e9part, l&#8217;installation des tuiles en sera simplifi\u00e9e. Les \u00e9paisseurs de 6.4mm et 12.7mm des panneaux<br \/>\nD\u00fcotex offriront aux utilisateurs de la pi\u00e8ce un effet artistique prometteur!\n\t<p>Pour d\u00e9couvrir l&#8217;enti\u00e8re collection et les d\u00e9tails techniques: <a href=\"https:\/\/feltkutur.com\/fr\/collection-harmonie\/\"><strong>Collection Harmonie<\/strong><\/a>.<\/p>\n\t<h1><a href=\"https:\/\/feltkutur.com\/wp-content\/uploads\/Brochure-Harmonie-Fr-VF-web.pdf\">COLLECTION HARMONIE &#8211; BROCHURE<\/a><\/h1>\n\n","protected":false},"excerpt":{"rendered":"<p>COLLECTION HARMONIE OKA Le tout nouveau mod\u00e8le de tuiles acoustiques Oka, de la nouvelle collection Harmonie, de Feltk\u00fctur, est maintenant disponible. Les Grecs de l&#8217;Antiquit\u00e9 ont \u00e9t\u00e9 les premiers \u00e0 adopter le design g\u00e9om\u00e9trique dans leurs int\u00e9rieurs en raison de la fa\u00e7on dont il obtenait structure et s\u00e9r\u00e9nit\u00e9. Tout comme l&#8217;hexagone, certaines formes seront toujours [&#8230;]<\/p>\n<p><a class=\"btn btn-secondary understrap-read-more-link\" href=\"https:\/\/feltkutur.com\/fr\/oka\/\">Read More&#8230;<\/a><\/p>\n","protected":false},"author":1,"featured_media":0,"parent":0,"menu_order":0,"comment_status":"closed","ping_status":"closed","template":"","meta":{"_seopress_robots_primary_cat":"","_seopress_titles_title":"","_seopress_titles_desc":"","_seopress_robots_index":"","footnotes":""},"class_list":["post-4506","page","type-page","status-publish"],"_links":{"self":[{"href":"https:\/\/feltkutur.com\/fr\/wp-json\/wp\/v2\/pages\/4506","targetHints":{"allow":["GET"]}}],"collection":[{"href":"https:\/\/feltkutur.com\/fr\/wp-json\/wp\/v2\/pages"}],"about":[{"href":"https:\/\/feltkutur.com\/fr\/wp-json\/wp\/v2\/types\/page"}],"author":[{"embeddable":true,"href":"https:\/\/feltkutur.com\/fr\/wp-json\/wp\/v2\/users\/1"}],"replies":[{"embeddable":true,"href":"https:\/\/feltkutur.com\/fr\/wp-json\/wp\/v2\/comments?post=4506"}],"version-history":[{"count":0,"href":"https:\/\/feltkutur.com\/fr\/wp-json\/wp\/v2\/pages\/4506\/revisions"}],"wp:attachment":[{"href":"https:\/\/feltkutur.com\/fr\/wp-json\/wp\/v2\/media?parent=4506"}],"curies":[{"name":"wp","href":"https:\/\/api.w.org\/{rel}","templated":true}]}}