{"id":4462,"date":"2022-04-04T10:54:21","date_gmt":"2022-04-04T14:54:21","guid":{"rendered":"https:\/\/feltkutur.com\/yamaska\/"},"modified":"2022-04-04T11:13:02","modified_gmt":"2022-04-04T15:13:02","slug":"yamaska","status":"publish","type":"page","link":"https:\/\/feltkutur.com\/fr\/yamaska\/","title":{"rendered":"Yamaska"},"content":{"rendered":"\n<h1>\n\t\tCOLLECTION HARMONIE\n\t<\/h1>\n<h2>\n\t\tYAMASKA\n\t<\/h2>\n\t<p>Le design Yamaska fait partie de la nouvelle collection de tuiles acoustiques murales nomm\u00e9e Harmonie, par Feltk\u00fctur.<\/p>\n\t\t\t<img decoding=\"async\" loading='false' src=\"https:\/\/feltkutur.com\/wp-content\/uploads\/Yamaska-1-scaled.jpg\" alt=\"\" \/>\t\t\t\n\t\n<p>Le mod\u00e8le Yamaska est compos\u00e9 d&#8217;une forme g\u00e9om\u00e9trique ayant la cote dans le monde du design gr\u00e2ce \u00e0 son motif triangulaire. Les motifs triangles sont confiants, dynamiques et donneront de l&#8217;\u00e9nergie \u00e0 votre pi\u00e8ce. Ils peuvent \u00e9galement \u00eatre utilis\u00e9s \u00e0 bon escient dans les bureaux et les zones d\u00e9di\u00e9es \u00e0 un environnement o\u00f9 la concentration est primordiale, car sa forme sugg\u00e8re la persistance, suivi de la r\u00e9alisation des objectifs.<\/p>\n\t\t\t\t<img decoding=\"async\" src=\"https:\/\/feltkutur.com\/wp-content\/uploads\/2.jpg\" alt=\"2\" itemprop=\"image\" height=\"657\" width=\"1323\" title=\"2\" onerror=\"this.style.display='none'\"  \/>\n\t\t\t\t<img decoding=\"async\" src=\"https:\/\/feltkutur.com\/wp-content\/uploads\/Yamaska2-1-scaled.jpg\" alt=\"Yamaska2\" itemprop=\"image\" height=\"2560\" width=\"1707\" title=\"Yamaska2\" onerror=\"this.style.display='none'\"  \/>\n\t<strong>Les couleurs<br \/>\n<\/strong>\n<p>Le Yamaska est un m\u00e9lange parfait de nos trois tons de gris; le Saint-S\u00e9bastien, le Westmont ainsi que le Fermont. Lorsque vous travaillez un espace avec du gris, il est relativement facile d&#8217;introduire une nouvelle couleur \u00e9clatante et vive en ajoutant des pi\u00e8ces d&#8217;accent. Quel que soit votre choix, le gris comble facilement et dignement les manques.<\/p>\n\t\t\t\t<img decoding=\"async\" src=\"https:\/\/feltkutur.com\/wp-content\/uploads\/Gris-St-Sebastien-photo-finale-2-scaled.jpg\" alt=\"Gris St-S\u00e9bastien-photo-finale\" itemprop=\"image\" height=\"1707\" width=\"2560\" title=\"Gris St-S\u00e9bastien-photo-finale\" onerror=\"this.style.display='none'\"  \/>\n\t\t\t\t<img decoding=\"async\" src=\"https:\/\/feltkutur.com\/wp-content\/uploads\/Gris-Westmont-photo-finale-scaled.jpg\" alt=\"Gris Westmont - photo-finale\" itemprop=\"image\" height=\"1707\" width=\"2560\" title=\"Gris Westmont - photo-finale\" onerror=\"this.style.display='none'\"  \/>\n\t\t\t\t<img decoding=\"async\" src=\"https:\/\/feltkutur.com\/wp-content\/uploads\/Gris-Fermont-photo-finale-1-scaled.jpg\" alt=\"Gris Fermont-photo-finale\" itemprop=\"image\" height=\"1707\" width=\"2560\" title=\"Gris Fermont-photo-finale\" onerror=\"this.style.display='none'\"  \/>\n\t\n<p>Le panneau acoustique <strong><a href=\"https:\/\/feltkutur.com\/fr\/panneaux-acoustiques-duotex-tahmea\/\">D\u00fcotex Tahmea<\/a><\/strong>, dot\u00e9 d&#8217;une technologie adh\u00e9sive appliqu\u00e9e \u00e0 l&#8217;arri\u00e8re du panneau, est un \u00ab pr\u00eat \u00e0 installer \u00bb. Il faut s&#8217;assurer de bien avoir nettoy\u00e9 le mur o\u00f9 l&#8217;installation se fera et de le laisser s\u00e9cher avant de poser les tuiles.<\/p>\n\t<p>Pour d\u00e9couvrir la collection enti\u00e8re et les d\u00e9tails techniques: <strong><a href=\"https:\/\/feltkutur.com\/fr\/collection-harmonie\/\">Collection Harmonie<\/a><\/strong>.<\/p>\n\t<h1><a href=\"https:\/\/feltkutur.com\/wp-content\/uploads\/Brochure-Harmonie-Eng-VF-web.pdf\">Collection HARMONIE &#8211; BROCHURE<\/a><\/h1>\n\n","protected":false},"excerpt":{"rendered":"<p>COLLECTION HARMONIE YAMASKA Le design Yamaska fait partie de la nouvelle collection de tuiles acoustiques murales nomm\u00e9e Harmonie, par Feltk\u00fctur. Le mod\u00e8le Yamaska est compos\u00e9 d&#8217;une forme g\u00e9om\u00e9trique ayant la cote dans le monde du design gr\u00e2ce \u00e0 son motif triangulaire. Les motifs triangles sont confiants, dynamiques et donneront de l&#8217;\u00e9nergie \u00e0 votre pi\u00e8ce. Ils [&#8230;]<\/p>\n<p><a class=\"btn btn-secondary understrap-read-more-link\" href=\"https:\/\/feltkutur.com\/fr\/yamaska\/\">Read More&#8230;<\/a><\/p>\n","protected":false},"author":1,"featured_media":0,"parent":0,"menu_order":0,"comment_status":"closed","ping_status":"closed","template":"","meta":{"_seopress_robots_primary_cat":"","_seopress_titles_title":"","_seopress_titles_desc":"","_seopress_robots_index":"","footnotes":""},"class_list":["post-4462","page","type-page","status-publish"],"_links":{"self":[{"href":"https:\/\/feltkutur.com\/fr\/wp-json\/wp\/v2\/pages\/4462","targetHints":{"allow":["GET"]}}],"collection":[{"href":"https:\/\/feltkutur.com\/fr\/wp-json\/wp\/v2\/pages"}],"about":[{"href":"https:\/\/feltkutur.com\/fr\/wp-json\/wp\/v2\/types\/page"}],"author":[{"embeddable":true,"href":"https:\/\/feltkutur.com\/fr\/wp-json\/wp\/v2\/users\/1"}],"replies":[{"embeddable":true,"href":"https:\/\/feltkutur.com\/fr\/wp-json\/wp\/v2\/comments?post=4462"}],"version-history":[{"count":0,"href":"https:\/\/feltkutur.com\/fr\/wp-json\/wp\/v2\/pages\/4462\/revisions"}],"wp:attachment":[{"href":"https:\/\/feltkutur.com\/fr\/wp-json\/wp\/v2\/media?parent=4462"}],"curies":[{"name":"wp","href":"https:\/\/api.w.org\/{rel}","templated":true}]}}