{"id":446,"date":"2017-04-28T15:01:13","date_gmt":"2017-04-28T15:01:13","guid":{"rendered":"http:\/\/feltkutur.wpengine.com\/?page_id=446"},"modified":"2026-03-25T09:22:54","modified_gmt":"2026-03-25T13:22:54","slug":"panneaux-acoustiques-duotex","status":"publish","type":"page","link":"https:\/\/feltkutur.com\/fr\/panneaux-acoustiques-duotex\/","title":{"rendered":"Panneau acoustique D\u00fcotex"},"content":{"rendered":"\n\n\t<p><strong>D\u00dcOTEX<sup>TM<\/sup><\/strong><\/p>\nLe D\u00fcotex&#x2122; est un panneau acoustique en polyester con\u00e7u pour allier performance, polyvalence et facilit\u00e9 d&#8217;int\u00e9gration. Sa composition et sa structure en font une solution id\u00e9ale pour une grande vari\u00e9t\u00e9 d&#8217;applications architecturales.\n\t<h2 data-start=\"191\" data-end=\"425\"><strong>Caract\u00e9ristiques principales:<\/strong><\/h2>\n<ul>\n<li data-start=\"472\" data-end=\"489\">100 % polyester<\/li>\n<li data-start=\"492\" data-end=\"530\">Panneau \u00e0 la fois rigide et flexible<\/li>\n<li data-start=\"533\" data-end=\"593\">Finition feutr\u00e9e avec effet de fibres m\u00e9lang\u00e9es<\/li>\n<li data-start=\"596\" data-end=\"665\">Une face rigide offrant des propri\u00e9t\u00e9s structurelles et punaisables<\/li>\n<li data-start=\"668\" data-end=\"706\">Excellentes performances acoustiques<\/li>\n<li data-start=\"709\" data-end=\"741\">Fabriqu\u00e9 au Canada depuis 1967<\/li>\n<\/ul>\n\t<h3 data-section-id=\"jfo7uu\" data-start=\"991\" data-end=\"1025\">Sp\u00e9cifications techniques<\/h3>\n<strong data-start=\"1027\" data-end=\"1041\">\u00c9paisseurs<br \/>\n<\/strong>6,4 mm et 12,7 mm\n<strong data-start=\"1065\" data-end=\"1090\">Dimensions du panneau<br \/>\n<\/strong>1,24 m x 2,46 m (\u00b110 %)<br \/>\n48,8&#8243; x 96,8&#8243; (\u00b110 %)\n<strong data-start=\"1144\" data-end=\"1165\">Classement au feu<br \/>\n<\/strong>ASTM E-84 &#8211; CAN\/ULC-S102\n\t<h3 data-section-id=\"1320aug\" data-start=\"748\" data-end=\"777\">Couleurs disponibles<\/h3>\n<ul>\n<li data-start=\"778\" data-end=\"984\">Beige Perc\u00e9, beige Woburn, noir Dunham, gris Saint-S\u00e9bastien, gris Westmont, gris Fermont, Rougemont, vert Ste-Marie et bleu St-Georges<\/li>\n<li data-start=\"778\" data-end=\"984\"><strong data-start=\"922\" data-end=\"943\">Aussi offert en :<\/strong> blanc C\u00f4te-des-Neiges\n<p>(non test\u00e9 pour la r\u00e9sistance au feu)<\/p>\n<\/li>\n<\/ul>\n\t<p><a href=\"https:\/\/feltkutur.com\/fr\/contactez-nous\/\" target=\"_blank\" rel=\"noopener\">Contactez-nous<\/a><\/p>\n\t<p><strong>COULEURS<\/strong><\/p>\n<img decoding=\"async\" src=\"https:\/\/feltkutur.com\/wp-content\/uploads\/tan-perce.jpg\" alt=\"\" width=\" 95\" height=\"95\" \/><br \/>\nBeige Perc\u00e9\nT\u00e9l\u00e9charger <br \/>\ntexture\n<img decoding=\"async\" src=\"https:\/\/feltkutur.com\/wp-content\/uploads\/tex2018-09_feutres_brun_woburn_final_v1_02-1.jpg\" alt=\"\" width=\"95\" height=\"95\" \/><br \/>\nBeige Woburn\nT\u00e9l\u00e9charger <br \/>\ntexture\n<img decoding=\"async\" src=\"https:\/\/feltkutur.wpengine.com\/wp-content\/uploads\/tex2017-09_feutres_duotex_brown_wendake_v1_01_edited-150x150.jpg\" alt=\"\" width=\"95\" height=\"95\" \/><br \/>\nNoir Dunham\nT\u00e9l\u00e9charger <br \/>\ntexture\n<img decoding=\"async\" src=\"https:\/\/feltkutur.com\/wp-content\/uploads\/tex2018-09_feutres_gris_st-sebastien_final_v1_01-1.jpg\" alt=\"\" width=\"95\" height=\"95\" \/><br \/>\nGris St-Sebastien\nT\u00e9l\u00e9charger <br \/>\ntexture\n<img decoding=\"async\" src=\"https:\/\/feltkutur.wpengine.com\/wp-content\/uploads\/tex2017-09_feutres_duotex_gris_clair_poc_v1_02_edited-150x150.jpg\" alt=\"\" width=\"95\" height=\"95\" \/><br \/>\nGris Westmont\nT\u00e9l\u00e9charger <br \/>\ntexture\n<img decoding=\"async\" src=\"https:\/\/feltkutur.wpengine.com\/wp-content\/uploads\/tex2017-09_feutres_duotex_gris_fonce_poc_v1_02_edited-150x150.jpg\" alt=\"\" width=\"95\" height=\"95\" \/><br \/>\nGris Fermont\nT\u00e9l\u00e9charger <br \/>\ntexture\n<img decoding=\"async\" src=\"https:\/\/feltkutur.wpengine.com\/wp-content\/uploads\/tex2017-11_feutres_rouge_rouge_mont_appro1_v1_06_edited-150x150.jpg\" alt=\"\" width=\"95\" height=\"95\" \/><br \/>\nRougemont\nT\u00e9l\u00e9charger <br \/>\ntexture\n<img decoding=\"async\" src=\"https:\/\/feltkutur.wpengine.com\/wp-content\/uploads\/tex2017-11_feutres_vert_Ste_Marie_appro1_v1_02_edited-1-150x150.jpg\" alt=\"\" width=\"95\" height=\"95\" \/><br \/>\nVert Ste-Marie\nT\u00e9l\u00e9charger <br \/>\ntexture\n<img decoding=\"async\" src=\"https:\/\/feltkutur.wpengine.com\/wp-content\/uploads\/tex2017-11_feutres_bleu_St-George_appro1_v1_02_edited-150x150.jpg\" alt=\"\" width=\"95\" height=\"95\" \/><br \/>\nBleu St-Georges\nT\u00e9l\u00e9charger <br \/>\ntexture\n<img decoding=\"async\" src=\"https:\/\/feltkutur.wpengine.com\/wp-content\/uploads\/white-cote-neige.jpg\" alt=\"\" width=\"95\" height=\"95\" \/><br \/>\nBlanc C\u00f4te-des-Neiges\nT\u00e9l\u00e9charger <br \/>\ntexture\n\t<iframe id=\"lightbeans\" src=\"https:\/\/v-api.lightbeans.com\/organizations\/alkegen\/products\/duotex-tan-perce?showFullscreenButton=true\" width=\"500\" height=\"350\" frameborder=\"0\"><br \/>\n        <\/iframe>\n\t\t\t\t\t\t\t\t<a href=\"#\" id=\"fl-tabs--label-0\" data-index=\"0\" aria-selected=\"true\" aria-controls=\"fl-tabs--panel-0\" aria-expanded=\"true\" role=\"tab\" tabindex=\"0\">\t\t\t\tGuide pr\u00e9paratoire\t\t\t\t<\/a>\n\t\t\t\t\t\tGuide pr\u00e9paratoire\n\t\t\t\t\t\t\t\t\t\t\t<p>Tout d\u00e9pendamment de vos besoins, les produits Feltk\u00fctur peuvent \u00eatre appliqu\u00e9s directement sur les murs, avec ou sans espace d&#8217;air. Ils peuvent \u00e9galement \u00eatre suspendus au plafond \u00e0 l&#8217;horizontale ou \u00e0 la verticale en fonction de l&#8217;effet recherch\u00e9.<\/p>\n<p><img decoding=\"async\" src=\"https:\/\/feltkutur.wpengine.com\/wp-content\/uploads\/Absorption-de-la-voix-et-du-bruit-des-sytemes-de-climatisation-300x193.png\" alt=\"\" width=\"300\" height=\"193\" \/> <img decoding=\"async\" src=\"https:\/\/feltkutur.wpengine.com\/wp-content\/uploads\/Absorption-de-la-voix-et-isolation-Travail-individuel-300x192.png\" alt=\"\" width=\"300\" height=\"192\" \/> <img decoding=\"async\" src=\"https:\/\/feltkutur.wpengine.com\/wp-content\/uploads\/Absorption-de-la-voix-Travail-dequipe-300x192.png\" alt=\"\" width=\"300\" height=\"192\" \/> <img decoding=\"async\" src=\"https:\/\/feltkutur.wpengine.com\/wp-content\/uploads\/Absorption-de-la-voix_mur-Travail-individuel-300x192.png\" alt=\"\" width=\"300\" height=\"192\" \/> <img decoding=\"async\" src=\"https:\/\/feltkutur.wpengine.com\/wp-content\/uploads\/Absorption-de-la-voix_plafond-Travail-dequipe-300x192.png\" alt=\"\" width=\"300\" height=\"192\" \/> <strong><a href=\"https:\/\/feltkutur.com\/wp-content\/uploads\/Guide-Feltk\u00fctur-produits-REV12.pdf\"><u>Voir le Guide\u00a0pr\u00e9paratoire Feltk\u00fctur<\/u><\/a><\/strong><\/p>\n\t<p><img decoding=\"async\" src=\"https:\/\/feltkutur.wpengine.com\/wp-content\/uploads\/2017\/01\/Feltkutur_Thermoforming-Gris-Rouge.jpg\" width=\"640\" height=\"495\" \/><\/p>\n<h2>MOULAGE UNIQUE<br \/>\n<\/h2>\n<p><a href=\"https:\/\/feltkutur.com\/wp-content\/uploads\/Fiche_technique_Duotex6.4mm_REV10.pdf\">fiche technique &#8211; 6.4 MM (\u00bc&#8221;)<\/a><a href=\"https:\/\/feltkutur.com\/wp-content\/uploads\/Fiche_technique_Duotex12.7mm_REV09.pdf\"> Fiche technique &#8211; 12.7 mm (1\/2&#8243;)<\/a><a href=\"..\/..\/wp-content\/uploads\/DUOTEX_FR_6.4_FR_2018.pdf\">fICHE DE DONN\u00c9ES DE S\u00c9CURIT\u00c9<\/a><a href=\"..\/..\/wp-content\/uploads\/CAN_CGSB-4.2-N-18.3-9.7_-ISO105-B02_1994_2019-05-08_FR.pdf\">TEST SOLIDIT\u00c9 DES TEINTURES \u00c0 LA LUMI\u00c8RE<\/a><\/p>\n\t<h3><strong>Moulage sur-mesure avec le thermoformage<\/strong><\/h3>\n<p>Le D\u00fcotex peut \u00eatre thermoform\u00e9 dans presque n&#8217;importe quelle forme en trois dimensions. Il suffit de le pr\u00e9chauffer et de le modeler en appliquant une pression dans un moule froid. De l&#8217;air chaud est g\u00e9n\u00e9ralement utilis\u00e9 pour le pr\u00e9chauffage, mais l&#8217;utilisation d&#8217;\u00e9l\u00e9ments chauffants \u00e0 infrarouges dans un s\u00e9choir continu \u00e0 rail ou sur une table de moulage rotative est \u00e9galement une solution. Il est aussi possible de travailler avec diff\u00e9rentes densit\u00e9s au moment du moulage et bien d&#8217;autres possibilit\u00e9s! Le D\u00fcotex peut \u00eatre lamin\u00e9 avec toute une gamme de textiles de recouvrement, avec des non-tiss\u00e9s comme le Feltv\u00e4ri ou avec des tissus ou des tricots.<\/p>\n<h3><strong>Technologie de moulage<\/strong><\/h3>\n<p>Lorsque le D\u00fcotex est estamp\u00e9 entre les moules m\u00e2le et femelle, la r\u00e9partition id\u00e9ale de l&#8217;\u00e9paisseur du mur est produite dans le sens transversal, ce qui \u00e9limine le besoin d&#8217;\u00e9tirer le mat\u00e9riau pendant le proc\u00e9d\u00e9. Le mat\u00e9riau doit \u00eatre form\u00e9 entre 302\u00a0\u00b0F et 375\u00a0\u00b0F (150\u00a0\u00b0C et 190\u00a0\u00b0C), selon sa densit\u00e9 et son \u00e9paisseur.<\/p>\n\t\t\t\t<img decoding=\"async\" src=\"http:\/\/feltkutur.wpengine.com\/wp-content\/uploads\/Spectre-coefficient-absorption-FR-2017-10-13_7mm_.png\" alt=\"Spectre-coefficient-absorption-FR-2017-10-13_7mm_\" itemprop=\"image\" title=\"Spectre-coefficient-absorption-FR-2017-10-13_7mm_\" onerror=\"this.style.display='none'\"  \/>\n\t\t\t\t<img decoding=\"async\" src=\"http:\/\/feltkutur.wpengine.com\/wp-content\/uploads\/Spectre-coefficient-absorption-FR-2017-11-13_12mm_.png\" alt=\"Spectre-coefficient-absorption-FR-2017-11-13_12mm_\" itemprop=\"image\" title=\"Spectre-coefficient-absorption-FR-2017-11-13_12mm_\" onerror=\"this.style.display='none'\"  \/>\n\n","protected":false},"excerpt":{"rendered":"<p>D\u00dcOTEXTM Le D\u00fcotex&#x2122; est un panneau acoustique en polyester con\u00e7u pour allier performance, polyvalence et facilit\u00e9 d&#8217;int\u00e9gration. Sa composition et sa structure en font une solution id\u00e9ale pour une grande vari\u00e9t\u00e9 d&#8217;applications architecturales. Caract\u00e9ristiques principales: 100 % polyester Panneau \u00e0 la fois rigide et flexible Finition feutr\u00e9e avec effet de fibres m\u00e9lang\u00e9es Une face rigide [&#8230;]<\/p>\n<p><a class=\"btn btn-secondary understrap-read-more-link\" href=\"https:\/\/feltkutur.com\/fr\/panneaux-acoustiques-duotex\/\">Read More&#8230;<\/a><\/p>\n","protected":false},"author":1,"featured_media":0,"parent":0,"menu_order":0,"comment_status":"closed","ping_status":"closed","template":"page-templates\/fullwidthpage.php","meta":{"_seopress_robots_primary_cat":"","_seopress_titles_title":"","_seopress_titles_desc":"Le D\u00fcotexTM est un panneau acoustique de polyester. Le D\u00fcotex peut \u00eatre thermoform\u00e9 dans presque n\u2019importe quelle forme en trois dimensions.","_seopress_robots_index":"","footnotes":""},"class_list":["post-446","page","type-page","status-publish"],"_links":{"self":[{"href":"https:\/\/feltkutur.com\/fr\/wp-json\/wp\/v2\/pages\/446","targetHints":{"allow":["GET"]}}],"collection":[{"href":"https:\/\/feltkutur.com\/fr\/wp-json\/wp\/v2\/pages"}],"about":[{"href":"https:\/\/feltkutur.com\/fr\/wp-json\/wp\/v2\/types\/page"}],"author":[{"embeddable":true,"href":"https:\/\/feltkutur.com\/fr\/wp-json\/wp\/v2\/users\/1"}],"replies":[{"embeddable":true,"href":"https:\/\/feltkutur.com\/fr\/wp-json\/wp\/v2\/comments?post=446"}],"version-history":[{"count":0,"href":"https:\/\/feltkutur.com\/fr\/wp-json\/wp\/v2\/pages\/446\/revisions"}],"wp:attachment":[{"href":"https:\/\/feltkutur.com\/fr\/wp-json\/wp\/v2\/media?parent=446"}],"curies":[{"name":"wp","href":"https:\/\/api.w.org\/{rel}","templated":true}]}}