{"id":438,"date":"2017-04-28T13:58:15","date_gmt":"2017-04-28T13:58:15","guid":{"rendered":"http:\/\/feltkutur.wpengine.com\/?page_id=438"},"modified":"2022-08-03T08:25:49","modified_gmt":"2022-08-03T12:25:49","slug":"panneaux-acoustiques-unitex","status":"publish","type":"page","link":"https:\/\/feltkutur.com\/fr\/panneaux-acoustiques-unitex\/","title":{"rendered":"Panneau acoustique \u00dcnitex"},"content":{"rendered":"\n\n\t<h1>\u00dcnitex<\/h1>\n<p>L&#8217;<strong>\u00dcnitex<\/strong> est un panneau insonorisant en polyester ultra rigide :<\/p>\n<ul>\n<li>Propri\u00e9t\u00e9s de rigidit\u00e9 sup\u00e9rieures<\/li>\n<li>Plus r\u00e9sistant au boulochage<\/li>\n<li>Propri\u00e9t\u00e9s structurelles autoportantes<\/li>\n<li>Plus l\u00e9ger, plus acoustique et poss\u00e8de une meilleure stabilit\u00e9 dimensionnelle que les panneaux de\u00a0fibres de bois comme le Tentest<\/li>\n<li>Possibilit\u00e9 d&#8217;ajouter nos tissus acoustiques connus sous le nom de Feltv\u00e4ri offrant un choix de 19 couleurs suppl\u00e9mentaires <br \/>\n<\/li>\n<li>Punaisable des deux c\u00f4t\u00e9s <\/li>\n<li>Id\u00e9al pour les panneaux acoustiques, les panneaux suspendus, et les cloisons murales <\/li>\n<li>Disponible en 9 couleurs <\/li>\n<li>Disponible en 7mm et en 12,7mm <\/li>\n<li>Fabriqu\u00e9 au Qu\u00e9bec depuis 1967<br \/>\n<\/li>\n<\/ul>\n\t\t\t\t\t<a href=\"#\" id=\"fl-tabs--label-0\" data-index=\"0\" aria-selected=\"true\" aria-controls=\"fl-tabs--panel-0\" aria-expanded=\"true\" role=\"tab\" tabindex=\"0\">\t\t\t\tDescription du produit\t\t\t<\/a>\n\t\t\t\t\t<a href=\"#\" id=\"fl-tabs--label-1\" data-index=\"1\" aria-selected=\"false\" aria-controls=\"fl-tabs--panel-1\" aria-expanded=\"false\" role=\"tab\" tabindex=\"0\">\t\t\t\tGuide pr\u00e9paratoire\t\t\t<\/a>\n\t\t\t\tDescription du produit\n<h2><img decoding=\"async\" src=\"https:\/\/feltkutur.wpengine.com\/wp-content\/uploads\/2016\/10\/Unitex.png\" alt=\"\" width=\"312\" height=\"487\" \/><\/h2>\n<strong>Classement au feu*<\/strong><br \/>\nASTM E-84\n<strong>Dimensions du panneau<\/strong><br \/>\n1,24\u2009m x 2,46\u2009m (\u00b110%)<br \/>\n48,8&#8243; x 96,8&#8243; (\u00b110%)\n<strong>\u00c9paisseurs<\/strong> <br \/>\n\u2022 7\u2009mm ou \u00bc&#8221; (\u00b110\u2009%)<br \/>\n\u2022 12 mm ou \u00bd&#8221; (\u00b110\u2009%)\n\u00a0\n<h4>Contenu<\/h4>\n<h2>100 %<\/h2>\n<h4>PET<\/h4>\n<h2>Jusqu&#8217;\u00e0 50%<\/h2>\n<h4>de fibres PET recycl\u00e9es d\u00e9pendamment\u00a0de la couleur\n<strong>COULEURS<\/strong><\/h4>\n<a href=\"https:\/\/feltkutur.com\/wp-content\/uploads\/tex2017-09_feutres_duotex_tan_perce_v1_02_edited.jpg\"><img decoding=\"async\" src=\"https:\/\/feltkutur.wpengine.com\/wp-content\/uploads\/tex2017-09_feutres_duotex_tan_perce_v1_02_edited-150x150.jpg\" alt=\"\" width=\"65\" height=\"65\" \/><\/a>\u00a0 \u00a0 \u00a0 \u00a0 \u00a0 \u00a0 \u00a0 \u00a0 \u00a0 \u00a0<br \/>\nBeige Perc\u00e9\n<a href=\"https:\/\/feltkutur.com\/wp-content\/uploads\/tex2018-09_feutres_brun_woburn_final_v1_02-1.jpg\"><img decoding=\"async\" src=\"https:\/\/feltkutur.com\/wp-content\/uploads\/tex2018-09_feutres_brun_woburn_final_v1_02-1.jpg\" alt=\"\" width=\"65\" height=\"65\" \/><\/a>\u00a0 \u00a0 \u00a0 \u00a0 \u00a0 \u00a0 \u00a0 \u00a0 \u00a0 \u00a0<br \/>\nBeige Woburn \n<a href=\"https:\/\/feltkutur.com\/wp-content\/uploads\/tex2017-09_feutres_duotex_brown_wendake_v1_01_edited.jpg\"><img decoding=\"async\" src=\"https:\/\/feltkutur.wpengine.com\/wp-content\/uploads\/tex2017-09_feutres_duotex_brown_wendake_v1_01_edited-150x150.jpg\" alt=\"\" width=\"65\" height=\"65\" \/>\u00a0\u00a0\u00a0\u00a0\u00a0\u00a0\u00a0\u00a0\u00a0\u00a0\u00a0\u00a0\u00a0\u00a0\u00a0\u00a0\u00a0\u00a0<\/a><br \/>\nNoir Wendake\u00a0 \u00a0\n<p>&nbsp;<\/p>\n<p>&nbsp;<\/p>\n<p>&nbsp;<\/p>\n<a href=\"https:\/\/feltkutur.com\/wp-content\/uploads\/tex2018-09_feutres_gris_st-sebastien_final_v1_01-1.jpg\"><img decoding=\"async\" src=\"https:\/\/feltkutur.com\/wp-content\/uploads\/tex2018-09_feutres_gris_st-sebastien_final_v1_01-1.jpg\" alt=\"\" width=\"65\" height=\"65\" \/><\/a>\u00a0 \u00a0 \u00a0 \u00a0 \u00a0 \u00a0 \u00a0 \u00a0 \u00a0 \u00a0<br \/>\nGris St-Sebastien \n<a href=\"https:\/\/feltkutur.com\/wp-content\/uploads\/tex2017-09_feutres_duotex_gris_clair_poc_v1_02_edited.jpg\"><img decoding=\"async\" src=\"https:\/\/feltkutur.wpengine.com\/wp-content\/uploads\/tex2017-09_feutres_duotex_gris_clair_poc_v1_02_edited-150x150.jpg\" alt=\"\" width=\"65\" height=\"65\" \/><\/a>\u00a0 \u00a0 \u00a0 \u00a0 \u00a0 \u00a0 \u00a0 \u00a0 \u00a0 \u00a0<br \/>\nGris Westmont\n<a href=\"https:\/\/feltkutur.com\/wp-content\/uploads\/tex2017-09_feutres_duotex_gris_fonce_poc_v1_02_edited.jpg\"><img decoding=\"async\" src=\"https:\/\/feltkutur.wpengine.com\/wp-content\/uploads\/tex2017-09_feutres_duotex_gris_fonce_poc_v1_02_edited-150x150.jpg\" alt=\"\" width=\"65\" height=\"65\" \/><\/a>\u00a0 \u00a0 \u00a0 \u00a0 \u00a0 \u00a0 \u00a0\u00a0<br \/>\nGris Fermont\n<p>\u00a0 \u00a0<\/p>\n<p>&nbsp;<\/p>\n<p>&nbsp;<\/p>\n<a href=\"https:\/\/feltkutur.com\/wp-content\/uploads\/tex2017-11_feutres_rouge_rouge_mont_appro1_v1_06_edited.jpg\"><img decoding=\"async\" src=\"https:\/\/feltkutur.wpengine.com\/wp-content\/uploads\/tex2017-11_feutres_rouge_rouge_mont_appro1_v1_06_edited-150x150.jpg\" alt=\"\" width=\"65\" height=\"65\" \/><\/a>\u00a0 \u00a0 \u00a0 \u00a0 \u00a0 \u00a0 \u00a0 \u00a0 \u00a0 \u00a0<br \/>\nRougemont \n<a href=\"https:\/\/feltkutur.com\/wp-content\/uploads\/tex2017-11_feutres_vert_Ste_Marie_appro1_v1_02_edited-1.jpg\"><img decoding=\"async\" src=\"https:\/\/feltkutur.wpengine.com\/wp-content\/uploads\/tex2017-11_feutres_vert_Ste_Marie_appro1_v1_02_edited-1-150x150.jpg\" alt=\"\" width=\"65\" height=\"65\" \/><\/a>\u00a0 \u00a0 \u00a0 \u00a0 \u00a0 \u00a0 \u00a0 \u00a0 \u00a0 \u00a0<br \/>\nVert Ste-Marie\n<a href=\"https:\/\/feltkutur.com\/wp-content\/uploads\/tex2017-11_feutres_bleu_St-George_appro1_v1_02_edited.jpg\"><img decoding=\"async\" src=\"https:\/\/feltkutur.wpengine.com\/wp-content\/uploads\/tex2017-11_feutres_bleu_St-George_appro1_v1_02_edited-150x150.jpg\" alt=\"\" width=\"65\" height=\"65\" \/><\/a>\u00a0 \u00a0 \u00a0 \u00a0 \u00a0 \u00a0 \u00a0\u00a0<br \/>\nBleu St-Georges\n<p>&nbsp;<\/p>\n<p>&nbsp;<\/p>\n<p>&nbsp;<\/p>\n\n\n*Veuillez consulter la fiche technique du produit pour obtenir plus de renseignements.\u00a0\n\t\t\t\tGuide pr\u00e9paratoire\n\t\t\t\t\t\t\t<p>Tout d\u00e9pendamment de vos besoins, les produits Feltk\u00fctur peuvent \u00eatre appliqu\u00e9s directement sur les murs, avec ou sans espace d&#8217;air. Ils peuvent \u00e9galement \u00eatre suspendus au plafond \u00e0 l&#8217;horizontale ou \u00e0 la verticale en fonction de l&#8217;effet recherch\u00e9.<\/p>\n<p><img decoding=\"async\" src=\"https:\/\/feltkutur.wpengine.com\/wp-content\/uploads\/Absorption-de-la-voix-et-du-bruit-des-sytemes-de-climatisation-300x193.png\" alt=\"\" width=\"300\" height=\"193\" \/> <img decoding=\"async\" src=\"https:\/\/feltkutur.wpengine.com\/wp-content\/uploads\/Absorption-de-la-voix-et-isolation-Travail-individuel-300x192.png\" alt=\"\" width=\"300\" height=\"192\" \/> <img decoding=\"async\" src=\"https:\/\/feltkutur.wpengine.com\/wp-content\/uploads\/Absorption-de-la-voix-Travail-dequipe-300x192.png\" alt=\"\" width=\"300\" height=\"192\" \/> <img decoding=\"async\" src=\"https:\/\/feltkutur.wpengine.com\/wp-content\/uploads\/Absorption-de-la-voix_mur-Travail-individuel-300x192.png\" alt=\"\" width=\"300\" height=\"192\" \/> <img decoding=\"async\" src=\"https:\/\/feltkutur.wpengine.com\/wp-content\/uploads\/Absorption-de-la-voix_plafond-Travail-dequipe-300x192.png\" alt=\"\" width=\"300\" height=\"192\" \/><strong><a href=\"https:\/\/feltkutur.com\/wp-content\/uploads\/Guide-Feltk\u00fctur-produits-REV12.pdf\"> <u>Voir le Guide pr\u00e9paratoire Feltk\u00fctur <\/u><\/a><\/strong><\/p>\n\t<p><img decoding=\"async\" src=\"https:\/\/feltkutur.wpengine.com\/wp-content\/uploads\/2016\/10\/Feltkutur_DividerPanels-New-1024x791.jpg\" width=\"640\" height=\"494\" \/><\/p>\n<h2>MOULAGE UNIQUE<br \/>\n<\/h2>\n<p><a href=\"https:\/\/feltkutur.com\/wp-content\/uploads\/Fiche_technique_\u00dcnitex7mm_REV07.pdf\">fiche technique &#8211; 7 MM (\u00bc&#8221;)<\/a><a href=\"https:\/\/feltkutur.com\/wp-content\/uploads\/06_TEXEL_EDS_Unitex-7mm-FR-2021.pdf\">fiche Leed &#8211; 7 MM (\u00bc&#8221;)<\/a><a href=\"https:\/\/feltkutur.com\/wp-content\/uploads\/Fiche_technique_\u00dcnitex12mm_REV07.pdf\">fiche technique &#8211; 12 MM (\u00bd&#8221;) <\/a><a href=\"..\/..\/wp-content\/uploads\/UNITEX_FR_gloabl_FR_2018.pdf\">fiche de donn\u00e9es de s\u00e9curit\u00e9<\/a><a href=\"..\/..\/wp-content\/uploads\/CAN_CGSB-4.2-N-18.3-9.7_-ISO105-B02_1994_2019-05-08_FR.pdf\">TEST SOLIDIT\u00c9 DES TEINTURES \u00c0 LA LUMI\u00c8RE <\/a><\/p>\n\t<h3><strong>Moulage sur-mesure avec le thermoformage<\/strong><\/h3>\n<p>L&#8217;\u00dcnitex peut \u00eatre thermoform\u00e9 dans presque n&#8217;importe quelle forme en trois dimensions. Il suffit de le pr\u00e9chauffer et de le modeler en appliquant une pression dans un moule froid. De l&#8217;air chaud est g\u00e9n\u00e9ralement utilis\u00e9 pour le pr\u00e9chauffage, mais l&#8217;utilisation d&#8217;\u00e9l\u00e9ments chauffants \u00e0 infrarouges dans un s\u00e9choir continu \u00e0 rail ou sur une table de moulage rotative est \u00e9galement une solution. Il est aussi possible de travailler avec diff\u00e9rentes densit\u00e9s au moment du moulage et bien d&#8217;autres possibilit\u00e9s! L&#8217;\u00dcnitex peut \u00eatre lamin\u00e9 avec toute une gamme de textiles de recouvrement, avec des non-tiss\u00e9s comme le Feltv\u00e4ri ou avec des tissus et des tricots.<\/p>\n<h3><strong>Technologie de moulage<\/strong><\/h3>\n<p>Lorsque l&#8217;\u00dcnitex est estamp\u00e9 entre les moules m\u00e2le et femelle, la r\u00e9partition id\u00e9ale de l&#8217;\u00e9paisseur du mur est produite dans le sens transversal, ce qui \u00e9limine le besoin d&#8217;\u00e9tirer le mat\u00e9riau pendant le proc\u00e9d\u00e9. Le mat\u00e9riau doit \u00eatre form\u00e9 entre 302\u00a0\u00b0F et 375\u00a0\u00b0F (150\u00a0\u00b0C et 190\u00a0\u00b0C), selon sa densit\u00e9 et son \u00e9paisseur. <\/p>\n\t\t\t\t<img decoding=\"async\" src=\"http:\/\/feltkutur.wpengine.com\/wp-content\/uploads\/Spectre-coefficient-absorption-FR-2017-10-13_7mm_.png\" alt=\"Spectre-coefficient-absorption-FR-2017-10-13_7mm_\" itemprop=\"image\" title=\"Spectre-coefficient-absorption-FR-2017-10-13_7mm_\" onerror=\"this.style.display='none'\"  \/>\n\t\t\t\t<img decoding=\"async\" src=\"http:\/\/feltkutur.wpengine.com\/wp-content\/uploads\/Spectre-coefficient-absorption-FR-2017-11-13_12mm_.png\" alt=\"Spectre-coefficient-absorption-FR-2017-11-13_12mm_\" itemprop=\"image\" title=\"Spectre-coefficient-absorption-FR-2017-11-13_12mm_\" onerror=\"this.style.display='none'\"  \/>\n\t<a href=\"http:\/\/feltkutur.com\/fr\/trouver-un-partenaire\/\">Trouver un partenaire<\/a><a href=\"http:\/\/feltkutur.com\/fr\/trouver-un-distributeur\/\">Trouver un distributeur<\/a>\n\n","protected":false},"excerpt":{"rendered":"<p>\u00dcnitex L&#8217;\u00dcnitex est un panneau insonorisant en polyester ultra rigide : Propri\u00e9t\u00e9s de rigidit\u00e9 sup\u00e9rieures Plus r\u00e9sistant au boulochage Propri\u00e9t\u00e9s structurelles autoportantes Plus l\u00e9ger, plus acoustique et poss\u00e8de une meilleure stabilit\u00e9 dimensionnelle que les panneaux de\u00a0fibres de bois comme le Tentest Possibilit\u00e9 d&#8217;ajouter nos tissus acoustiques connus sous le nom de Feltv\u00e4ri offrant un choix [&#8230;]<\/p>\n<p><a class=\"btn btn-secondary understrap-read-more-link\" href=\"https:\/\/feltkutur.com\/fr\/panneaux-acoustiques-unitex\/\">Read More&#8230;<\/a><\/p>\n","protected":false},"author":1,"featured_media":0,"parent":0,"menu_order":0,"comment_status":"closed","ping_status":"closed","template":"page-templates\/fullwidthpage.php","meta":{"_seopress_robots_primary_cat":"","_seopress_titles_title":"","_seopress_titles_desc":"L\u2019\u00dcnitex est un panneau insonorisant en polyester ultra rigide: Id\u00e9al pour les panneaux acoustiques, les panneaux suspendus...","_seopress_robots_index":"","footnotes":""},"class_list":["post-438","page","type-page","status-publish"],"_links":{"self":[{"href":"https:\/\/feltkutur.com\/fr\/wp-json\/wp\/v2\/pages\/438","targetHints":{"allow":["GET"]}}],"collection":[{"href":"https:\/\/feltkutur.com\/fr\/wp-json\/wp\/v2\/pages"}],"about":[{"href":"https:\/\/feltkutur.com\/fr\/wp-json\/wp\/v2\/types\/page"}],"author":[{"embeddable":true,"href":"https:\/\/feltkutur.com\/fr\/wp-json\/wp\/v2\/users\/1"}],"replies":[{"embeddable":true,"href":"https:\/\/feltkutur.com\/fr\/wp-json\/wp\/v2\/comments?post=438"}],"version-history":[{"count":0,"href":"https:\/\/feltkutur.com\/fr\/wp-json\/wp\/v2\/pages\/438\/revisions"}],"wp:attachment":[{"href":"https:\/\/feltkutur.com\/fr\/wp-json\/wp\/v2\/media?parent=438"}],"curies":[{"name":"wp","href":"https:\/\/api.w.org\/{rel}","templated":true}]}}