{"id":4346,"date":"2022-02-21T07:00:45","date_gmt":"2022-02-21T12:00:45","guid":{"rendered":"https:\/\/feltkutur.com\/poseidon\/"},"modified":"2022-02-21T07:10:07","modified_gmt":"2022-02-21T12:10:07","slug":"poseidon","status":"publish","type":"page","link":"https:\/\/feltkutur.com\/fr\/poseidon\/","title":{"rendered":"POS\u00c9IDON"},"content":{"rendered":"\n<h1>\n\t\tCOLLECTION G\u00c4IA\n\t<\/h1>\n<h2>\n\t\tPOS\u00c9IDON\n\t<\/h2>\n\t<p>Un nouvel ajout parmi la collection de tuiles acoustiques Ga\u00efa est le mod\u00e8le Pos\u00e9idon, par Feltk\u00fctur.<\/p>\n\t\t\t<img decoding=\"async\" loading='false' src=\"https:\/\/feltkutur.com\/wp-content\/uploads\/Poseidon2-scaled.jpg\" alt=\"\" \/>\t\t\t\n\t\n<p>Le mod\u00e8le de tuiles acoustiques Pos\u00e9idon projette un effet artistique gr\u00e2ce \u00e0 la particularit\u00e9 de ses lignes. Des lignes droites repr\u00e9sentent la simplicit\u00e9, la rigueur ainsi que la d\u00e9termination, mari\u00e9es avec des lignes horizontales qui elles repr\u00e9sentent l&#8217;horizon, la tranquillit\u00e9 et l&#8217;ouverture. C&#8217;est un beau m\u00e9lange de caract\u00e9ristiques permettant de rendre un environnement cr\u00e9atif et serein.<\/p>\n\t\t\t\t<img decoding=\"async\" src=\"https:\/\/feltkutur.com\/wp-content\/uploads\/Capture-51.jpg\" alt=\"Poseidon pattern\" itemprop=\"image\" height=\"409\" width=\"872\" title=\"Poseidon pattern\" onerror=\"this.style.display='none'\"  \/>\n\t\t\t\t<img decoding=\"async\" src=\"https:\/\/feltkutur.com\/wp-content\/uploads\/tex2017-11_feutres_bleu_St-George_appro1_v1_02-scaled.jpg\" alt=\"tex2017-11_feutres_bleu_St-George_appro1_v1_02\" itemprop=\"image\" height=\"1978\" width=\"2560\" title=\"tex2017-11_feutres_bleu_St-George_appro1_v1_02\" onerror=\"this.style.display='none'\"  \/>\n\t\t\t\t<img decoding=\"async\" src=\"https:\/\/feltkutur.com\/wp-content\/uploads\/tex2018-09_feutres_gris_st-sebastien_final_v1_01-2-scaled.jpg\" alt=\"tex2018-09_feutres_gris_st-sebastien_final_v1_01\" itemprop=\"image\" height=\"1978\" width=\"2560\" title=\"tex2018-09_feutres_gris_st-sebastien_final_v1_01\" onerror=\"this.style.display='none'\"  \/>\n\t\n<p>La beaut\u00e9 de ce mixte de couleurs offre, entre le gris Saint-S\u00e9bastien ainsi que le bleu Saint-Georges, un aspect de coh\u00e9rence et une combinaison polyvalente. M\u00e9langeant ainsi une ambiance pr\u00f4nant la confidence et la s\u00e9r\u00e9nit\u00e9 par la couleur bleue et l&#8217;\u00e9quilibre qu&#8217;apporte la couleur grise.<\/p>\n\t\n<p>Le contr\u00f4le de l&#8217;acoustique dans les environnements est un enjeu majeur et notre mod\u00e8le de tuiles acoustiques, compos\u00e9 de <strong>panneaux feutr\u00e9s D\u00fcotex<\/strong>, saura contr\u00f4ler une partie des irritants de l&#8217;\u00e9cho dans la pi\u00e8ce. En utilisant des formes de diff\u00e9rentes \u00e9paisseurs, 6.4mm et 12.7mm, elles permettront d&#8217;am\u00e9liorer le confort acoustique puisque l&#8217;\u00e9cho dans la pi\u00e8ce sera diminu\u00e9 par celles-ci qui att\u00e9nueront son amplitude.<\/p>\n\t\n<p>La disposition des tuiles peut \u00eatre fait selon votre imagination, ce qui est la beaut\u00e9 de tous nos mod\u00e8les de tuiles acoustiques. Afin de vous donner un aper\u00e7u, trois mod\u00e8les sont rendus disponibles sur la fiche technique du produit. Puisque les tuiles acoustiques sont d\u00e9coup\u00e9es dans le panneau de feutre <a href=\"https:\/\/feltkutur.com\/fr\/acoustical-panels-duotex-tahmea\/\"><strong>D\u00fcotex Tahmea<\/strong><\/a>, une technologie adh\u00e9sive appliqu\u00e9e \u00e0 l&#8217;arri\u00e8re du panneau, l&#8217;installation des tuiles est rendue accessible \u00e0 tous.<\/p>\nPour d\u00e9couvrir l&#8217;enti\u00e8re collection et les d\u00e9tails techniques: <strong><a href=\"https:\/\/feltkutur.com\/fr\/gaia-collection\/\">Collection GA\u00cfA<\/a><\/strong>.<br \/>\n\n\t<h1><a href=\"https:\/\/feltkutur.com\/wp-content\/uploads\/Brochure-Gaia-Fr-VF-web.pdf\">COLLECTION ga\u00efa &#8211; BROCHURE<\/a><\/h1>\n\n","protected":false},"excerpt":{"rendered":"<p>COLLECTION G\u00c4IA POS\u00c9IDON Un nouvel ajout parmi la collection de tuiles acoustiques Ga\u00efa est le mod\u00e8le Pos\u00e9idon, par Feltk\u00fctur. Le mod\u00e8le de tuiles acoustiques Pos\u00e9idon projette un effet artistique gr\u00e2ce \u00e0 la particularit\u00e9 de ses lignes. Des lignes droites repr\u00e9sentent la simplicit\u00e9, la rigueur ainsi que la d\u00e9termination, mari\u00e9es avec des lignes horizontales qui elles [&#8230;]<\/p>\n<p><a class=\"btn btn-secondary understrap-read-more-link\" href=\"https:\/\/feltkutur.com\/fr\/poseidon\/\">Read More&#8230;<\/a><\/p>\n","protected":false},"author":1,"featured_media":0,"parent":0,"menu_order":0,"comment_status":"closed","ping_status":"closed","template":"","meta":{"_seopress_robots_primary_cat":"","_seopress_titles_title":"","_seopress_titles_desc":"","_seopress_robots_index":"","footnotes":""},"class_list":["post-4346","page","type-page","status-publish"],"_links":{"self":[{"href":"https:\/\/feltkutur.com\/fr\/wp-json\/wp\/v2\/pages\/4346","targetHints":{"allow":["GET"]}}],"collection":[{"href":"https:\/\/feltkutur.com\/fr\/wp-json\/wp\/v2\/pages"}],"about":[{"href":"https:\/\/feltkutur.com\/fr\/wp-json\/wp\/v2\/types\/page"}],"author":[{"embeddable":true,"href":"https:\/\/feltkutur.com\/fr\/wp-json\/wp\/v2\/users\/1"}],"replies":[{"embeddable":true,"href":"https:\/\/feltkutur.com\/fr\/wp-json\/wp\/v2\/comments?post=4346"}],"version-history":[{"count":0,"href":"https:\/\/feltkutur.com\/fr\/wp-json\/wp\/v2\/pages\/4346\/revisions"}],"wp:attachment":[{"href":"https:\/\/feltkutur.com\/fr\/wp-json\/wp\/v2\/media?parent=4346"}],"curies":[{"name":"wp","href":"https:\/\/api.w.org\/{rel}","templated":true}]}}