{"id":4250,"date":"2022-02-07T12:21:52","date_gmt":"2022-02-07T17:21:52","guid":{"rendered":"https:\/\/feltkutur.com\/ceos\/"},"modified":"2023-03-09T09:40:27","modified_gmt":"2023-03-09T14:40:27","slug":"ceos","status":"publish","type":"page","link":"https:\/\/feltkutur.com\/fr\/ceos\/","title":{"rendered":"Panneau mural en feutre C\u00c9OS"},"content":{"rendered":"\n<h1>\n\t\tCOLLECTION GA\u00cfA\n\t<\/h1>\n<h2>\n\t\tC\u00c9OS\n\t<\/h2>\n\t<p>Notre nouveau mod\u00e8le de tuile murale, C\u00e9os, fait partie de la nouvelle collection de tuiles acoustiques Ga\u00efa, de Feltk\u00fctur.<\/p>\n\t\t\t<img decoding=\"async\" loading='false' src=\"https:\/\/feltkutur.com\/wp-content\/uploads\/Ceos.jpg\" alt=\"\" \/>\t\t\t\n\t<strong>Tuiles acoustiques murales<br \/>\n<\/strong>\n<p>Le mod\u00e8le de tuile acoustique C\u00e9os offre un motif en forme de chevron, repr\u00e9sentant un V. Issu d&#8217;un motif de tissage, le march\u00e9 du design a r\u00e9invent\u00e9 le chevron pour en faire un \u00e9l\u00e9ment d\u00e9coratif. L&#8217;un des avantages de ce motif est qu&#8217;il s&#8217;int\u00e8gre facilement dans n&#8217;importe quel d\u00e9cor. Les lignes en zigzag seront du plus bel effet quel que soit l&#8217;endroit o\u00f9 vous d\u00e9ciderez d&#8217;appliquer ce mod\u00e8le. Ce motif d\u00e9coratif tr\u00e8s original rehaussera votre design et votre environnement. Il est id\u00e9al pour recouvrir les murs d&#8217;un restaurant.<\/p>\n\t\t\t\t<img decoding=\"async\" src=\"https:\/\/feltkutur.com\/wp-content\/uploads\/Close-up-Ceos.jpg\" alt=\"Close up Ceos\" itemprop=\"image\" height=\"783\" width=\"1751\" title=\"Close up Ceos\" onerror=\"this.style.display='none'\"  \/>\n\t<p><strong>Les couleurs<\/strong><\/p>\n<p>Proposant des couleurs contrast\u00e9es, ce mod\u00e8le offre une sensation de d\u00e9tente et de confort gr\u00e2ce \u00e0 la couleur Beige Perc\u00e9 et aussi gr\u00e2ce aux trois nuances de gris : Saint-S\u00e9bastien, Westmont et Fermont. Il permet de s&#8217;harmoniser avec de nombreux styles de d\u00e9coration tels que le contemporain, le moderne et le minimaliste.<\/p>\n\t\t\t\t<img decoding=\"async\" src=\"https:\/\/feltkutur.com\/wp-content\/uploads\/tex2017-09_feutres_duotex_tan_perce_v1_02-scaled.jpg\" alt=\"tex2017-09_feutres_duotex_tan_perce_v1_02\" itemprop=\"image\" height=\"1978\" width=\"2560\" title=\"tex2017-09_feutres_duotex_tan_perce_v1_02\" onerror=\"this.style.display='none'\"  \/>\n\t\t\t\t<img decoding=\"async\" src=\"https:\/\/feltkutur.com\/wp-content\/uploads\/tex2018-09_feutres_gris_st-sebastien_final_v1_01-2-scaled.jpg\" alt=\"tex2018-09_feutres_gris_st-sebastien_final_v1_01\" itemprop=\"image\" height=\"1978\" width=\"2560\" title=\"tex2018-09_feutres_gris_st-sebastien_final_v1_01\" onerror=\"this.style.display='none'\"  \/>\n\t\t\t\t<img decoding=\"async\" src=\"https:\/\/feltkutur.com\/wp-content\/uploads\/tex2017-09_feutres_duotex_gris_clair_poc_v1_02-scaled.jpg\" alt=\"tex2017-09_feutres_duotex_gris_clair_poc_v1_02\" itemprop=\"image\" height=\"1978\" width=\"2560\" title=\"tex2017-09_feutres_duotex_gris_clair_poc_v1_02\" onerror=\"this.style.display='none'\"  \/>\n\t\t\t\t<img decoding=\"async\" src=\"https:\/\/feltkutur.com\/wp-content\/uploads\/tex2017-09_feutres_duotex_gris_fonce_poc_v1_02-scaled.jpg\" alt=\"tex2017-09_feutres_duotex_gris_fonce_poc_v1_02\" itemprop=\"image\" height=\"1978\" width=\"2560\" title=\"tex2017-09_feutres_duotex_gris_fonce_poc_v1_02\" onerror=\"this.style.display='none'\"  \/>\n\t<p><strong>L&#8217;acoustique<\/strong><\/p>\n<p>L&#8217;expression artistique r\u00e9sulte du mariage de deux \u00e9paisseurs, 6,4 mm et 12,7 mm, de notre <a href=\"https:\/\/feltkutur.com\/fr\/panneaux-acoustiques-duotex\/\"><strong>feutre acoustique D\u00fcotex<\/strong><\/a>, mais l&#8217;effet tridimensionnel permet d&#8217;att\u00e9nuer l&#8217;\u00e9cho dans l&#8217;environnement. La dissipation de l&#8217;\u00e9nergie acoustique des cavit\u00e9s irr\u00e9guli\u00e8res n&#8217;est pas seulement due \u00e0 leur forme, mais d\u00e9pend \u00e9galement des propri\u00e9t\u00e9s de notre feutre acoustique <a href=\"https:\/\/feltkutur.com\/fr\/panneaux-acoustiques-duotex\/\"><strong>D\u00fcotex<\/strong> <\/a>(porosit\u00e9, r\u00e9sistivit\u00e9, etc.).<\/p>\n\t<p><strong>Installation<\/strong><\/p>\n<p>Gr\u00e2ce au <a href=\"https:\/\/feltkutur.com\/fr\/panneaux-acoustiques-duotex-tahmea\/\"><strong>D\u00fcotex Tahmea<\/strong><\/a>, une technologie adh\u00e9sive appliqu\u00e9e \u00e0 l&#8217;arri\u00e8re du panneau, l&#8217;installation des tuiles est rendue accessible \u00e0 tous.<\/p>\nPour d\u00e9couvrir l&#8217;enti\u00e8re collection et les d\u00e9tails techniques: <a href=\"https:\/\/feltkutur.com\/fr\/collection-gaia\/\"><strong>Collection GA\u00cfA<\/strong><\/a><br \/>\n\n\n","protected":false},"excerpt":{"rendered":"<p>COLLECTION GA\u00cfA C\u00c9OS Notre nouveau mod\u00e8le de tuile murale, C\u00e9os, fait partie de la nouvelle collection de tuiles acoustiques Ga\u00efa, de Feltk\u00fctur. Tuiles acoustiques murales Le mod\u00e8le de tuile acoustique C\u00e9os offre un motif en forme de chevron, repr\u00e9sentant un V. Issu d&#8217;un motif de tissage, le march\u00e9 du design a r\u00e9invent\u00e9 le chevron pour [&#8230;]<\/p>\n<p><a class=\"btn btn-secondary understrap-read-more-link\" href=\"https:\/\/feltkutur.com\/fr\/ceos\/\">Read More&#8230;<\/a><\/p>\n","protected":false},"author":1,"featured_media":0,"parent":0,"menu_order":0,"comment_status":"closed","ping_status":"closed","template":"","meta":{"_seopress_robots_primary_cat":"","_seopress_titles_title":"","_seopress_titles_desc":"","_seopress_robots_index":"","footnotes":""},"class_list":["post-4250","page","type-page","status-publish"],"_links":{"self":[{"href":"https:\/\/feltkutur.com\/fr\/wp-json\/wp\/v2\/pages\/4250","targetHints":{"allow":["GET"]}}],"collection":[{"href":"https:\/\/feltkutur.com\/fr\/wp-json\/wp\/v2\/pages"}],"about":[{"href":"https:\/\/feltkutur.com\/fr\/wp-json\/wp\/v2\/types\/page"}],"author":[{"embeddable":true,"href":"https:\/\/feltkutur.com\/fr\/wp-json\/wp\/v2\/users\/1"}],"replies":[{"embeddable":true,"href":"https:\/\/feltkutur.com\/fr\/wp-json\/wp\/v2\/comments?post=4250"}],"version-history":[{"count":0,"href":"https:\/\/feltkutur.com\/fr\/wp-json\/wp\/v2\/pages\/4250\/revisions"}],"wp:attachment":[{"href":"https:\/\/feltkutur.com\/fr\/wp-json\/wp\/v2\/media?parent=4250"}],"curies":[{"name":"wp","href":"https:\/\/api.w.org\/{rel}","templated":true}]}}