{"id":4087,"date":"2022-01-18T13:29:38","date_gmt":"2022-01-18T18:29:38","guid":{"rendered":"https:\/\/feltkutur.com\/collection-gaia\/"},"modified":"2025-09-10T16:09:23","modified_gmt":"2025-09-10T20:09:23","slug":"collection-gaia","status":"publish","type":"page","link":"https:\/\/feltkutur.com\/fr\/collection-gaia\/","title":{"rendered":"Feutre mural collection Ga\u00efa"},"content":{"rendered":"\n<h1>\n\t\tCOLLECTION GA\u00cfA\n\t<\/h1>\n<h2>\n\t\tD\u00dcOTEX-TAHMEA\n\t<\/h2>\n<h3>\n\t\tPERSONNALISEZ VOTRE D\u00c9COR AVEC NOS TUILES PR\u00c9-D\u00c9COUP\u00c9ES!\n\t<\/h3>\n\t<h4><a href=\"https:\/\/feltkutur.com\/wp-content\/uploads\/Brochure-Gaia-Fr-VF-web.pdf\">D\u00c9COUVREZ LA COLLECTION GA\u00cfA<\/a><\/h4>\n<h2>\n\t\tC\u00c9OS\n\t<\/h2>\n\t<h1><a href=\"https:\/\/feltkutur.com\/wp-content\/uploads\/Collection-Gaia_CEOS-2.pdf\">SP\u00c9CIFICATIONS TECHNIQUES<\/a><\/h1>\n\t<h1><a href=\"https:\/\/feltkutur.com\/wp-content\/uploads\/Starter-Kit_Collection-Gaia-CEOS-1.pdf\">ENSEMBLE DE D\u00c9PART<\/a><\/h1>\n<h2>\n\t\tPONTOS\n\t<\/h2>\n\t<h1><a href=\"https:\/\/feltkutur.com\/wp-content\/uploads\/Collection-Gaia_PONTOS-2.pdf\">SP\u00c9CIFICATIONS TECHNIQUES<\/a><\/h1>\n<h2>\n\t\tPOS\u00c9IDON\n\t<\/h2>\n\t<h1><a href=\"https:\/\/feltkutur.com\/wp-content\/uploads\/Collection-Gaia_POSEIDON-2.pdf\">SP\u00c9CIFICATIONS TECHNIQUES<\/a><\/h1>\n<h2>\n\t\tTYPHON\n\t<\/h2>\n\t<h1><a href=\"https:\/\/feltkutur.com\/wp-content\/uploads\/Collection-Gaia_TYPHON-2.pdf\">SP\u00c9CIFICATIONS TECHNIQUES<\/a><\/h1>\n\t<h1><a href=\"https:\/\/feltkutur.com\/wp-content\/uploads\/Starter-Kit_Collection-Gaia-TYPHON-1.pdf\">ENSEMBLE DE D\u00c9PART<\/a><\/h1>\n\n","protected":false},"excerpt":{"rendered":"<p>COLLECTION GA\u00cfA D\u00dcOTEX-TAHMEA PERSONNALISEZ VOTRE D\u00c9COR AVEC NOS TUILES PR\u00c9-D\u00c9COUP\u00c9ES! D\u00c9COUVREZ LA COLLECTION GA\u00cfA C\u00c9OS SP\u00c9CIFICATIONS TECHNIQUES ENSEMBLE DE D\u00c9PART PONTOS SP\u00c9CIFICATIONS TECHNIQUES POS\u00c9IDON SP\u00c9CIFICATIONS TECHNIQUES TYPHON SP\u00c9CIFICATIONS TECHNIQUES ENSEMBLE DE D\u00c9PART [&#8230;]<\/p>\n<p><a class=\"btn btn-secondary understrap-read-more-link\" href=\"https:\/\/feltkutur.com\/fr\/collection-gaia\/\">Read More&#8230;<\/a><\/p>\n","protected":false},"author":1,"featured_media":0,"parent":0,"menu_order":0,"comment_status":"closed","ping_status":"closed","template":"","meta":{"_seopress_robots_primary_cat":"","_seopress_titles_title":"","_seopress_titles_desc":"Personnalisez votre d\u00e9cor avec nos tuiles pr\u00e9-d\u00e9coup\u00e9es! D\u00e9couvrez la collection Ga\u00efa, D\u00fcotex-Tahmea","_seopress_robots_index":"","footnotes":""},"class_list":["post-4087","page","type-page","status-publish"],"_links":{"self":[{"href":"https:\/\/feltkutur.com\/fr\/wp-json\/wp\/v2\/pages\/4087","targetHints":{"allow":["GET"]}}],"collection":[{"href":"https:\/\/feltkutur.com\/fr\/wp-json\/wp\/v2\/pages"}],"about":[{"href":"https:\/\/feltkutur.com\/fr\/wp-json\/wp\/v2\/types\/page"}],"author":[{"embeddable":true,"href":"https:\/\/feltkutur.com\/fr\/wp-json\/wp\/v2\/users\/1"}],"replies":[{"embeddable":true,"href":"https:\/\/feltkutur.com\/fr\/wp-json\/wp\/v2\/comments?post=4087"}],"version-history":[{"count":0,"href":"https:\/\/feltkutur.com\/fr\/wp-json\/wp\/v2\/pages\/4087\/revisions"}],"wp:attachment":[{"href":"https:\/\/feltkutur.com\/fr\/wp-json\/wp\/v2\/media?parent=4087"}],"curies":[{"name":"wp","href":"https:\/\/api.w.org\/{rel}","templated":true}]}}