{"id":4062,"date":"2022-01-17T07:16:59","date_gmt":"2022-01-17T12:16:59","guid":{"rendered":"https:\/\/feltkutur.com\/manufacturier-local\/"},"modified":"2022-07-29T11:25:27","modified_gmt":"2022-07-29T15:25:27","slug":"manufacturier-local","status":"publish","type":"page","link":"https:\/\/feltkutur.com\/fr\/manufacturier-local\/","title":{"rendered":"Manufacturier local"},"content":{"rendered":"\n<h1>\n\t\tTexel, manufacturier d&#8217;ici\n\t<\/h1>\n<h3>\n\t\t Feutrez votre environnement avec les feutres de Feltk\u00fctur\n\t<\/h3>\n\t<p>\u00c7a y est ! Votre projet de cr\u00e9ation d&#8217;environnement int\u00e9rieur est sur sa rampe de lancement, et il ne vous reste plus qu&#8217;\u00e0 peaufiner les d\u00e9tails, \u00e0 d\u00e9velopper votre concept, et finalement, \u00e0 d\u00e9buter la production. Votre projet n\u00e9cessite forc\u00e9ment de faire appel \u00e0 un partenaire manufacturier fiable et exp\u00e9riment\u00e9 pour assurer sa concr\u00e9tisation et son succ\u00e8s.<\/p>\n<p>C&#8217;est \u00e0 cette \u00e9tape que vous devez d\u00e9cider entre une production locale ou \u00e0 l&#8217;\u00e9tranger. \u00c0 premi\u00e8re vue, il semble parfois int\u00e9ressant de choisir la manufacture \u00e9trang\u00e8re due \u00e0 son co\u00fbt de production inf\u00e9rieur, mais qu&#8217;en est-il du co\u00fbt final total et de l&#8217;impact sur votre entreprise?<\/p>\n<p>&nbsp;<\/p>\n\t\t\t\t<img decoding=\"async\" src=\"https:\/\/feltkutur.com\/wp-content\/uploads\/Usine-Ste-Marie-avec-mots.png\" alt=\"Usine-Ste-Marie-avec-mots\" itemprop=\"image\" title=\"Usine-Ste-Marie-avec-mots\" onerror=\"this.style.display='none'\" width=\"1920\" height=\"1080\">\n\t\t\t\t<img decoding=\"async\" src=\"https:\/\/feltkutur.com\/wp-content\/uploads\/Usine-St-Elz\u00e9ar-avec-mots.png\" alt=\"Usine-St-Elz\u00e9ar\" itemprop=\"image\" title=\"Usine-St-Elz\u00e9ar\" onerror=\"this.style.display='none'\" width=\"1920\" height=\"1080\">\n\t<br>\nEn faisant appel \u00e0 un producteur local, vous disposez d&#8217;un plus grand contr\u00f4le de la qualit\u00e9. En effet, plus le lieu de production est \u00e9loign\u00e9, plus la communication est compliqu\u00e9e et le contr\u00f4le limit\u00e9. On peut s&#8217;attendre d\u00e8s lors \u00e0 de mauvaises surprises, notamment sur la qualit\u00e9 des mat\u00e9riaux, la qualit\u00e9 de l&#8217;assemblage et les bris durant le transport. Avec un fabricant local, on \u00e9tablit une communication personnalis\u00e9e et on peut facilement garder le suivi de chaque phase de production.\n\t<p><a href=\"http:\/\/www.texel.ca\"><strong>Texel Mat\u00e9riaux Techniques<\/strong>, Inc.<\/a>, fabricant des produits acoustiques <strong>Feltk\u00fctur, <\/strong>est reconnu comme l&#8217;un des plus importants fabricants de mat\u00e9riaux non-tiss\u00e9s (feutre) \u00e0 usage technique en Am\u00e9rique du Nord. Texel op\u00e8re trois usines de fabrication et un centre de distribution localis\u00e9s dans la province de Qu\u00e9bec, au Canada. L&#8217;entreprise compte deux lignes pilotes ainsi que plusieurs professionnels en R&amp;D enti\u00e8rement d\u00e9di\u00e9s au d\u00e9veloppement de mat\u00e9riaux non-tiss\u00e9s et enduits.<\/p>\n<p>&nbsp;<\/p>\n<h2>\n\t\tPlus pr\u00e8s de vous\n\t<\/h2>\n\t<p>Produire plus pr\u00e8s de l&#8217;endroit o\u00f9 le produit sera livr\u00e9 signifie que nos clients re\u00e7oivent leur commande plus rapidement et \u00e0 un rythme plus fiable, ce qui rend leurs projets plus faciles et plus pr\u00e9visibles \u00e0 planifier. Feltk\u00fctur fabrique ses propres feutres, contrairement \u00e0 certaines entreprises qui ach\u00e8tent leur mat\u00e9riau outremer et qui redistribuent les produits. Nos produits sont con\u00e7us, fabriqu\u00e9s, et transform\u00e9s au Qu\u00e9bec, par des gens d&#8217;ici.<\/p>\n<h2>\n\t\tLes talents derri\u00e8re l&#8217;entreprise\n\t<\/h2>\n\t<p>Notre fiert\u00e9 se dirige vers l&#8217;excellent travail des employ\u00e9s derri\u00e8re la marque, vers nos partenaires et vers nos clients.<\/p>\n\t\t\t\t<img decoding=\"async\" src=\"https:\/\/feltkutur.com\/wp-content\/uploads\/TexelEquipeFull-24-scaled.jpg\" alt=\"Feltk\u00fctur Team\" itemprop=\"image\" title=\"Feltk\u00fctur Team\" onerror=\"this.style.display='none'\" width=\"2560\" height=\"1707\">\n\t\t\t\t<img decoding=\"async\" src=\"https:\/\/feltkutur.com\/wp-content\/uploads\/TEXE2019-9-scaled.jpg\" alt=\"People\" itemprop=\"image\" title=\"People\" onerror=\"this.style.display='none'\" width=\"2560\" height=\"1707\">\n\t\t\t\t<img decoding=\"async\" src=\"https:\/\/feltkutur.com\/wp-content\/uploads\/TEXE2019-24-scaled.jpg\" alt=\"People\" itemprop=\"image\" title=\"People\" onerror=\"this.style.display='none'\" width=\"2560\" height=\"1707\">\n","protected":false},"excerpt":{"rendered":"<p>Texel, manufacturier d&#8217;ici Feutrez votre environnement avec les feutres de Feltk\u00fctur \u00c7a y est ! Votre projet de cr\u00e9ation d&#8217;environnement int\u00e9rieur est sur sa rampe de lancement, et il ne vous reste plus qu&#8217;\u00e0 peaufiner les d\u00e9tails, \u00e0 d\u00e9velopper votre concept, et finalement, \u00e0 d\u00e9buter la production. Votre projet n\u00e9cessite forc\u00e9ment de faire appel \u00e0 [&#8230;]<\/p>\n<p><a class=\"btn btn-secondary understrap-read-more-link\" href=\"https:\/\/feltkutur.com\/fr\/manufacturier-local\/\">Read More&#8230;<\/a><\/p>\n","protected":false},"author":1,"featured_media":0,"parent":0,"menu_order":0,"comment_status":"closed","ping_status":"closed","template":"","meta":{"_seopress_robots_primary_cat":"","_seopress_titles_title":"","_seopress_titles_desc":"Feltk\u00fctur est reconnu comme l'un des plus importants fabricants de mat\u00e9riaux non-tiss\u00e9s (feutre) \u00e0 usage technique en Am\u00e9rique du Nord.","_seopress_robots_index":"","footnotes":""},"class_list":["post-4062","page","type-page","status-publish"],"_links":{"self":[{"href":"https:\/\/feltkutur.com\/fr\/wp-json\/wp\/v2\/pages\/4062","targetHints":{"allow":["GET"]}}],"collection":[{"href":"https:\/\/feltkutur.com\/fr\/wp-json\/wp\/v2\/pages"}],"about":[{"href":"https:\/\/feltkutur.com\/fr\/wp-json\/wp\/v2\/types\/page"}],"author":[{"embeddable":true,"href":"https:\/\/feltkutur.com\/fr\/wp-json\/wp\/v2\/users\/1"}],"replies":[{"embeddable":true,"href":"https:\/\/feltkutur.com\/fr\/wp-json\/wp\/v2\/comments?post=4062"}],"version-history":[{"count":0,"href":"https:\/\/feltkutur.com\/fr\/wp-json\/wp\/v2\/pages\/4062\/revisions"}],"wp:attachment":[{"href":"https:\/\/feltkutur.com\/fr\/wp-json\/wp\/v2\/media?parent=4062"}],"curies":[{"name":"wp","href":"https:\/\/api.w.org\/{rel}","templated":true}]}}