{"id":3981,"date":"2022-01-07T08:26:19","date_gmt":"2022-01-07T13:26:19","guid":{"rendered":"https:\/\/feltkutur.com\/wendake\/"},"modified":"2022-08-03T11:33:52","modified_gmt":"2022-08-03T15:33:52","slug":"wendake","status":"publish","type":"page","link":"https:\/\/feltkutur.com\/fr\/wendake\/","title":{"rendered":"Panneaux acoustiques couleur Wendake"},"content":{"rendered":"\n<h1>\n\t\tLA COULEUR WENDAKE\n\t<\/h1>\n<h2>\n\t\tPANNEAUX ACOUSTIQUES\n\t<\/h2>\n\t\t\t<img decoding=\"async\" loading='false' src=\"https:\/\/feltkutur.com\/wp-content\/uploads\/Felkultur2020-9-1-scaled.jpg\" alt=\"\" \/>\t\t\t\n\t<p>Les panneaux acoustiques de couleur Wendake s&#8217;invitent facilement dans plusieurs types d&#8217;int\u00e9rieurs ayant comme premier atout une tonalit\u00e9 tr\u00e8s vari\u00e9e, de la plus enveloppante et rassurante \u00e0 la plus claire et lumineuse. Il est tr\u00e8s facile de marier cette teinte avec de nombreuses autres couleurs. On aime son rappel \u00e0 la nature et en particulier \u00e0 la terre qui en fait une couleur intemporelle. Elle s&#8217;utilise dans tous les types d&#8217;environnement comme les halls d&#8217;entr\u00e9e, caf\u00e9t\u00e9rias, bureaux et autres ambiances des plus surprenantes.<\/p>\n<p>Dans les teintes de la terre et du chocolat, les panneaux acoustiques de couleur Wendake offrent quelque chose de magique aux lieux qu&#8217;ils habillent. Reconnue pour faire en sorte que les gens se sentent confortable, cette couleur est une toile de fond parfaite pour accueillir n&#8217;importe quel accompagnement lumineux. Le Wendake pourrait bien \u00eatre la couleur qui apportera un int\u00e9r\u00eat suppl\u00e9mentaire \u00e0 votre environnement!<\/p>\n<p>\u00a0<\/p>\n\t\t\t\t<img decoding=\"async\" src=\"https:\/\/feltkutur.com\/wp-content\/uploads\/Richelieu-Feltkutur-Brun-Wendake.jpg\" alt=\"Wendake-Acoustical-Felt\" itemprop=\"image\" title=\"Wendake-Acoustical-Felt\" onerror=\"this.style.display='none'\"  \/>\n\t\t\t<img decoding=\"async\" loading='false' src=\"https:\/\/feltkutur.com\/wp-content\/uploads\/Felkultur2020-8-1-scaled.jpg\" alt=\"\" \/>\t\t\t\n\t<p>Cette couleur fonc\u00e9e est pr\u00e9sente dans notre environnement naturel et s&#8217;harmonise tr\u00e8s bien avec les diff\u00e9rentes teintes de vert, les mobiliers en bois ainsi que les mat\u00e9riaux naturels tels que l&#8217;osier et le rotin. Ces harmonies conviennent particuli\u00e8rement bien et sont recommand\u00e9es si vous \u00eates \u00e0 la recherche d&#8217;une ambiance zen et reposante.<\/p>\n<p>\u00a0<\/p>\n\n","protected":false},"excerpt":{"rendered":"<p>LA COULEUR WENDAKE PANNEAUX ACOUSTIQUES Les panneaux acoustiques de couleur Wendake s&#8217;invitent facilement dans plusieurs types d&#8217;int\u00e9rieurs ayant comme premier atout une tonalit\u00e9 tr\u00e8s vari\u00e9e, de la plus enveloppante et rassurante \u00e0 la plus claire et lumineuse. Il est tr\u00e8s facile de marier cette teinte avec de nombreuses autres couleurs. On aime son rappel \u00e0 [&#8230;]<\/p>\n<p><a class=\"btn btn-secondary understrap-read-more-link\" href=\"https:\/\/feltkutur.com\/fr\/wendake\/\">Read More&#8230;<\/a><\/p>\n","protected":false},"author":1,"featured_media":0,"parent":0,"menu_order":0,"comment_status":"closed","ping_status":"closed","template":"","meta":{"_seopress_robots_primary_cat":"","_seopress_titles_title":"","_seopress_titles_desc":"Les panneaux acoustiques de couleur Wendake s\u2019invitent facilement dans plusieurs types d\u2019int\u00e9rieurs ayant comme premier atout une tonalit\u00e9 tr\u00e8s vari\u00e9e.","_seopress_robots_index":"","footnotes":""},"class_list":["post-3981","page","type-page","status-publish"],"_links":{"self":[{"href":"https:\/\/feltkutur.com\/fr\/wp-json\/wp\/v2\/pages\/3981","targetHints":{"allow":["GET"]}}],"collection":[{"href":"https:\/\/feltkutur.com\/fr\/wp-json\/wp\/v2\/pages"}],"about":[{"href":"https:\/\/feltkutur.com\/fr\/wp-json\/wp\/v2\/types\/page"}],"author":[{"embeddable":true,"href":"https:\/\/feltkutur.com\/fr\/wp-json\/wp\/v2\/users\/1"}],"replies":[{"embeddable":true,"href":"https:\/\/feltkutur.com\/fr\/wp-json\/wp\/v2\/comments?post=3981"}],"version-history":[{"count":0,"href":"https:\/\/feltkutur.com\/fr\/wp-json\/wp\/v2\/pages\/3981\/revisions"}],"wp:attachment":[{"href":"https:\/\/feltkutur.com\/fr\/wp-json\/wp\/v2\/media?parent=3981"}],"curies":[{"name":"wp","href":"https:\/\/api.w.org\/{rel}","templated":true}]}}