{"id":3924,"date":"2021-12-13T09:15:36","date_gmt":"2021-12-13T14:15:36","guid":{"rendered":"https:\/\/feltkutur.com\/miora-luminaire\/"},"modified":"2022-07-29T13:07:20","modified_gmt":"2022-07-29T17:07:20","slug":"miora-luminaire","status":"publish","type":"page","link":"https:\/\/feltkutur.com\/fr\/miora-luminaire\/","title":{"rendered":"Feutre acoustique Miora Luminaire"},"content":{"rendered":"\n<h2>\n\t\tMiora Luminaire\n\t<\/h2>\n<h1>\n\t\tLuminaires Acoustiques\n\t<\/h1>\n\t<p><a href=\"https:\/\/www.miora-luminaire.com\/blank-c1bea\"><strong>Miora Luminaire <\/strong><\/a>est une entreprise situ\u00e9e au Qu\u00e9bec. C&#8217;est dans leur atelier \u00e0 Granby, Qc, que l&#8217;\u00e9quipe con\u00e7oit tous leurs luminaires LED \u00e9pur\u00e9s et personnalisables. Leur salle de montre permet \u00e9galement d&#8217;offrir un environnement inspirant pour les designers \u00e0 la recherche d&#8217;un accent original \u00e0 apporter au design.<\/p>\n\n<p>En plus d&#8217;effectuer un achat local en encourageant cette entreprise, Miora elle-m\u00eame s&#8217;engage \u00e0 encourager les entreprises canadiennes au niveau de leurs sources d&#8217;approvisionnement des mati\u00e8res premi\u00e8res utilis\u00e9es pour la confection des luminaires.<\/p>\n<p>&nbsp;<\/p>\n<p>&nbsp;<\/p>\n\t<p>En constatant la demande grandissante des produits feutr\u00e9s pour plusieurs types d&#8217;environnements, Pierre Gagn\u00e9 a eu l&#8217;id\u00e9e d&#8217;int\u00e9grer le feutre \u00e0 ses produits. Il a alors fait des recherches et c&#8217;est en trouvant les panneaux <a href=\"https:\/\/feltkutur.com\/fr\/panneaux-acoustiques-duotex\/\"><strong>D\u00fcotex<\/strong> <\/a>que ses d\u00e9veloppements ont d\u00e9but\u00e9s. Gr\u00e2ce \u00e0 leur d\u00e9veloppement, quatre collections standards sont disponibles chez <a href=\"https:\/\/www.miora-luminaire.com\/copie-de-murales\"><strong>Miora Luminaire<\/strong><\/a>; le Frontenac, le Cartier, le Montcalm ainsi que le Champlain et plus encore lorsque vous d\u00e9sirez personnaliser votre luminaire.<\/p>\n<p>Fabriqu\u00e9s \u00e0 partir de fibres de polyester recyclables,&nbsp;les panneaux&nbsp;acoustiques <a href=\"https:\/\/feltkutur.com\/fr\/panneau-acoustique-duotex\/\"><strong>D\u00fcotex <\/strong><\/a>sont tr\u00e8s efficaces en mati\u00e8re d&#8217;isolation phonique. La composition flexible des panneaux permet en effet d&#8217;absorber au mieux les sons de diff\u00e9rentes fr\u00e9quences.&nbsp; Les performances acoustiques sont modulables selon leurs dispositions. Le <a href=\"https:\/\/feltkutur.com\/fr\/panneau-acoustique-duotex\/\"><strong>D\u00fcotex<\/strong> <\/a>est disponible en 6.4mm ou en 12mm.<\/p>\n<p>&nbsp;<\/p>\n\t<p>Les luminaires acoustiques int\u00e9grant le feutre permettent d&#8217;augmenter les propri\u00e9t\u00e9s acoustiques dans l&#8217;environnement en question. Ils sont un bon atout lorsque l&#8217;environnement est en majeur partie compos\u00e9 de vitres ou lorsque les surfaces murales sont inaccessibles.<\/p>\n","protected":false},"excerpt":{"rendered":"<p>Miora Luminaire Luminaires Acoustiques Miora Luminaire est une entreprise situ\u00e9e au Qu\u00e9bec. C&#8217;est dans leur atelier \u00e0 Granby, Qc, que l&#8217;\u00e9quipe con\u00e7oit tous leurs luminaires LED \u00e9pur\u00e9s et personnalisables. Leur salle de montre permet \u00e9galement d&#8217;offrir un environnement inspirant pour les designers \u00e0 la recherche d&#8217;un accent original \u00e0 apporter au design. En plus d&#8217;effectuer [&#8230;]<\/p>\n<p><a class=\"btn btn-secondary understrap-read-more-link\" href=\"https:\/\/feltkutur.com\/fr\/miora-luminaire\/\">Read More&#8230;<\/a><\/p>\n","protected":false},"author":1,"featured_media":0,"parent":0,"menu_order":0,"comment_status":"closed","ping_status":"closed","template":"","meta":{"_seopress_robots_primary_cat":"","_seopress_titles_title":"","_seopress_titles_desc":"Les luminaires acoustiques int\u00e9grant le feutre permettent d\u2019augmenter les propri\u00e9t\u00e9s acoustiques dans l\u2019environnement en question.","_seopress_robots_index":"","footnotes":""},"class_list":["post-3924","page","type-page","status-publish"],"_links":{"self":[{"href":"https:\/\/feltkutur.com\/fr\/wp-json\/wp\/v2\/pages\/3924","targetHints":{"allow":["GET"]}}],"collection":[{"href":"https:\/\/feltkutur.com\/fr\/wp-json\/wp\/v2\/pages"}],"about":[{"href":"https:\/\/feltkutur.com\/fr\/wp-json\/wp\/v2\/types\/page"}],"author":[{"embeddable":true,"href":"https:\/\/feltkutur.com\/fr\/wp-json\/wp\/v2\/users\/1"}],"replies":[{"embeddable":true,"href":"https:\/\/feltkutur.com\/fr\/wp-json\/wp\/v2\/comments?post=3924"}],"version-history":[{"count":0,"href":"https:\/\/feltkutur.com\/fr\/wp-json\/wp\/v2\/pages\/3924\/revisions"}],"wp:attachment":[{"href":"https:\/\/feltkutur.com\/fr\/wp-json\/wp\/v2\/media?parent=3924"}],"curies":[{"name":"wp","href":"https:\/\/api.w.org\/{rel}","templated":true}]}}