{"id":3883,"date":"2021-12-03T13:23:20","date_gmt":"2021-12-03T18:23:20","guid":{"rendered":"https:\/\/feltkutur.com\/partenaires-manufacturiers\/"},"modified":"2022-08-02T15:52:42","modified_gmt":"2022-08-02T19:52:42","slug":"partenaires-manufacturiers","status":"publish","type":"page","link":"https:\/\/feltkutur.com\/fr\/partenaires-manufacturiers\/","title":{"rendered":"Partenaires Manufacturiers"},"content":{"rendered":"\n<h1>\n\t\tR\u00e9seau de partenaires manufacturiers\n\t<\/h1>\n<h2>\n\t\tUne strat\u00e9gie qui porte fruits\n\t<\/h2>\n\t<p>En 2016, la marque <strong>Feltk\u00fctur<\/strong> fut cr\u00e9\u00e9e. D\u00e8s le d\u00e9but, l&#8217;\u00e9quipe fait le choix de s&#8217;entourer de partenaires soigneusement s\u00e9lectionn\u00e9s, parmi lesquels on retrouve<strong><a href=\"https:\/\/panolite.com\"> Panolite<\/a>,<\/strong> fabricant des panneaux <strong><a href=\"https:\/\/feltkutur.com\/fr\/technologie-tekboard\/\">Tekboard<\/a>,<\/strong> et <a href=\"https:\/\/feltkutur.com\/fr\/lessard\/\"><strong>Lessard<\/strong><\/a>, fabricant des plafonniers acoustiques <a href=\"https:\/\/feltkutur.com\/fr\/collection-constellation\/\"><strong>Constellation<\/strong><\/a>. Cette association de manufacturiers partenaires permet de cr\u00e9er des produits \u00e0 valeurs ajout\u00e9es et solidifie le r\u00e9seaux de distribution.<\/p>\n\t<p>&nbsp;<\/p>\n\n<strong><a href=\"https:\/\/panolite.com\">Panolite<\/a>, <\/strong>situ\u00e9e au Lac-M\u00e9gantic, poss\u00e8de une grande expertise dans la fabrication de panneaux structurels alv\u00e9olaires. Gr\u00e2ce \u00e0 cette union, nous avons pu \u00e9largir la gamme des panneaux <a href=\"https:\/\/feltkutur.com\/fr\/technologie-tekboard\/\"><strong>Tekboard<\/strong><\/a>, en incluant un panneau ayant des propri\u00e9t\u00e9s de \u00ab blocage de son \u00bb (STC). L&#8217;expertise de <a href=\"https:\/\/panolite.com\"><strong>Panolite<\/strong> <\/a>a permis d&#8217;int\u00e9grer des bandes de chant et une panoplie de quincaillerie permettant l&#8217;assemblage des panneaux, afin de cr\u00e9er des modules.\n<p>Que ce soit pour la fabrication de lames acoustiques <a href=\"https:\/\/feltkutur.com\/fr\/tekboard-beam\/\"><strong>Tekboard Beam<\/strong><\/a>, de panneaux acoustiques muraux <a href=\"https:\/\/feltkutur.com\/fr\/tekboard-studio\/\"><strong>Tekboard Studio<\/strong><\/a>,\u00a0de murs acoustiques pour cabines t\u00e9l\u00e9phoniques, de panneaux diviseurs ou de mobiliers de bureau, <a href=\"https:\/\/panolite.com\"><strong>Panolite <\/strong>\u00a0<\/a>est un partenaire id\u00e9ale.<\/p>\n\t<p>Depuis 2017, l&#8217;\u00e9quipe\u00a0<a href=\"https:\/\/feltkutur.com\/fr\/lessard\/\"><strong>Lessard<\/strong> <\/a>situ\u00e9e \u00e0 St-Joseph de Beauce\u00a0 propose un<strong>\u00a0service de d\u00e9coupe sur-mesure\u00a0<\/strong>des panneaux acoustiques Feltk\u00fctur. <a href=\"https:\/\/feltkutur.com\/fr\/lessard\/\"><strong>Lessard <\/strong><\/a>se sp\u00e9cialise dans la d\u00e9coupe industrielle de mat\u00e9riaux souples. Leur expertise permet de satisfaire toute demande qui concerne la d\u00e9coupe sur-mesure. L&#8217;\u00e9quipe est \u00e9quip\u00e9e d&#8217;une\u00a0machine num\u00e9rique\u00a0dont les performances sont proches de celles de la d\u00e9coupe laser.<\/p>\n<p>En plus du service de d\u00e9coupe, l&#8217;\u00e9quipe de <a href=\"https:\/\/feltkutur.com\/fr\/lessard\/\"><strong>Lessard <\/strong><\/a>poss\u00e8de l&#8217;expertise adh\u00e9sive derri\u00e8re notre\u00a0<a href=\"https:\/\/feltkutur.com\/fr\/panneaux-acoustiques-duotex-tahmea\/\"><strong>D\u00fcotex Tahmea<\/strong><\/a>, pour tous vos projets de tuiles acoustiques murales.<\/p>\n<p>\u00a0<\/p>\n\t\t\t<img decoding=\"async\" loading='false' src=\"https:\/\/feltkutur.com\/wp-content\/uploads\/FeltkulturSolutionsGA-23-2-scaled.jpg\" alt=\"\" \/>\t\t\t\n\t\t\t<img decoding=\"async\" loading='false' src=\"https:\/\/feltkutur.com\/wp-content\/uploads\/ORION-A-scaled.jpg\" alt=\"\" \/>\t\t\t\n\t\t\t<img decoding=\"async\" loading='false' src=\"https:\/\/feltkutur.com\/wp-content\/uploads\/MarinaFeltkultur-15-1-scaled.jpg\" alt=\"\" \/>\t\t\t\n\t<p>5 ans plus tard, avec nos partenaires toujours \u00e0 nos c\u00f4t\u00e9s, nous vous proposons des produits de qualit\u00e9, pour lesquels nous disposons d&#8217;une r\u00e9elle expertise acoustique.<\/p>\n<h3>\n\t\tLes mutations du march\u00e9, des d\u00e9fis relev\u00e9s\n\t<\/h3>\n\t<p>Ces 5 derni\u00e8res ann\u00e9es, le march\u00e9 des panneaux acoustiques n&#8217;a pas cess\u00e9 d&#8217;\u00e9voluer. Nous avons \u00e9toff\u00e9 notre catalogue de produits et continuons de le faire jour apr\u00e8s jour pour vous proposer les meilleures solutions techniques et esth\u00e9tiques.<\/p>\n<h3>\n\t\tLa formation et le respect de nos partenaires comme valeurs historiques\n\t<\/h3>\n\t<p>Depuis toujours, avec nos \u00e9quipes et partenaires, nous mettons au premier plan la qualit\u00e9 des relations humaines. Respect mutuel et confiance nous permettent de travailler main dans la main pour la satisfaction de nos clients. Dans un monde o\u00f9 les technologies se d\u00e9veloppent \u00e0 vive allure, nous conservons les valeurs qui nous ont permis de faire de<strong> Feltk\u00fctur <\/strong>la collection qu&#8217;elle est aujourd&#8217;hui.<\/p>\n\n","protected":false},"excerpt":{"rendered":"<p>R\u00e9seau de partenaires manufacturiers Une strat\u00e9gie qui porte fruits En 2016, la marque Feltk\u00fctur fut cr\u00e9\u00e9e. D\u00e8s le d\u00e9but, l&#8217;\u00e9quipe fait le choix de s&#8217;entourer de partenaires soigneusement s\u00e9lectionn\u00e9s, parmi lesquels on retrouve Panolite, fabricant des panneaux Tekboard, et Lessard, fabricant des plafonniers acoustiques Constellation. Cette association de manufacturiers partenaires permet de cr\u00e9er des produits [&#8230;]<\/p>\n<p><a class=\"btn btn-secondary understrap-read-more-link\" href=\"https:\/\/feltkutur.com\/fr\/partenaires-manufacturiers\/\">Read More&#8230;<\/a><\/p>\n","protected":false},"author":1,"featured_media":0,"parent":0,"menu_order":0,"comment_status":"closed","ping_status":"closed","template":"","meta":{"_seopress_robots_primary_cat":"","_seopress_titles_title":"","_seopress_titles_desc":"Des partenaires soigneusement s\u00e9lectionn\u00e9s, parmi lesquels on retrouve Panolite, fabricant des panneaux Tekboard, et Lessard sp\u00e9cialiste en d\u00e9coupe.","_seopress_robots_index":"","footnotes":""},"class_list":["post-3883","page","type-page","status-publish"],"_links":{"self":[{"href":"https:\/\/feltkutur.com\/fr\/wp-json\/wp\/v2\/pages\/3883","targetHints":{"allow":["GET"]}}],"collection":[{"href":"https:\/\/feltkutur.com\/fr\/wp-json\/wp\/v2\/pages"}],"about":[{"href":"https:\/\/feltkutur.com\/fr\/wp-json\/wp\/v2\/types\/page"}],"author":[{"embeddable":true,"href":"https:\/\/feltkutur.com\/fr\/wp-json\/wp\/v2\/users\/1"}],"replies":[{"embeddable":true,"href":"https:\/\/feltkutur.com\/fr\/wp-json\/wp\/v2\/comments?post=3883"}],"version-history":[{"count":0,"href":"https:\/\/feltkutur.com\/fr\/wp-json\/wp\/v2\/pages\/3883\/revisions"}],"wp:attachment":[{"href":"https:\/\/feltkutur.com\/fr\/wp-json\/wp\/v2\/media?parent=3883"}],"curies":[{"name":"wp","href":"https:\/\/api.w.org\/{rel}","templated":true}]}}