{"id":3788,"date":"2021-10-25T13:25:05","date_gmt":"2021-10-25T17:25:05","guid":{"rendered":"https:\/\/feltkutur.com\/rougemont\/"},"modified":"2022-07-29T14:09:49","modified_gmt":"2022-07-29T18:09:49","slug":"rougemont","status":"publish","type":"page","link":"https:\/\/feltkutur.com\/fr\/rougemont\/","title":{"rendered":"Feutre acoustique couleur Rougemont"},"content":{"rendered":"\n<h1>\n\t\tRougemont\n\t<\/h1>\n\t<p>La couleur rouge, dans un d\u00e9cor autant r\u00e9sidentiel que commercial, a sa place afin de cr\u00e9er un espace personnalis\u00e9, car cette teinte a plusieurs significations qui pourront s&#8217;harmoniser avec l&#8217;ambiance que vous voulez cr\u00e9er dans la pi\u00e8ce de votre choix. Le ton de couleur de notre Rougement permet de donner du caract\u00e8re \u00e0 votre design. Elle est souvent associ\u00e9e \u00e0 l&#8217;action, l&#8217;\u00e9nergie et la d\u00e9termination. Tous les espaces de bureau doivent \u00eatre con\u00e7us afin de stimuler les employ\u00e9s pour l&#8217;accomplissement de leur travail. De plus, cette couleur s&#8217;adapte parfaitement avec les saisons! En hiver, elle permet de r\u00e9chauffer votre environnement et en \u00e9t\u00e9, elle offre un c\u00f4t\u00e9 frais et dynamique.<\/p>\n<p>&nbsp;<\/p>\n<p>&nbsp;<\/p>\n\t<p>Nos <a href=\"https:\/\/feltkutur.com\/fr\/panneau-acoustique-duotex\/\"><strong>panneaux acoustiques Rougemont <\/strong><\/a>ont tr\u00e8s bien leur place lorsqu&#8217;il est question d&#8217;ajouter un accent de couleur. Nos collections de <a href=\"https:\/\/feltkutur.com\/fr\/collections-tuiles-acoustiques-blachford\/\"><strong>tuiles acoustiques<\/strong><\/a> peuvent rendre l&#8217;installation plus facile gr\u00e2ce \u00e0 la technologie du <a href=\"https:\/\/feltkutur.com\/acoustical-panels-duotex-tahmea\/\"><strong>D\u00fcotex Tahmea<\/strong><\/a>, une solution incluant un autocollant deux faces \u00e0 l&#8217;arri\u00e8re du D\u00fcotex. Que ce soit pour une d\u00e9coration sophistiqu\u00e9e, moderne,&nbsp; branch\u00e9e ou pour un d\u00e9cor des plus simples, le Rougemont se mariera parfaitement \u00e0 vos id\u00e9es de d\u00e9cor!<\/p>\n","protected":false},"excerpt":{"rendered":"<p>Rougemont La couleur rouge, dans un d\u00e9cor autant r\u00e9sidentiel que commercial, a sa place afin de cr\u00e9er un espace personnalis\u00e9, car cette teinte a plusieurs significations qui pourront s&#8217;harmoniser avec l&#8217;ambiance que vous voulez cr\u00e9er dans la pi\u00e8ce de votre choix. Le ton de couleur de notre Rougement permet de donner du caract\u00e8re \u00e0 votre [&#8230;]<\/p>\n<p><a class=\"btn btn-secondary understrap-read-more-link\" href=\"https:\/\/feltkutur.com\/fr\/rougemont\/\">Read More&#8230;<\/a><\/p>\n","protected":false},"author":1,"featured_media":0,"parent":0,"menu_order":0,"comment_status":"closed","ping_status":"closed","template":"","meta":{"_seopress_robots_primary_cat":"","_seopress_titles_title":"","_seopress_titles_desc":"Nos panneaux acoustiques Rougemont ont tr\u00e8s bien leur place lorsqu\u2019il est question d\u2019ajouter un accent de couleur.","_seopress_robots_index":"","footnotes":""},"class_list":["post-3788","page","type-page","status-publish"],"_links":{"self":[{"href":"https:\/\/feltkutur.com\/fr\/wp-json\/wp\/v2\/pages\/3788","targetHints":{"allow":["GET"]}}],"collection":[{"href":"https:\/\/feltkutur.com\/fr\/wp-json\/wp\/v2\/pages"}],"about":[{"href":"https:\/\/feltkutur.com\/fr\/wp-json\/wp\/v2\/types\/page"}],"author":[{"embeddable":true,"href":"https:\/\/feltkutur.com\/fr\/wp-json\/wp\/v2\/users\/1"}],"replies":[{"embeddable":true,"href":"https:\/\/feltkutur.com\/fr\/wp-json\/wp\/v2\/comments?post=3788"}],"version-history":[{"count":0,"href":"https:\/\/feltkutur.com\/fr\/wp-json\/wp\/v2\/pages\/3788\/revisions"}],"wp:attachment":[{"href":"https:\/\/feltkutur.com\/fr\/wp-json\/wp\/v2\/media?parent=3788"}],"curies":[{"name":"wp","href":"https:\/\/api.w.org\/{rel}","templated":true}]}}