{"id":3763,"date":"2021-10-18T10:38:25","date_gmt":"2021-10-18T14:38:25","guid":{"rendered":"https:\/\/feltkutur.com\/groupe-ferti\/"},"modified":"2022-07-29T11:13:58","modified_gmt":"2022-07-29T15:13:58","slug":"groupe-ferti","status":"publish","type":"page","link":"https:\/\/feltkutur.com\/fr\/groupe-ferti\/","title":{"rendered":"Feutre acoustique partenaire Groupe Ferti"},"content":{"rendered":"\n<h1>\n\t\tGROUPE FERTI &#8211; L&#8217;\u00c9QUIPE\n\t<\/h1>\n\t\t\t<img decoding=\"async\" loading=\"false\" src=\"https:\/\/feltkutur.com\/wp-content\/uploads\/Feltkultur-Ferti-3-scaled.jpg\" alt=\"\">\t\t\t\n\t<p>Situ\u00e9e dans la municipalit\u00e9 de Sainte-Marie, en Beauce, <a href=\"https:\/\/groupeferti.com\/a-propos\/\"><strong>Groupe Ferti<\/strong><\/a> a comme mission de \u00ab<em>Valoriser les espaces verts de nos clients r\u00e9sidentiels, commerciaux et municipaux en offrant une gamme compl\u00e8te de services sp\u00e9cialis\u00e9s en entretien et gestion du gazon, horticulture, arboriculture et am\u00e9nagement paysager<\/em>.\u00bb<\/p>\n\t<p>Groupe Ferti est le fruit de plusieurs d\u00e9cennies de travail acharn\u00e9. Le pr\u00e9sident de la compagnie, R\u00e9mi Breton, a cr\u00e9\u00e9e l&#8217;entreprise Groupe Ferti en 1986, op\u00e9rant sous le nom de Fertibeauce Inc. jusqu&#8217;en 2014. Ayant les id\u00e9es aux affaires, R\u00e9mi sait qu&#8217;il devra compter sur une \u00e9quipe de sp\u00e9cialistes afin d&#8217;assurer l&#8217;\u00e9volution de son entreprise.<\/p>\n<p>En 2017, la rel\u00e8ve est maintenant pr\u00eate \u00e0 int\u00e9grer la compagnie. Vanessa Breton, la fille du pr\u00e9sident, occupe alors le poste de Coordonnatrice au d\u00e9veloppement des affaires et marketing, apportant ainsi un vent de fraicheur \u00e0 l&#8217;entreprise gr\u00e2ce \u00e0 ses \u00e9tudes dans le domaine de la gestion commerciale et ses formations dans l&#8217;industrie des espaces verts.<\/p>\n\t\t\t\t<img decoding=\"async\" src=\"https:\/\/feltkutur.com\/wp-content\/uploads\/Feltkultur-Ferti-14-scaled.jpg\" alt=\"Feltkultur-Ferti-14\" itemprop=\"image\" title=\"Feltkultur-Ferti-14\" onerror=\"this.style.display='none'\" width=\"1707\" height=\"2560\">\n\t<p>L&#8217;entreprise comporte plusieurs sp\u00e9cialistes et ce, r\u00e9partis dans diff\u00e9rents d\u00e9partements dont le service \u00e0 la client\u00e8le, l&#8217;administration, les conseils techniques, l&#8217;horticulture, l&#8217;arboriculture, la gestion du gazon, l&#8217;am\u00e9nagement paysager ainsi que la fertilisation de pelouse. Le projet r\u00e9alis\u00e9 pour les bureaux du si\u00e8ge social de Groupe Ferti \u00e9tait ax\u00e9 principalement dans l&#8217;espace du d\u00e9partement du service \u00e0 la client\u00e8le afin de minimiser l&#8217;\u00e9cho dans la salle d&#8217;appels.&nbsp; \u00ab Nous voulions un environnement qui offre les conditions id\u00e9ales pour accomplir le travail. L&#8217;acoustique devenait un enjeu majeur et l&#8217;\u00e9quipe est reconnaissante du travail acoustique des panneaux Feltk\u00fctur.\u00bb, souligne Vanessa Breton. &nbsp;<\/p>\n<p>&nbsp;<\/p>\n\t<p>C&#8217;est gr\u00e2ce aux <a href=\"https:\/\/feltkutur.com\/fr\/panneaux-acoustiques-duotex\/\"><strong>panneaux D\u00fcotex<\/strong><\/a> et <a href=\"https:\/\/feltkutur.com\/fr\/panneaux-acoustiques-duotex-tahmea\/\"><strong>D\u00fcotex Tahmea <\/strong><\/a>de <a href=\"https:\/\/feltkutur.com\/fr\/\"><strong>Feltk\u00fctur<\/strong>, <\/a>mari\u00e9s au travail de design et de d\u00e9coupe de notre partenaire <a href=\"https:\/\/feltkutur.com\/fr\/lessard\/\"><strong>Lessard<\/strong><\/a> et \u00e0 la vision de Groupe Ferti que le projet a \u00e9t\u00e9 concr\u00e9tis\u00e9. Des heures de d\u00e9veloppements et d&#8217;\u00e9changes entre toutes ces parties prenantes!<\/p>\n<p>&nbsp;<\/p>\n","protected":false},"excerpt":{"rendered":"<p>GROUPE FERTI &#8211; L&#8217;\u00c9QUIPE Situ\u00e9e dans la municipalit\u00e9 de Sainte-Marie, en Beauce, Groupe Ferti a comme mission de \u00abValoriser les espaces verts de nos clients r\u00e9sidentiels, commerciaux et municipaux en offrant une gamme compl\u00e8te de services sp\u00e9cialis\u00e9s en entretien et gestion du gazon, horticulture, arboriculture et am\u00e9nagement paysager.\u00bb Groupe Ferti est le fruit de plusieurs [&#8230;]<\/p>\n<p><a class=\"btn btn-secondary understrap-read-more-link\" href=\"https:\/\/feltkutur.com\/fr\/groupe-ferti\/\">Read More&#8230;<\/a><\/p>\n","protected":false},"author":1,"featured_media":0,"parent":0,"menu_order":0,"comment_status":"closed","ping_status":"closed","template":"","meta":{"_seopress_robots_primary_cat":"","_seopress_titles_title":"","_seopress_titles_desc":"La mission du Groupe Ferti est de \"Promouvoir les espaces verts de nos clients r\u00e9sidentiels, commerciaux et municipaux en offrant une gamme compl\u00e8te de services sp\u00e9cialis\u00e9s\".","_seopress_robots_index":"","footnotes":""},"class_list":["post-3763","page","type-page","status-publish"],"_links":{"self":[{"href":"https:\/\/feltkutur.com\/fr\/wp-json\/wp\/v2\/pages\/3763","targetHints":{"allow":["GET"]}}],"collection":[{"href":"https:\/\/feltkutur.com\/fr\/wp-json\/wp\/v2\/pages"}],"about":[{"href":"https:\/\/feltkutur.com\/fr\/wp-json\/wp\/v2\/types\/page"}],"author":[{"embeddable":true,"href":"https:\/\/feltkutur.com\/fr\/wp-json\/wp\/v2\/users\/1"}],"replies":[{"embeddable":true,"href":"https:\/\/feltkutur.com\/fr\/wp-json\/wp\/v2\/comments?post=3763"}],"version-history":[{"count":0,"href":"https:\/\/feltkutur.com\/fr\/wp-json\/wp\/v2\/pages\/3763\/revisions"}],"wp:attachment":[{"href":"https:\/\/feltkutur.com\/fr\/wp-json\/wp\/v2\/media?parent=3763"}],"curies":[{"name":"wp","href":"https:\/\/api.w.org\/{rel}","templated":true}]}}