{"id":3719,"date":"2021-10-04T13:03:16","date_gmt":"2021-10-04T17:03:16","guid":{"rendered":"https:\/\/feltkutur.com\/panneaux-acoustiques-thermoformables\/"},"modified":"2022-08-02T16:17:54","modified_gmt":"2022-08-02T20:17:54","slug":"panneaux-acoustiques-thermoformables","status":"publish","type":"page","link":"https:\/\/feltkutur.com\/fr\/panneaux-acoustiques-thermoformables\/","title":{"rendered":"Panneaux acoustiques thermoformables"},"content":{"rendered":"\n<h1>\n\t\tPanneaux acoustiques thermoformables\n\t<\/h1>\n\t<p>Thermoformage est un terme g\u00e9n\u00e9ral qui se r\u00e9f\u00e8re au processus de transformation d&#8217;une feuille bidimensionnelle en une forme tridimensionnelle en utilisant la chaleur et la pression.\u00a0Le thermoformage peut \u00eatre utilis\u00e9 afin de fa\u00e7onner notre<a href=\"https:\/\/feltkutur.com\/fr\/panneaux-acoustiques-duotex\/\"> <strong>panneau acoustique D\u00fcotex<\/strong><\/a>.\u00a0Le principal avantage de cette technique r\u00e9side dans son vaste champ d&#8217;application\u00a0: Les propri\u00e9t\u00e9s sp\u00e9ciales thermoplastiques du <strong>panneau acoustique D\u00fcotex<\/strong> permettent de cr\u00e9er diverses formes.<\/p>\n\t<p><strong>Avantages du thermoformage<\/strong><\/p>\n<p>Le thermoformage en formes tridimensionnelles pr\u00e9sente de nombreux avantages qui en font un compl\u00e9ment pour am\u00e9liorer les propri\u00e9t\u00e9s acoustiques.\u00a0Voici quelques-uns de ces avantages\u00a0:<\/p>\n\u2022 Possibilit\u00e9 de cr\u00e9er plusieurs pi\u00e8ces finies \u00e0 partir du m\u00eame mat\u00e9riau<br \/>\n\u2022 Possibilit\u00e9 de cr\u00e9er des espaces d&#8217;air afin d&#8217;augmenter les propri\u00e9t\u00e9s acoustiques<br \/>\n\u2022 Possibilit\u00e9 de cr\u00e9er de nouvelles textures par embossage\n\t\t\t\t<img decoding=\"async\" src=\"https:\/\/feltkutur.com\/wp-content\/uploads\/Embossing-3-1-scaled.jpg\" alt=\"Embossing\" itemprop=\"image\" height=\"1244\" width=\"2560\" title=\"Embossing\" onerror=\"this.style.display='none'\"  \/>\n\t\t\t\t<img decoding=\"async\" src=\"https:\/\/feltkutur.com\/wp-content\/uploads\/20200303_160907-scaled.jpg\" alt=\"Embossing\" itemprop=\"image\" height=\"1920\" width=\"2560\" title=\"Embossing\" onerror=\"this.style.display='none'\"  \/>\n\t\t\t\t<img decoding=\"async\" src=\"https:\/\/feltkutur.com\/wp-content\/uploads\/20180815_115449-scaled.jpg\" alt=\"Embossing\" itemprop=\"image\" height=\"2560\" width=\"1244\" title=\"Embossing\" onerror=\"this.style.display='none'\"  \/>\n\t<p>Nos <a href=\"https:\/\/feltkutur.com\/fr\/panneaux-acoustiques-duotex\/\"><strong>panneaux acoustiques D\u00fcotex<\/strong><\/a> sont fabriqu\u00e9s en feutre 100 % polyester avec un syst\u00e8me de matrice thermoplastique \u00e0 haute temp\u00e9rature.\u00a0 Il s&#8217;agit d&#8217;un composite durable qui offre une excellente rigidit\u00e9 et une bonne r\u00e9tention de la forme. Il int\u00e8gre \u00e9galement une fonctionnalit\u00e9 d&#8217;absorption acoustique et ne n\u00e9cessite pas de traitements acoustiques secondaires.<\/p>\n<p>Pendant ce temps, <a href=\"https:\/\/texel.ca\/fr\/accueil\/\"><strong>Texel Mat\u00e9riaux Techniques<\/strong> <\/a>travaille avec <a href=\"https:\/\/blachfordacoustics.com\/markets\/office-architectural\/\"><strong>Blachford Acoustics<\/strong><\/a> pour d\u00e9velopper des produits moul\u00e9s et fabriqu\u00e9s destin\u00e9s \u00e0 ce march\u00e9 en pleine croissance. Cette coop\u00e9ration permettra de cr\u00e9er des synergies suppl\u00e9mentaires en utilisant les comp\u00e9tences de base en mati\u00e8re de moulage et de d\u00e9coupe des produits automobiles en fibre ainsi que les \u00e9quipements de moulage existants en Am\u00e9rique du Nord. L&#8217;\u00e9quipe est persuad\u00e9e que c&#8217;est le d\u00e9but d&#8217;une grande histoire \u00e0 succ\u00e8s avec des possibilit\u00e9s infinies de personnalisation des produits.<\/p>\n\t<p><strong>Le Centre d&#8217;excellence de l&#8217;acoustique architecturale de Lydall Technical Nonwovens<\/strong><\/p>\n<p>Depuis 2016,\u00a0<a href=\"https:\/\/lydall.com\/business-segments\/industrial-filtration\/\"><strong>Lydall Technical Nonwovens<\/strong><\/a>\u00a0a mis sur pied un Centre d&#8217;excellence pour les produits acoustiques architecturaux.\u00a0<a href=\"http:\/\/www.texel.ca\/\"><strong>Texel Mat\u00e9riaux Techniques Inc.<\/strong><\/a>\u00a0et sa compagnie s\u0153ur\u00a0<a href=\"https:\/\/www.lydall-gutsche.com\/english\/company\/\"><strong>Gutsche<\/strong><\/a>\u00a0en Allemagne, collaborent aux d\u00e9veloppements de produits. Gutsche poss\u00e8de une riche exp\u00e9rience technique dans le domaine acoustique architecturale.\u00a0L&#8217;entreprise a mis en march\u00e9 une gamme de panneaux acoustiques connue sous le nom\u00a0<a href=\"https:\/\/www.lydall-gutsche.com\/english\/application-areas\/acoustics\/\">d&#8217;<strong>Audiovel<\/strong><\/a>. Cette gamme de feutre de polyester acoustique est destin\u00e9e aux plafonds acoustiques et \u00e0 l&#8217;ameublement de bureaux. R\u00e9cemment, Gutsche a install\u00e9 une nouvelle presse pour la cr\u00e9ation de panneaux acoustiques haute densit\u00e9. La collaboration internationale des deux \u00e9quipes assura la p\u00e9rennit\u00e9 des produits acoustiques composant les panneaux acoustiques architecturaux.<\/p>\n\n","protected":false},"excerpt":{"rendered":"<p>Panneaux acoustiques thermoformables Thermoformage est un terme g\u00e9n\u00e9ral qui se r\u00e9f\u00e8re au processus de transformation d&#8217;une feuille bidimensionnelle en une forme tridimensionnelle en utilisant la chaleur et la pression.\u00a0Le thermoformage peut \u00eatre utilis\u00e9 afin de fa\u00e7onner notre panneau acoustique D\u00fcotex.\u00a0Le principal avantage de cette technique r\u00e9side dans son vaste champ d&#8217;application\u00a0: Les propri\u00e9t\u00e9s sp\u00e9ciales thermoplastiques [&#8230;]<\/p>\n<p><a class=\"btn btn-secondary understrap-read-more-link\" href=\"https:\/\/feltkutur.com\/fr\/panneaux-acoustiques-thermoformables\/\">Read More&#8230;<\/a><\/p>\n","protected":false},"author":1,"featured_media":0,"parent":0,"menu_order":0,"comment_status":"closed","ping_status":"closed","template":"","meta":{"_seopress_robots_primary_cat":"","_seopress_titles_title":"","_seopress_titles_desc":"Le thermoformage peut \u00eatre utilis\u00e9 afin de fa\u00e7onner notre panneau acoustique D\u00fcotex.","_seopress_robots_index":"","footnotes":""},"class_list":["post-3719","page","type-page","status-publish"],"_links":{"self":[{"href":"https:\/\/feltkutur.com\/fr\/wp-json\/wp\/v2\/pages\/3719","targetHints":{"allow":["GET"]}}],"collection":[{"href":"https:\/\/feltkutur.com\/fr\/wp-json\/wp\/v2\/pages"}],"about":[{"href":"https:\/\/feltkutur.com\/fr\/wp-json\/wp\/v2\/types\/page"}],"author":[{"embeddable":true,"href":"https:\/\/feltkutur.com\/fr\/wp-json\/wp\/v2\/users\/1"}],"replies":[{"embeddable":true,"href":"https:\/\/feltkutur.com\/fr\/wp-json\/wp\/v2\/comments?post=3719"}],"version-history":[{"count":0,"href":"https:\/\/feltkutur.com\/fr\/wp-json\/wp\/v2\/pages\/3719\/revisions"}],"wp:attachment":[{"href":"https:\/\/feltkutur.com\/fr\/wp-json\/wp\/v2\/media?parent=3719"}],"curies":[{"name":"wp","href":"https:\/\/api.w.org\/{rel}","templated":true}]}}