{"id":3660,"date":"2021-09-13T07:55:36","date_gmt":"2021-09-13T11:55:36","guid":{"rendered":"https:\/\/feltkutur.com\/tekboard-beam\/"},"modified":"2024-05-13T15:58:06","modified_gmt":"2024-05-13T19:58:06","slug":"tekboard-beam","status":"publish","type":"page","link":"https:\/\/feltkutur.com\/fr\/tekboard-beam\/","title":{"rendered":"Plafionniers acoustiques Tekboard Beam"},"content":{"rendered":"\n<h1>\n\t\tTEKBOARD BEAM\n\t<\/h1>\n<h1>\n\t\tD\u00c9FLECTEUR ACOUSTIQUE\n\t<\/h1>\n\t\t\t\t<img decoding=\"async\" src=\"https:\/\/feltkutur.com\/wp-content\/uploads\/Tekboard_Beam.png\" alt=\"Tekboard_Beam\" itemprop=\"image\" height=\"3000\" width=\"4500\" title=\"Tekboard_Beam\" onerror=\"this.style.display='none'\"  \/>\n\t<p>La collection Tekboard Beam est un ajout tr\u00e8s int\u00e9ressant \u00e0 la famille de produits acoustiques Feltk\u00fctur. Disponibles dans notre gamme de couleurs neutres et vives, elles vous permettent d&#8217;assortir votre d\u00e9cor actuel ou futur. Il est \u00e9galement possible d&#8217;obtenir un effet artistique lorsque plusieurs Tekboard Beams sont install\u00e9s les uns \u00e0 c\u00f4t\u00e9 des autres en combinant plusieurs couleurs ou nuances de gris et de brun.<\/p>\n\t\t\t\t<img decoding=\"async\" src=\"https:\/\/feltkutur.com\/wp-content\/uploads\/Panolite_Beam_Tekboard-003-scaled.jpg\" alt=\"binary comment\" itemprop=\"image\" height=\"753\" width=\"2560\" title=\"Panolite_Beam_Tekboard (003)\" onerror=\"this.style.display='none'\"  \/>\n\t<p>Ce syst\u00e8me de d\u00e9flecteurs de plafond augmente les performances acoustiques de vos bureaux, de votre salle de r\u00e9ception ou de tout autre environnement. Il am\u00e9liore les propri\u00e9t\u00e9s d&#8217;absorption acoustique (NRC de 0,66) gr\u00e2ce \u00e0 la combinaison des surfaces <strong><a href=\"https:\/\/feltkutur.com\/fr\/panneaux-acoustiques-duotex\/\">D\u00fcotex<\/a> <\/strong>et de sa structure en nid d&#8217;abeille.<\/p>\n\t<p>Cette collection vous permet d&#8217;installer facilement les panneaux Tekboard Beam au plafond, lib\u00e9rant ainsi les murs de la pi\u00e8ce pour vos occupations quotidiennes ou l&#8217;ajout d&#8217;autres produits acoustiques tels que le <strong><a href=\"https:\/\/feltkutur.com\/fr\/tekboard-studio\/\">Tekboard Studio<\/a><\/strong>. Les conseils utiles de la brochure aideront votre professionnel \u00e0 r\u00e9aliser l&#8217;installation. Nous vous invitons \u00e0 la consulter en cliquant sur le bouton ci-dessous.<\/p>\n\t<p><a href=\"https:\/\/feltkutur.com\/wp-content\/uploads\/TEKBOARD-BEAM.pdf\" target=\"_blank\" rel=\"noopener\">SP\u00c9CIFICATIONS DU TEKBOARD BEAM<\/a><\/p>\n\t\t\t\t<img decoding=\"async\" src=\"https:\/\/feltkutur.com\/wp-content\/uploads\/dimensions-eng.jpg\" alt=\"dimensions eng\" itemprop=\"image\" height=\"354\" width=\"1444\" title=\"dimensions eng\" onerror=\"this.style.display='none'\"  \/>\n\t\t\t\t<img decoding=\"async\" src=\"https:\/\/feltkutur.com\/wp-content\/uploads\/tekboard_logo_final-300x76.png\" alt=\"tekboard_logo\" itemprop=\"image\" height=\"76\" width=\"300\" title=\"tekboard_logo\" onerror=\"this.style.display='none'\"  \/>\n\t<p>La technologie qui se cache derri\u00e8re la collection Tekboard Beam est la m\u00eame que celle de notre produit standard <strong><a href=\"https:\/\/feltkutur.com\/fr\/panneaux-acoustiques-tekboard\/\">Tekboard<\/a><\/strong>\u00ae qui est un panneau acoustique de qualit\u00e9 sup\u00e9rieure. Ce feutre est un composite avec un noyau en nid d&#8217;abeille qui est combin\u00e9 sous forme de sandwich avec le <a href=\"https:\/\/feltkutur.com\/fr\/panneaux-acoustiques-duotex\/\"><strong>D\u00fcotex<\/strong><\/a>. La diff\u00e9rence est que le Tekboard Beam comprend le syst\u00e8me d&#8217;installation et les dimensions pr\u00e9d\u00e9finies pour le plafond.<\/p>\n\t<p>N&#8217;h\u00e9sitez pas \u00e0 contacter le fabricant pour plus d&#8217;informations, en cliquant sur ce bouton:<\/p>\n\t\t\t<a href=\"https:\/\/panolite.com\/\" target=\"_blank\" rel=\"noopener\">\n\t\t\t\t\t\t\tMANUFACTURIER\n\t\t\t\t\t<\/a>\n\n","protected":false},"excerpt":{"rendered":"<p>TEKBOARD BEAM D\u00c9FLECTEUR ACOUSTIQUE La collection Tekboard Beam est un ajout tr\u00e8s int\u00e9ressant \u00e0 la famille de produits acoustiques Feltk\u00fctur. Disponibles dans notre gamme de couleurs neutres et vives, elles vous permettent d&#8217;assortir votre d\u00e9cor actuel ou futur. Il est \u00e9galement possible d&#8217;obtenir un effet artistique lorsque plusieurs Tekboard Beams sont install\u00e9s les uns \u00e0 [&#8230;]<\/p>\n<p><a class=\"btn btn-secondary understrap-read-more-link\" href=\"https:\/\/feltkutur.com\/fr\/tekboard-beam\/\">Read More&#8230;<\/a><\/p>\n","protected":false},"author":1,"featured_media":0,"parent":0,"menu_order":0,"comment_status":"closed","ping_status":"closed","template":"","meta":{"_seopress_robots_primary_cat":"","_seopress_titles_title":"","_seopress_titles_desc":"Cette collection vous permet d'installer facilement les panneaux Tekboard Beam au plafond, lib\u00e9rant ainsi les murs de la pi\u00e8ce...","_seopress_robots_index":"","footnotes":""},"class_list":["post-3660","page","type-page","status-publish"],"_links":{"self":[{"href":"https:\/\/feltkutur.com\/fr\/wp-json\/wp\/v2\/pages\/3660","targetHints":{"allow":["GET"]}}],"collection":[{"href":"https:\/\/feltkutur.com\/fr\/wp-json\/wp\/v2\/pages"}],"about":[{"href":"https:\/\/feltkutur.com\/fr\/wp-json\/wp\/v2\/types\/page"}],"author":[{"embeddable":true,"href":"https:\/\/feltkutur.com\/fr\/wp-json\/wp\/v2\/users\/1"}],"replies":[{"embeddable":true,"href":"https:\/\/feltkutur.com\/fr\/wp-json\/wp\/v2\/comments?post=3660"}],"version-history":[{"count":0,"href":"https:\/\/feltkutur.com\/fr\/wp-json\/wp\/v2\/pages\/3660\/revisions"}],"wp:attachment":[{"href":"https:\/\/feltkutur.com\/fr\/wp-json\/wp\/v2\/media?parent=3660"}],"curies":[{"name":"wp","href":"https:\/\/api.w.org\/{rel}","templated":true}]}}