{"id":3482,"date":"2021-08-02T11:33:47","date_gmt":"2021-08-02T15:33:47","guid":{"rendered":"https:\/\/feltkutur.com\/bleu-st-georges\/"},"modified":"2023-04-28T13:41:37","modified_gmt":"2023-04-28T17:41:37","slug":"bleu-st-georges","status":"publish","type":"page","link":"https:\/\/feltkutur.com\/fr\/bleu-st-georges\/","title":{"rendered":"Panneaux acoustiques Bleu St-Georges"},"content":{"rendered":"\n<h1>\n\t\tLe bleu marin St-Georges\n\t<\/h1>\n\t<p>Une dose de couleur ne manque jamais d&#8217;injecter de la personnalit\u00e9 dans un int\u00e9rieur. Si vous cherchez un moyen facile de transformer votre espace, pensez \u00e0 notre St-Georges bleu. Marine profonde et noircie, cette teinte d&#8217;inspiration maritime majestueuse capture l&#8217;intemporalit\u00e9 des uniformes navals et des manteaux de pois classiques.<\/p>\n\t<p>Un joli fond bleu marine ajoute de la richesse et de la profondeur \u00e0 une salle de rencontre. Le bleu St-Georges brille dans la lumi\u00e8re rebondissant sur les murs blancs, ses tons oscillant entre marine et indigo ont pour un effet \u00e9poustouflant.<\/p>\n<p>Notre bleu royal St-Georges joue si bien avec le bois. Imaginez votre d\u00e9cor pr\u00e9f\u00e9r\u00e9 au bord du lac &#8211; tout est l\u00e0. Le bois. La pierre. Le ton azur de l&#8217;eau. Le <strong>c\u00e9rul\u00e9um<\/strong> clair du ciel.<\/p>\n<p>\u00a0<\/p>\n\t\t\t\t<img decoding=\"async\" src=\"https:\/\/feltkutur.com\/wp-content\/uploads\/5-4.jpg\" alt=\"5\" itemprop=\"image\" height=\"683\" width=\"1024\" title=\"5\" onerror=\"this.style.display='none'\"  \/>\n\t<p>Dans un environnement moderne, le Bleu St-Georges vous permettra de cr\u00e9er un espace vivant et color\u00e9, tout en ajoutant de la richesse \u00e0 votre d\u00e9cor. La teinte bleu marine de nos panneaux acoustiques apportera un effet chic et une ambiance feutr\u00e9e \u00e0 votre pi\u00e8ce.<\/p>\n<p>Lorsque vous utilisez nos feutres acoustiques D\u00fcotex Bleu St-Georges, il est particuli\u00e8rement important de veiller \u00e0 ce que l&#8217;\u00e9clairage artificiel de la pi\u00e8ce soit suffisant. Une lumi\u00e8re diffuse, utilisant une combinaison de plafonniers et de lampadaires, neutralisera le bleu froid.<\/p>\n\n","protected":false},"excerpt":{"rendered":"<p>Le bleu marin St-Georges Une dose de couleur ne manque jamais d&#8217;injecter de la personnalit\u00e9 dans un int\u00e9rieur. Si vous cherchez un moyen facile de transformer votre espace, pensez \u00e0 notre St-Georges bleu. Marine profonde et noircie, cette teinte d&#8217;inspiration maritime majestueuse capture l&#8217;intemporalit\u00e9 des uniformes navals et des manteaux de pois classiques. Un joli [&#8230;]<\/p>\n<p><a class=\"btn btn-secondary understrap-read-more-link\" href=\"https:\/\/feltkutur.com\/fr\/bleu-st-georges\/\">Read More&#8230;<\/a><\/p>\n","protected":false},"author":1,"featured_media":0,"parent":0,"menu_order":0,"comment_status":"closed","ping_status":"closed","template":"","meta":{"_seopress_robots_primary_cat":"","_seopress_titles_title":"","_seopress_titles_desc":"","_seopress_robots_index":"","footnotes":""},"class_list":["post-3482","page","type-page","status-publish"],"_links":{"self":[{"href":"https:\/\/feltkutur.com\/fr\/wp-json\/wp\/v2\/pages\/3482","targetHints":{"allow":["GET"]}}],"collection":[{"href":"https:\/\/feltkutur.com\/fr\/wp-json\/wp\/v2\/pages"}],"about":[{"href":"https:\/\/feltkutur.com\/fr\/wp-json\/wp\/v2\/types\/page"}],"author":[{"embeddable":true,"href":"https:\/\/feltkutur.com\/fr\/wp-json\/wp\/v2\/users\/1"}],"replies":[{"embeddable":true,"href":"https:\/\/feltkutur.com\/fr\/wp-json\/wp\/v2\/comments?post=3482"}],"version-history":[{"count":0,"href":"https:\/\/feltkutur.com\/fr\/wp-json\/wp\/v2\/pages\/3482\/revisions"}],"wp:attachment":[{"href":"https:\/\/feltkutur.com\/fr\/wp-json\/wp\/v2\/media?parent=3482"}],"curies":[{"name":"wp","href":"https:\/\/api.w.org\/{rel}","templated":true}]}}