{"id":3470,"date":"2021-07-14T10:12:08","date_gmt":"2021-07-14T14:12:08","guid":{"rendered":"https:\/\/feltkutur.com\/expertise-acoustique\/"},"modified":"2022-08-02T15:37:57","modified_gmt":"2022-08-02T19:37:57","slug":"expertise-acoustique","status":"publish","type":"page","link":"https:\/\/feltkutur.com\/fr\/expertise-acoustique\/","title":{"rendered":"Expertise acoustique"},"content":{"rendered":"\n<h1>\n\t\tEXPERTISE ACOUSTIQUE\n\t<\/h1>\n<h2>\n\t\tCon\u00e7u et test\u00e9 au Qu\u00e9bec\n\t<\/h2>\n\t<p>Tous les panneaux acoustiques <strong>Feltk\u00fctur<\/strong> ont \u00e9t\u00e9 test\u00e9s dans les laboratoires de <strong><a href=\"https:\/\/www.novika.ca\/fr\/secteurs-activite\">Solution Novika<\/a>.<\/strong> Fond\u00e9 en 1983 sous le nom \u00ab Centre sp\u00e9cialis\u00e9 de technologie physique \u00bb, <strong>Solution<\/strong> <strong>Novika<\/strong> est un organisme \u00e0 but non lucratif reconnu comme centre coll\u00e9gial de transfert de technologie, li\u00e9 au C\u00e9gep de La Pocati\u00e8re.<\/p>\n<p>Depuis 2016, <a href=\"https:\/\/texel.ca\/fr\/accueil\/\"><strong>Texel Mat\u00e9riaux Techniques<\/strong><\/a> travaille sur le perfectionnement des panneaux acoustiques feutr\u00e9s<strong> Feltk\u00fctur<\/strong>. \u00a0Afin de valider l&#8217;efficacit\u00e9 de la technologie acoustique des panneaux <strong><a href=\"https:\/\/feltkutur.com\/fr\/panneau-acoustique-duotex\/\">D\u00fcotex<\/a>,<\/strong> Texel avec l&#8217;aide du Centre de transfert Technologique <strong>Novika<\/strong>, a simul\u00e9 un test acoustique dans <a href=\"https:\/\/www.youtube.com\/watch?v=kQXYlnOFmOg\"><strong>une maison des jeunes<\/strong>. <strong>(voir vid\u00e9o)<\/strong><\/a><\/p>\n\t<p>Gr\u00e2ce aux mod\u00e8les th\u00e9oriques des performances absorbantes des panneaux acoustiques <strong><a href=\"https:\/\/feltkutur.com\/fr\/panneau-acoustique-duotex\/\">D\u00fcotex<\/a> <\/strong>et de l&#8217;\u00e9valuation des lieux, Novika a pu quantifier le nombre de pi\u00b2 de <strong>D\u00fcotex<\/strong> n\u00e9cessaire pour am\u00e9liorer le confort acoustique de la maison des jeunes.<\/p>\n<p>La salle r\u00e9verb\u00e9rante de <strong>Solution Novika<\/strong> a \u00e9t\u00e9 utilis\u00e9e pour caract\u00e9riser la performance acoustique des panneaux acoustiques, <strong><a href=\"https:\/\/feltkutur.com\/fr\/panneaux-acoustiques-unitex\/\">\u00dcnitex<\/a>, <a href=\"https:\/\/feltkutur.com\/fr\/panneaux-acoustiques-duotex\/\">D\u00fcotex<\/a>, <a href=\"https:\/\/feltkutur.com\/fr\/tekboard-studio\/\">Tekboard<\/a><\/strong> et des plafonniers acoustiques <a href=\"https:\/\/feltkutur.com\/fr\/collection-constellation\/\"><strong>Constellation<\/strong><\/a>. Cette salle a \u00e9t\u00e9 con\u00e7ue pour que le son se diffuse uniform\u00e9ment sur ses parois, et de fa\u00e7on tr\u00e8s importante. On observe ainsi une forte r\u00e9verb\u00e9ration d&#8217;une longue dur\u00e9e.<\/p>\n<p>\u00a0<\/p>\n\t<p>Les parois de la salle sont construites en b\u00e9ton insonore \u00e0 pores ferm\u00e9s, qui n&#8217;absorbent pratiquement aucun bruit. Afin d&#8217;\u00e9viter les r\u00e9sonances, murs et plafonds ne sont pas parall\u00e8les. Une source de bruit omnidirectionnelle est dispos\u00e9e dans un coin de la salle.<\/p>\n<p>&nbsp;<\/p>\n\t\t\t\t<img decoding=\"async\" src=\"https:\/\/feltkutur.com\/wp-content\/uploads\/Salle-acoustique-hugues-lambert.jpg\" alt=\"Salle acoustique\" itemprop=\"image\" height=\"925\" width=\"1388\" title=\"Salle acoustique\" onerror=\"this.style.display='none'\"  \/>\n\t<p>&nbsp;<\/p>\n<p>\u00a0<\/p>\n<p>Dans un contexte de transfert de technologie, <strong>Solutions Novika<\/strong> applique les comp\u00e9tences de son \u00e9quipe au d\u00e9veloppement de produits et \u00e0 l&#8217;am\u00e9lioration des proc\u00e9d\u00e9s de production de ses partenaires industriels.<\/p>\n<p>Gr\u00e2ce \u00e0 son \u00e9quipe multidisciplinaire et \u00e0 son infrastructure de recherche, <strong>Novika<\/strong> a \u00e9t\u00e9 et est encore un partenaire de choix, pour la r\u00e9alisation des produits acoustiques Feltk\u00fctur.<\/p>\n<p>\u00a0<\/p>\n\n","protected":false},"excerpt":{"rendered":"<p>EXPERTISE ACOUSTIQUE Con\u00e7u et test\u00e9 au Qu\u00e9bec Tous les panneaux acoustiques Feltk\u00fctur ont \u00e9t\u00e9 test\u00e9s dans les laboratoires de Solution Novika. Fond\u00e9 en 1983 sous le nom \u00ab Centre sp\u00e9cialis\u00e9 de technologie physique \u00bb, Solution Novika est un organisme \u00e0 but non lucratif reconnu comme centre coll\u00e9gial de transfert de technologie, li\u00e9 au C\u00e9gep de [&#8230;]<\/p>\n<p><a class=\"btn btn-secondary understrap-read-more-link\" href=\"https:\/\/feltkutur.com\/fr\/expertise-acoustique\/\">Read More&#8230;<\/a><\/p>\n","protected":false},"author":1,"featured_media":0,"parent":0,"menu_order":0,"comment_status":"closed","ping_status":"closed","template":"","meta":{"_seopress_robots_primary_cat":"","_seopress_titles_title":"","_seopress_titles_desc":"Tous les panneaux acoustiques Feltk\u00fctur ont \u00e9t\u00e9 test\u00e9s dans les laboratoires de Solution Novika, sous le nom \u00ab Centre sp\u00e9cialis\u00e9 de technologie physique \u00bb ...","_seopress_robots_index":"","footnotes":""},"class_list":["post-3470","page","type-page","status-publish"],"_links":{"self":[{"href":"https:\/\/feltkutur.com\/fr\/wp-json\/wp\/v2\/pages\/3470","targetHints":{"allow":["GET"]}}],"collection":[{"href":"https:\/\/feltkutur.com\/fr\/wp-json\/wp\/v2\/pages"}],"about":[{"href":"https:\/\/feltkutur.com\/fr\/wp-json\/wp\/v2\/types\/page"}],"author":[{"embeddable":true,"href":"https:\/\/feltkutur.com\/fr\/wp-json\/wp\/v2\/users\/1"}],"replies":[{"embeddable":true,"href":"https:\/\/feltkutur.com\/fr\/wp-json\/wp\/v2\/comments?post=3470"}],"version-history":[{"count":0,"href":"https:\/\/feltkutur.com\/fr\/wp-json\/wp\/v2\/pages\/3470\/revisions"}],"wp:attachment":[{"href":"https:\/\/feltkutur.com\/fr\/wp-json\/wp\/v2\/media?parent=3470"}],"curies":[{"name":"wp","href":"https:\/\/api.w.org\/{rel}","templated":true}]}}