{"id":3434,"date":"2021-06-23T09:22:53","date_gmt":"2021-06-23T13:22:53","guid":{"rendered":"https:\/\/feltkutur.com\/apres-le-confinement-le-retour-au-travail\/"},"modified":"2023-08-07T11:54:32","modified_gmt":"2023-08-07T15:54:32","slug":"espace-bureau-collaborateur","status":"publish","type":"page","link":"https:\/\/feltkutur.com\/fr\/espace-bureau-collaborateur\/","title":{"rendered":"Espace de bureau collaborateur"},"content":{"rendered":"\n<h1>\n\t\tCr\u00e9er un espace de bureau confortable\n\t<\/h1>\n\t<p>La vie au bureau a ses propres avantages et d\u00e9fis.\u00a0Les avantages\u00a0: c\u00f4toyer vos coll\u00e8gues pr\u00e9f\u00e9r\u00e9s, discuter avec l&#8217;\u00e9quipe et avoir un endroit o\u00f9 vous pouvez vous concentrer sur vos responsabilit\u00e9s professionnelles.\u00a0Les d\u00e9fis : \u00eatre distrait par des coll\u00e8gues qui discutent ensemble, partagent leurs beaux projets de fin de semaine, ou cette personne qui insiste pour vous expliquer pourquoi vous devez acheter tel ou tel mod\u00e8le de voiture. C&#8217;est juste la vie de bureau.<\/p>\n<p>Des environnements inconfortables peuvent ralentir le processus de travail.\u00a0Lorsque les employ\u00e9s sont \u00e0 l&#8217;aise au travail, ils obtiennent de meilleurs r\u00e9sultats parce qu&#8217;ils ne se concentrent pas sur des \u00e9l\u00e9ments d\u00e9rangeants\u00a0: qu&#8217;il s&#8217;agisse d&#8217;un bureau ouvert o\u00f9 les strat\u00e9gies acoustiques ne sont pas prises en compte ou que l&#8217;am\u00e9nagement du bureau n&#8217;est pas optimal pour l&#8217;\u00e9change de travail.<\/p>\n\t<p><strong>Utilisation de mat\u00e9riaux insonorisants<\/strong><\/p>\n<p>Il peut y avoir des aspects de votre b\u00e2timent ou de votre zone de travail qui ne peuvent pas \u00eatre chang\u00e9s, mais avec quelques efforts, il est tout de m\u00eame possible de cr\u00e9er un environnement beaucoup plus confortable.<\/p>\n<p>Quiconque con\u00e7oit des espaces de bureau pour une productivit\u00e9 maximale gr\u00e2ce \u00e0 la r\u00e9duction de la pollution sonore, doit pr\u00e9voir d&#8217;absorber, de bloquer et de couvrir les sons qui pourraient distraire les travailleurs. Les mat\u00e9riaux insonorisants sont essentiels pour r\u00e9duire le bruit dans les zones ouvertes. Dans tout espace con\u00e7u principalement avec des surfaces dures, l&#8217;ajout de mat\u00e9riaux souples et poreux peut r\u00e9duire consid\u00e9rablement le niveau de bruit dans l&#8217;espace.<\/p>\n\t<p>La technologie <strong>Feltk\u00fctur<\/strong> vous offre une vari\u00e9t\u00e9 d&#8217;options.\u00a0Vous pouvez utiliser des <a href=\"https:\/\/feltkutur.com\/fr\/collections-tuiles-acoustiques\/\"><strong>tuiles acoustiques murales<\/strong><\/a> qui est une fa\u00e7on simple d&#8217;ajouter de l&#8217;absorption au niveau du son et de cr\u00e9er un environnement agr\u00e9able. Ces tuiles acoustiques peuvent \u00eatre utilis\u00e9es dans les salles de r\u00e9union, dans les bureaux ouverts et bien s\u00fbr dans les bureaux ferm\u00e9s. Si vous souhaitez simplifier l&#8217;installation, vous pouvez utiliser notre <a href=\"https:\/\/feltkutur.com\/fr\/tekboard-studio\/\"><strong>Tekboard Studio<\/strong><\/a>, qui peut \u00eatre facilement install\u00e9 comme un cadre photo mais avec l&#8217;ajout de performances d&#8217;insonorisation.<\/p>\n<p>Pour les plafonds ouverts, notre syst\u00e8me de plafonniers acoustiques peut remplir ces espaces vides. En plus d&#8217;effectuer une fonction d&#8217;absorption acoustique, il ajoute un aspect visuel \u00e0 votre environnement. Notre <strong>collection Constellation<\/strong> de syst\u00e8mes de plafonniers acoustiques vous permet de garder le sentiment de libert\u00e9 dans vos espaces ouverts.<\/p>\n<p>La recherche de bonnes solutions acoustiques pour votre lieu de travail peut s&#8217;av\u00e9rer difficile. <strong>Feltk\u00fctur<\/strong> propose des produits innovants et uniques que vous pouvez envisager d&#8217;utiliser lors de la recherche de solutions acoustiques pour le milieu de travail.<\/p>\n\n","protected":false},"excerpt":{"rendered":"<p>Cr\u00e9er un espace de bureau confortable La vie au bureau a ses propres avantages et d\u00e9fis.\u00a0Les avantages\u00a0: c\u00f4toyer vos coll\u00e8gues pr\u00e9f\u00e9r\u00e9s, discuter avec l&#8217;\u00e9quipe et avoir un endroit o\u00f9 vous pouvez vous concentrer sur vos responsabilit\u00e9s professionnelles.\u00a0Les d\u00e9fis : \u00eatre distrait par des coll\u00e8gues qui discutent ensemble, partagent leurs beaux projets de fin de semaine, [&#8230;]<\/p>\n<p><a class=\"btn btn-secondary understrap-read-more-link\" href=\"https:\/\/feltkutur.com\/fr\/espace-bureau-collaborateur\/\">Read More&#8230;<\/a><\/p>\n","protected":false},"author":1,"featured_media":0,"parent":0,"menu_order":0,"comment_status":"closed","ping_status":"closed","template":"","meta":{"_seopress_robots_primary_cat":"","_seopress_titles_title":"","_seopress_titles_desc":"Vous pouvez utiliser des tuiles acoustiques murales qui est une fa\u00e7on simple d\u2019ajouter de l\u2019absorption au niveau du son et de cr\u00e9er un environnement agr\u00e9able.","_seopress_robots_index":"","footnotes":""},"class_list":["post-3434","page","type-page","status-publish"],"_links":{"self":[{"href":"https:\/\/feltkutur.com\/fr\/wp-json\/wp\/v2\/pages\/3434","targetHints":{"allow":["GET"]}}],"collection":[{"href":"https:\/\/feltkutur.com\/fr\/wp-json\/wp\/v2\/pages"}],"about":[{"href":"https:\/\/feltkutur.com\/fr\/wp-json\/wp\/v2\/types\/page"}],"author":[{"embeddable":true,"href":"https:\/\/feltkutur.com\/fr\/wp-json\/wp\/v2\/users\/1"}],"replies":[{"embeddable":true,"href":"https:\/\/feltkutur.com\/fr\/wp-json\/wp\/v2\/comments?post=3434"}],"version-history":[{"count":0,"href":"https:\/\/feltkutur.com\/fr\/wp-json\/wp\/v2\/pages\/3434\/revisions"}],"wp:attachment":[{"href":"https:\/\/feltkutur.com\/fr\/wp-json\/wp\/v2\/media?parent=3434"}],"curies":[{"name":"wp","href":"https:\/\/api.w.org\/{rel}","templated":true}]}}