{"id":3383,"date":"2021-06-04T08:42:16","date_gmt":"2021-06-04T12:42:16","guid":{"rendered":"https:\/\/feltkutur.com\/le-design-de-mobiliers-acoustiques\/"},"modified":"2022-08-02T15:35:40","modified_gmt":"2022-08-02T19:35:40","slug":"le-design-de-mobiliers-acoustiques","status":"publish","type":"page","link":"https:\/\/feltkutur.com\/fr\/le-design-de-mobiliers-acoustiques\/","title":{"rendered":"Le design de mobiliers acoustiques"},"content":{"rendered":"\n<h1>\n\t\tLe design du mobiliers acoustiques \n\t<\/h1>\n\t<p>Le design des mobiliers acoustiques n&#8217;est pas \u00e9tranger aux nouveaux espaces de collaboration en milieux de travail, qui est en pleine mutation.\u00a0 La compagnie Qu\u00e9b\u00e9coise <a href=\"https:\/\/feltkutur.com\/fr\/lessard\/\"><strong>Lessard<\/strong> <\/a>proposent diff\u00e9rentes solutions de mobilier absorbant les sons, comme les plafonniers acoustiques, les tuiles murales, les s\u00e9parateurs de bureaux et les rideaux acoustiques.<\/p>\n<p><strong>Lessard<\/strong> a d\u00e9velopp\u00e9 un savoir-faire unique dans la conception et la r\u00e9alisation de projets de cr\u00e9ation cl\u00e9s en main. La Designer chez Lessard, <strong>Maryna Jolin<\/strong> est \u00e0 l&#8217;\u00e9coute de vos envies et elle r\u00e9pond \u00e0 tout type de projet en vous apportant des conseils, des id\u00e9es et des solutions pratiques, fonctionnelles et esth\u00e9tiques en accord avec vos go\u00fbts, vos besoins et votre budget.<\/p>\n<p>Le mobilier acoustique fait \u00e0 partir des feutres acoustiques <strong>Feltk\u00fctur <\/strong>permet d&#8217;ajouter une touche de design pour cr\u00e9er et proposer des produits avec un aspect acoustique. La plus r\u00e9cente cr\u00e9ation est la collection de plafonniers acoustiques<strong> Constellation<\/strong> qui comprend les mod\u00e8les <a href=\"https:\/\/feltkutur.com\/fr\/plafonniers-acoustiques-orion\/\"><strong>Orion<\/strong><\/a>, <a href=\"https:\/\/feltkutur.com\/fr\/plafonniers-acoustiques\/\"><strong>Androm\u00e8de<\/strong> <\/a>et <strong><a href=\"https:\/\/feltkutur.com\/fr\/plafonniers-acoustiques-cassiope\/\">Cassiop\u00e9e<\/a>.<\/strong><\/p>\n\t<p>Ayant plusieurs ann\u00e9es d&#8217;exp\u00e9rience de travail dans le domaine du design, Maryna se sp\u00e9cialise dans le design de mobilier acoustique. Elle se distingue par son style unique, sa personnalit\u00e9 attachante, son sens de l&#8217;organisation, son \u00e9coute et surtout sa passion du m\u00e9tier. Son d\u00e9fi: unir le pratique au para\u00eetre afin de cr\u00e9er des concepts uniques qui se doivent d&#8217;\u00eatre acoustiquement performants, fonctionnels et adapt\u00e9s aux besoins de chacun.<\/p>\n<p>Les concepts de design de Maryna vous proposeront une meilleure absorption des bruits de l&#8217;environnement qui sont id\u00e9aux dans les grands espaces tel que les open-spaces.<\/p>\n<p>\u00a0<\/p>\n\t<p><a href=\"https:\/\/feltkutur.com\/lessard\/\"><strong>Lessard<\/strong>\u00a0<\/a>est une entreprise de confection familiale comptant\u00a0<strong>plus de 65\u00a0ans d&#8217;exp\u00e9rience<\/strong>. Aujourd&#8217;hui, trois g\u00e9n\u00e9rations de Lessard ont contribu\u00e9 \u00e0 la conception, \u00e0 la d\u00e9coupe et \u00e0 la confection de chemises, de pantalons d&#8217;uniformes scolaires et de v\u00eatements de travail, au Canada. De plus, l&#8217;entreprise se sp\u00e9cialise dans la d\u00e9coupe de mat\u00e9riaux tiss\u00e9s, ou non-tiss\u00e9s, destin\u00e9s \u00e0 diff\u00e9rents march\u00e9s, notamment ceux de la construction, du design int\u00e9rieur et de l&#8217;acoustique.<\/p>\n\n","protected":false},"excerpt":{"rendered":"<p>Le design du mobiliers acoustiques Le design des mobiliers acoustiques n&#8217;est pas \u00e9tranger aux nouveaux espaces de collaboration en milieux de travail, qui est en pleine mutation.\u00a0 La compagnie Qu\u00e9b\u00e9coise Lessard proposent diff\u00e9rentes solutions de mobilier absorbant les sons, comme les plafonniers acoustiques, les tuiles murales, les s\u00e9parateurs de bureaux et les rideaux acoustiques. Lessard [&#8230;]<\/p>\n<p><a class=\"btn btn-secondary understrap-read-more-link\" href=\"https:\/\/feltkutur.com\/fr\/le-design-de-mobiliers-acoustiques\/\">Read More&#8230;<\/a><\/p>\n","protected":false},"author":1,"featured_media":0,"parent":0,"menu_order":0,"comment_status":"closed","ping_status":"closed","template":"","meta":{"_seopress_robots_primary_cat":"","_seopress_titles_title":"","_seopress_titles_desc":"La compagnie Qu\u00e9b\u00e9coise Lessard proposent diff\u00e9rentes solutions de mobilier absorbant les sons, comme les plafonniers acoustiques, les tuiles...","_seopress_robots_index":"","footnotes":""},"class_list":["post-3383","page","type-page","status-publish"],"_links":{"self":[{"href":"https:\/\/feltkutur.com\/fr\/wp-json\/wp\/v2\/pages\/3383","targetHints":{"allow":["GET"]}}],"collection":[{"href":"https:\/\/feltkutur.com\/fr\/wp-json\/wp\/v2\/pages"}],"about":[{"href":"https:\/\/feltkutur.com\/fr\/wp-json\/wp\/v2\/types\/page"}],"author":[{"embeddable":true,"href":"https:\/\/feltkutur.com\/fr\/wp-json\/wp\/v2\/users\/1"}],"replies":[{"embeddable":true,"href":"https:\/\/feltkutur.com\/fr\/wp-json\/wp\/v2\/comments?post=3383"}],"version-history":[{"count":0,"href":"https:\/\/feltkutur.com\/fr\/wp-json\/wp\/v2\/pages\/3383\/revisions"}],"wp:attachment":[{"href":"https:\/\/feltkutur.com\/fr\/wp-json\/wp\/v2\/media?parent=3383"}],"curies":[{"name":"wp","href":"https:\/\/api.w.org\/{rel}","templated":true}]}}