{"id":3331,"date":"2021-05-28T08:03:22","date_gmt":"2021-05-28T12:03:22","guid":{"rendered":"https:\/\/feltkutur.com\/espaces-collaboratifs\/"},"modified":"2024-08-09T11:50:28","modified_gmt":"2024-08-09T15:50:28","slug":"espaces-collaboratifs","status":"publish","type":"page","link":"https:\/\/feltkutur.com\/fr\/espaces-collaboratifs\/","title":{"rendered":"Espaces Collaboratifs"},"content":{"rendered":"\n<h1>\n\t\tEspaces Collaboratifs\n\t<\/h1>\n\t<p>L&#8217;objectif d&#8217;un espace de travail collaboratif est de rassembler les membres de l&#8217;\u00e9quipe dans la poursuite d&#8217;un objectif commun. Gr\u00e2ce \u00e0 ces espaces, les \u00e9quipes peuvent se r\u00e9unir pour faire du remue-m\u00e9ninge, tenir des s\u00e9ances de travail et faire tout ce qui n\u00e9cessite un travail d&#8217;\u00e9quipe.<\/p>\n<p>L&#8217;ennemi invisible n&#8217;est pas les actions cit\u00e9es ci-haut ni les sons de bureau ou de la parole, mais le <strong>bruit<\/strong>. L&#8217;ensemble ou l&#8217;amplification de ces sons devient un bruit nuisible.<\/p>\n<p>L&#8217;int\u00e9gration de cabines insonoris\u00e9es dans les lieux de travail fait partie des strat\u00e9gies visant \u00e0 am\u00e9liorer le milieu de travail collaboratif. L&#8217;int\u00e9gration du feutre dans la conception de ces cabines insonoris\u00e9es est simple et efficace et permettra d&#8217;avoir un endroit o\u00f9 on peut se concentrer et \u00eatre productif. <\/p>\n\t<p>Notre nouveau plafonnier acoustique, <strong>Tekboard Quadra<\/strong>, peut \u00e9galement contribuer \u00e0 att\u00e9nuer ces probl\u00e8mes en absorbant les ondes sonores et en r\u00e9duisant la quantit\u00e9 de r\u00e9verb\u00e9ration dans une pi\u00e8ce. Il est ainsi plus facile de communiquer et de collaborer efficacement, ce qui permet d&#8217;am\u00e9liorer la productivit\u00e9 et la prise de d\u00e9cision tout en cr\u00e9ant un environnement de travail plus positif. En outre, le Tekboard Quadra offre la sym\u00e9trie d&#8217;une forme carr\u00e9e qui peut \u00eatre facilement incorpor\u00e9e dans de nombreux styles de design, du moderne au traditionnel. Sa simplicit\u00e9 et sa polyvalence en font un choix populaire en architecture.<\/p>\n\t<p>L&#8217;int\u00e9gration d&#8217;un amortisseur de bruit dans le mobilier de bureau est aussi un moyen efficace de contr\u00f4ler la pollution sonore. Notre<a href=\"https:\/\/feltkutur.com\/fr\/panneau-acoustique-duotex\/\"> <strong>technologie D\u00fcotex<\/strong><\/a> peut \u00eatre utilis\u00e9e comme absorbeur de sons. Le look scandinave du feutre D\u00fcotex donne une esth\u00e9tique avec un sens du minimalisme et de la fonctionnalit\u00e9. La rigidit\u00e9 de nos panneaux acoustiques permet de concevoir de nouveau concept de cloison de bureau. Du mobilier aux accessoires de bureau, vous pouvez cr\u00e9er un ensemble d&#8217;amortisseurs sonores. Vous pouvez \u00e9galement fournir une strat\u00e9gie de <a href=\"https:\/\/feltkutur.com\/fr\/collections-tuiles-acoustiques\/\"><strong>tuiles murales<\/strong><\/a> simple, en utilisant nos tuiles acoustiques ou notre plus r\u00e9cent panneau acoustique mural connu sous le nom de <a href=\"https:\/\/feltkutur.com\/fr\/tekboard-studio\/\"><strong>Tekboard Studio<\/strong><\/a>.<\/p>\n\n","protected":false},"excerpt":{"rendered":"<p>Espaces Collaboratifs L&#8217;objectif d&#8217;un espace de travail collaboratif est de rassembler les membres de l&#8217;\u00e9quipe dans la poursuite d&#8217;un objectif commun. Gr\u00e2ce \u00e0 ces espaces, les \u00e9quipes peuvent se r\u00e9unir pour faire du remue-m\u00e9ninge, tenir des s\u00e9ances de travail et faire tout ce qui n\u00e9cessite un travail d&#8217;\u00e9quipe. L&#8217;ennemi invisible n&#8217;est pas les actions cit\u00e9es [&#8230;]<\/p>\n<p><a class=\"btn btn-secondary understrap-read-more-link\" href=\"https:\/\/feltkutur.com\/fr\/espaces-collaboratifs\/\">Read More&#8230;<\/a><\/p>\n","protected":false},"author":1,"featured_media":0,"parent":0,"menu_order":0,"comment_status":"closed","ping_status":"closed","template":"","meta":{"_seopress_robots_primary_cat":"","_seopress_titles_title":"","_seopress_titles_desc":"L\u2019objectif d\u2019un espace de travail collaboratif est de rassembler les membres de l\u2019\u00e9quipe dans la poursuite d\u2019un objectif commun.","_seopress_robots_index":"","footnotes":""},"class_list":["post-3331","page","type-page","status-publish"],"_links":{"self":[{"href":"https:\/\/feltkutur.com\/fr\/wp-json\/wp\/v2\/pages\/3331","targetHints":{"allow":["GET"]}}],"collection":[{"href":"https:\/\/feltkutur.com\/fr\/wp-json\/wp\/v2\/pages"}],"about":[{"href":"https:\/\/feltkutur.com\/fr\/wp-json\/wp\/v2\/types\/page"}],"author":[{"embeddable":true,"href":"https:\/\/feltkutur.com\/fr\/wp-json\/wp\/v2\/users\/1"}],"replies":[{"embeddable":true,"href":"https:\/\/feltkutur.com\/fr\/wp-json\/wp\/v2\/comments?post=3331"}],"version-history":[{"count":0,"href":"https:\/\/feltkutur.com\/fr\/wp-json\/wp\/v2\/pages\/3331\/revisions"}],"wp:attachment":[{"href":"https:\/\/feltkutur.com\/fr\/wp-json\/wp\/v2\/media?parent=3331"}],"curies":[{"name":"wp","href":"https:\/\/api.w.org\/{rel}","templated":true}]}}