{"id":3318,"date":"2021-05-20T09:17:02","date_gmt":"2021-05-20T13:17:02","guid":{"rendered":"https:\/\/feltkutur.com\/combattre-les-bruits-aeriens\/"},"modified":"2023-11-16T11:21:29","modified_gmt":"2023-11-16T16:21:29","slug":"combattre-les-bruits-aeriens","status":"publish","type":"page","link":"https:\/\/feltkutur.com\/fr\/combattre-les-bruits-aeriens\/","title":{"rendered":"Combattre les bruits a\u00e9riens"},"content":{"rendered":"\n<h1>\n\t\tCombattre les bruits a\u00e9riens\n\t<\/h1>\n<h2>\n\t\tPlafonniers acoustiques\n\t<\/h2>\n\t\t\t<img decoding=\"async\" loading='false' src=\"https:\/\/feltkutur.com\/wp-content\/uploads\/Feltkutur-Esquif-8-scaled.jpg\" alt=\"\" \/>\t\t\t\n\t\t\t<img decoding=\"async\" loading='false' src=\"https:\/\/feltkutur.com\/wp-content\/uploads\/20230529_EMBLM_Siege_social_IA_0227_sRGB_moyenne_reso_1800px-1.jpg\" alt=\"\" \/>\t\t\t\n\t\t\t<img decoding=\"async\" loading='false' src=\"https:\/\/feltkutur.com\/wp-content\/uploads\/FeltkulturSolutionsGA-11-1-scaled.jpg\" alt=\"\" \/>\t\t\t\n\t\t\t\t<a href=\"#\" aria-label=\"previous\" role=\"button\">\n<\/a>\n\t\t\t\t<a href=\"#\" aria-label=\"next\" role=\"button\">\n<\/a>\n\t<p>L&#8217;acoustique est un \u00e9l\u00e9ment physique important en terme de sensation de confort per\u00e7u ou non dans une salle. Le bruit a\u00e9rien c&#8217;est le bruit propag\u00e9 dans l&#8217;air (bruit de voix, bruit de t\u00e9l\u00e9vision, bruit de circulation, etc,&#8230;) Le son pour sa part, est une onde qui se propage dans l&#8217;air ou par les vibrations d&#8217;un objet en provoquant des petites variations de la pression atmosph\u00e9rique. Ces variations se propagent et peuvent \u00eatre per\u00e7ues comme du bruit lorsqu&#8217;elles atteignent le syst\u00e8me auditif.<\/p>\n<p>Une des solutions effectives pour combattre le \u00ab bruit a\u00e9rien \u00bb est l&#8217;utilisation des plafonniers acoustiques. Les plafonds \u00e9lev\u00e9s ou ouverts ont l&#8217;avantage d&#8217;augmenter la taille d&#8217;une pi\u00e8ce. <\/p>\n\t\t\t\t<img decoding=\"async\" src=\"https:\/\/feltkutur.com\/wp-content\/uploads\/20230529_EMBLM_Siege_social_IA_0220_sRGB_moyenne_reso_1800px-1.jpg\" alt=\"Acoustical solution\" itemprop=\"image\" height=\"1214\" width=\"1800\" title=\"Acoustical solution\" onerror=\"this.style.display='none'\"  \/>\n\t<p>Les espaces en aire ouverte sont souvent munis de plafonds ouverts et d\u00e9nud\u00e9s de plafonds suspendus, ce qui donne un sentiment de libert\u00e9. Cependant, le plafond ouvert peut engendrer <strong>\u00ab\u00a0l&#8217;effet tambour\u00a0\u00bb.<\/strong>\u00a0L&#8217;effet tambour se r\u00e9f\u00e8re \u00e0 la r\u00e9verb\u00e9ration des ondes en raison de la pr\u00e9sence de creux \u00e0 l&#8217;int\u00e9rieur des cavit\u00e9s d&#8217;une structure. Il faut donc \u00e9viter les espaces vides au maximum.<\/p>\n<p><strong>\u00a0<\/strong><\/p>\n\t<p>Nos plafonniers acoustiques peuvent combler ces espaces vides. En plus de remplir une fonction d&#8217;absorption acoustique, ils permettent d&#8217;ajouter un aspect visuel \u00e0 votre environnement. Notre collection de plafonniers acoustiques Constellation permet de conserver votre sentiment de libert\u00e9 dans votre espace ouvert.\u00a0 Vous pouvez utiliser des plafonniers acoustiques stylis\u00e9s comme nos mod\u00e8les <a href=\"https:\/\/feltkutur.com\/fr\/plafonniers-acoustiques-orion\/\"><strong>Orion<\/strong><\/a>, <strong><a href=\"https:\/\/feltkutur.com\/fr\/plafonniers-acoustiques-cassiope\/\">Cassiop\u00e9e<\/a> <\/strong>ou <a href=\"https:\/\/feltkutur.com\/fr\/plafonniers-acoustiques\/\"><strong>Androm\u00e8de<\/strong><\/a>, ou tout simplement utiliser des formes rectangulaires. La disposition des plafonniers acoustiques joue un r\u00f4le important sur sa performance. R\u00e9partir son utilisation sera important pour l&#8217;efficacit\u00e9 d&#8217;absorption. <\/p>\n<p>Vous voulez conserver l&#8217;essence de bois de vos plafonds ? Nous vous sugg\u00e9rons d&#8217;utiliser le Tekboard \u00e0 des endroits strat\u00e9giques ou sous formes de tuiles, ou de mobilier suspendu.<\/p>\n\n","protected":false},"excerpt":{"rendered":"<p>Combattre les bruits a\u00e9riens Plafonniers acoustiques L&#8217;acoustique est un \u00e9l\u00e9ment physique important en terme de sensation de confort per\u00e7u ou non dans une salle. Le bruit a\u00e9rien c&#8217;est le bruit propag\u00e9 dans l&#8217;air (bruit de voix, bruit de t\u00e9l\u00e9vision, bruit de circulation, etc,&#8230;) Le son pour sa part, est une onde qui se propage dans [&#8230;]<\/p>\n<p><a class=\"btn btn-secondary understrap-read-more-link\" href=\"https:\/\/feltkutur.com\/fr\/combattre-les-bruits-aeriens\/\">Read More&#8230;<\/a><\/p>\n","protected":false},"author":1,"featured_media":0,"parent":0,"menu_order":0,"comment_status":"closed","ping_status":"closed","template":"","meta":{"_seopress_robots_primary_cat":"","_seopress_titles_title":"","_seopress_titles_desc":"Une des solutions effectives pour combattre le \u00ab bruit a\u00e9rien \u00bb est l\u2019utilisation des plafonniers acoustiques.","_seopress_robots_index":"","footnotes":""},"class_list":["post-3318","page","type-page","status-publish"],"_links":{"self":[{"href":"https:\/\/feltkutur.com\/fr\/wp-json\/wp\/v2\/pages\/3318","targetHints":{"allow":["GET"]}}],"collection":[{"href":"https:\/\/feltkutur.com\/fr\/wp-json\/wp\/v2\/pages"}],"about":[{"href":"https:\/\/feltkutur.com\/fr\/wp-json\/wp\/v2\/types\/page"}],"author":[{"embeddable":true,"href":"https:\/\/feltkutur.com\/fr\/wp-json\/wp\/v2\/users\/1"}],"replies":[{"embeddable":true,"href":"https:\/\/feltkutur.com\/fr\/wp-json\/wp\/v2\/comments?post=3318"}],"version-history":[{"count":0,"href":"https:\/\/feltkutur.com\/fr\/wp-json\/wp\/v2\/pages\/3318\/revisions"}],"wp:attachment":[{"href":"https:\/\/feltkutur.com\/fr\/wp-json\/wp\/v2\/media?parent=3318"}],"curies":[{"name":"wp","href":"https:\/\/api.w.org\/{rel}","templated":true}]}}