{"id":3298,"date":"2021-05-06T08:18:47","date_gmt":"2021-05-06T12:18:47","guid":{"rendered":"https:\/\/feltkutur.com\/tekboard-studio\/"},"modified":"2024-05-06T13:01:01","modified_gmt":"2024-05-06T17:01:01","slug":"tekboard-studio","status":"publish","type":"page","link":"https:\/\/feltkutur.com\/fr\/tekboard-studio\/","title":{"rendered":"Panneaux acoustiques muraux Tekboard Studio"},"content":{"rendered":"\n<h1>\n\t\tPanneaux acoustiques muraux\n\t<\/h1>\n<h2>\n\t\tTekboard Studio\n\t<\/h2>\n\t\t\t\t<img decoding=\"async\" src=\"https:\/\/feltkutur.com\/wp-content\/uploads\/Tekboard_Studio_1.png\" alt=\"Tekboard_Studio\" itemprop=\"image\" height=\"1706\" width=\"2559\" title=\"Tekboard_Studio\" onerror=\"this.style.display='none'\"  \/>\n\t\t\t\t<a href=\"https:\/\/feltkutur.com\/fr\/panneaux-acoustiques-tekboard\/\" target=\"_self\" itemprop=\"url\" rel=\"noopener\">\n\t\t\t\t<img decoding=\"async\" src=\"https:\/\/feltkutur.com\/wp-content\/uploads\/tekboard_logo_final.png\" alt=\"tekboard_logo\" itemprop=\"image\" height=\"1641\" width=\"6470\" title=\"tekboard_logo\" onerror=\"this.style.display='none'\"  \/>\n\t\t\t\t<\/a>\n\t<p>Le <strong><em>Tekboard Studio<\/em><\/strong> est un panneau acoustique au design moderne. Il se fixe sur les murs \u00e0 l&#8217;aide d&#8217;un syst\u00e8me de fixation tr\u00e8s simple.<\/p>\n<p>\u00a0<\/p>\n\t<p>&nbsp;<\/p>\n<p>Le panneau <strong><em>Tekboard Studio<\/em><\/strong> poss\u00e8de un niveau d&#8217;absorption acoustique sup\u00e9rieur. Il est disponible en trois dimensions. Sa structure en alv\u00e9oles d&#8217;abeille permet de renforcer la r\u00e9sistance d&#8217;un \u00e9l\u00e9ment tout en garantissant une l\u00e9g\u00e8ret\u00e9 maximale. Ces alv\u00e9oles permettent \u00e9galement de garantir un espace d&#8217;air qui amplifie les propri\u00e9t\u00e9s acoustiques du panneau mural.<\/p>\n\t\t\t\t<img decoding=\"async\" src=\"https:\/\/feltkutur.com\/wp-content\/uploads\/dimensions.png\" alt=\"dimensions\" itemprop=\"image\" height=\"786\" width=\"1308\" title=\"dimensions\" onerror=\"this.style.display='none'\"  \/>\n\t<h2><a href=\"https:\/\/feltkutur.com\/wp-content\/uploads\/TEKBOARD-STUDIO-24-X-48.pdf\">SP\u00c9CIFICATIONS TECHNIQUES &#8211; 24&#8243; X 48&#8243;<\/a><\/h2>\n\t<h2><a href=\"https:\/\/feltkutur.com\/wp-content\/uploads\/TEKBOARD-STUDIO-48-X-48.pdf\">SP\u00c9CIFICATIONS TECHNIQUES &#8211; 48&#8243; X 48&#8243;<\/a><\/h2>\n\t<h2><a href=\"https:\/\/feltkutur.com\/wp-content\/uploads\/TEKBOARD-STUDIO-36-x-72.pdf\">SP\u00c9CIFICATIONS TECHNIQUES &#8211; 36&#8243; X 72&#8243;<\/a><\/h2>\n\t<p>Il est rev\u00eatu de notre panneau acoustique <strong><a href=\"https:\/\/feltkutur.com\/fr\/panneaux-acoustiques-duotex\/\">D\u00fcotex<\/a> <\/strong>qui poss\u00e8de la <strong>classe A<\/strong> pour la norme d&#8217;inflammabilit\u00e9 ASTM-E84 et qui est nettoyable.\u00a0<em><strong>Tekboard Studio<\/strong><\/em>\u00a0convient pour toutes les pi\u00e8ces o\u00f9 les r\u00e9sonances sont excessives.<\/p>\n\tN&#8217;h\u00e9sitez pas \u00e0 consulter le manufacturier pour plus d&#8217;informations en cliquant sur ce bouton:<br \/>\n\n\t\t\t<a href=\"https:\/\/panolite.com\/\" target=\"_blank\" rel=\"noopener\">\n\t\t\t\t\t\t\tMANUFACTURIER\n\t\t\t\t\t<\/a>\n\n","protected":false},"excerpt":{"rendered":"<p>Panneaux acoustiques muraux Tekboard Studio Le Tekboard Studio est un panneau acoustique au design moderne. Il se fixe sur les murs \u00e0 l&#8217;aide d&#8217;un syst\u00e8me de fixation tr\u00e8s simple. \u00a0 &nbsp; Le panneau Tekboard Studio poss\u00e8de un niveau d&#8217;absorption acoustique sup\u00e9rieur. Il est disponible en trois dimensions. Sa structure en alv\u00e9oles d&#8217;abeille permet de renforcer [&#8230;]<\/p>\n<p><a class=\"btn btn-secondary understrap-read-more-link\" href=\"https:\/\/feltkutur.com\/fr\/tekboard-studio\/\">Read More&#8230;<\/a><\/p>\n","protected":false},"author":1,"featured_media":0,"parent":0,"menu_order":0,"comment_status":"closed","ping_status":"closed","template":"","meta":{"_seopress_robots_primary_cat":"","_seopress_titles_title":"","_seopress_titles_desc":"Le Tekboard Studio est un panneau acoustique au design moderne. Il se fixe sur les murs \u00e0 l'aide d\u2019un syst\u00e8me de fixation tr\u00e8s simple.","_seopress_robots_index":"","footnotes":""},"class_list":["post-3298","page","type-page","status-publish"],"_links":{"self":[{"href":"https:\/\/feltkutur.com\/fr\/wp-json\/wp\/v2\/pages\/3298","targetHints":{"allow":["GET"]}}],"collection":[{"href":"https:\/\/feltkutur.com\/fr\/wp-json\/wp\/v2\/pages"}],"about":[{"href":"https:\/\/feltkutur.com\/fr\/wp-json\/wp\/v2\/types\/page"}],"author":[{"embeddable":true,"href":"https:\/\/feltkutur.com\/fr\/wp-json\/wp\/v2\/users\/1"}],"replies":[{"embeddable":true,"href":"https:\/\/feltkutur.com\/fr\/wp-json\/wp\/v2\/comments?post=3298"}],"version-history":[{"count":0,"href":"https:\/\/feltkutur.com\/fr\/wp-json\/wp\/v2\/pages\/3298\/revisions"}],"wp:attachment":[{"href":"https:\/\/feltkutur.com\/fr\/wp-json\/wp\/v2\/media?parent=3298"}],"curies":[{"name":"wp","href":"https:\/\/api.w.org\/{rel}","templated":true}]}}