{"id":3277,"date":"2021-04-30T09:37:04","date_gmt":"2021-04-30T13:37:04","guid":{"rendered":"https:\/\/feltkutur.com\/ligne-prototype\/"},"modified":"2022-08-02T16:03:02","modified_gmt":"2022-08-02T20:03:02","slug":"ligne-prototype","status":"publish","type":"page","link":"https:\/\/feltkutur.com\/fr\/ligne-prototype\/","title":{"rendered":"Panneau acoustique ligne prototype"},"content":{"rendered":"\n<h1>\n\t\tLigne Prototype\n\t<\/h1>\n\t<p><a href=\"http:\/\/www.texel.ca\"><strong>Texel Mat\u00e9riaux Techniques inc.<\/strong><\/a> est reconnu comme une compagnie d&#8217;innovation. Gr\u00e2ce \u00e0 sa ligne de prototypage qui reproduit fid\u00e8lement le proc\u00e9d\u00e9 de production des non-tiss\u00e9s aiguillet\u00e9s, Texel poss\u00e8de l&#8217;une des rares lignes prototypes en Am\u00e9rique du Nord. Nos prototypes peuvent \u00eatre r\u00e9alis\u00e9s en un ou plusieurs exemplaires afin de permettre des tests (\u00e9ventuellement partiels mais cherchant \u00e0 \u00eatre\u00a0<em>r\u00e9alistes<\/em>) pour\u00a0:<\/p>\n<ul>\n<li>Valider le choix des fibres lors de la conception du non-tiss\u00e9 (choix sont faits de pr\u00e9f\u00e9rence avec le concours du donneur d&#8217;ordre et\/ou des futurs utilisateurs)\u00a0;<\/li>\n<li>\u00c9changer ou acqu\u00e9rir de l&#8217;exp\u00e9rience sur un concept ou un produit mat\u00e9riel\u00a0;<\/li>\n<li>Pr\u00e9parer des donn\u00e9es ou divers \u00e9l\u00e9ments de plan d&#8217;exp\u00e9rience\u00a0utiles pour valider des hypoth\u00e8ses\u00a0;<\/li>\n<li>\u00c9laborer de nouveaux m\u00e9langes de fibre (naturelle, synth\u00e9tique, aramide ou autres) ;<\/li>\n<li>Concevoir un nouveau produit, des \u00e9quipements ou structures n\u00e9cessaires pour un proc\u00e9d\u00e9 nouveau\u00a0;<\/li>\n<li>Tester les r\u00e9actions de futurs utilisateurs ou consommateurs\u00a0;<\/li>\n<li>Pr\u00e9parer des sp\u00e9cifications techniques\u00a0;<\/li>\n<li>Illustrer les concepts nouveaux.<\/li>\n<\/ul>\n\t\t\t\t<img decoding=\"async\" src=\"https:\/\/feltkutur.com\/wp-content\/uploads\/PhotoLabTexel-16-scaled.jpg\" alt=\"PhotoLabTexel-16\" itemprop=\"image\" height=\"1707\" width=\"2560\" title=\"PhotoLabTexel-16\" onerror=\"this.style.display='none'\"  \/>\n\t<p>Notre service de\u00a0<strong>prototypage rapide<\/strong>\u00a0permet de concr\u00e9tiser rapidement des id\u00e9es, et ainsi de valider la pertinence de certains choix de mani\u00e8re plus efficiente et rapide. Dans cette d\u00e9marche, nous avons pu d\u00e9velopper notre <a href=\"https:\/\/feltkutur.com\/fr\/panneaux-acoustiques-duotex\/\"><strong>D\u00fcotex 6.3mm et 12mm <\/strong><\/a>et ainsi cr\u00e9er notre palette de couleurs de la collection de panneaux acoustiques <strong>Feltk\u00fctur<\/strong>.<\/p>\n<p>Notre laboratoire poss\u00e8de une ligne non-tiss\u00e9 de petite \u00e9chelle, un four \u00e0 enduction, une calandre, un syst\u00e8me de traitement \u00e0 flamme (lamination ou traitement de surface), un syst\u00e8me de traitement de surface par infra-rouge et un proc\u00e9d\u00e9 de contrecollage et de thermocollage par compression continue.<\/p>\n<p>\u00a0<\/p>\n\t<p>Gr\u00e2ce \u00e0 son laboratoire de prototypage, <a href=\"http:\/\/www.texel.ca\"><strong>Texel Mat\u00e9riaux Techniques inc.<\/strong><\/a> est un centre d&#8217;innovation pour la fabrication de non-tiss\u00e9s en Am\u00e9rique du Nord, sans compter son \u00e9quipe d\u00e9di\u00e9e \u00e0 la recherche et aux d\u00e9veloppements, compos\u00e9e de techniciens, de chercheurs et de charg\u00e9s de projet.\u00a0 Un savoir-faire qui se perp\u00e9tue et qui \u00e9volue sans cesse.<\/p>\n<p>\u00a0<\/p>\n\n","protected":false},"excerpt":{"rendered":"<p>Ligne Prototype Texel Mat\u00e9riaux Techniques inc. est reconnu comme une compagnie d&#8217;innovation. Gr\u00e2ce \u00e0 sa ligne de prototypage qui reproduit fid\u00e8lement le proc\u00e9d\u00e9 de production des non-tiss\u00e9s aiguillet\u00e9s, Texel poss\u00e8de l&#8217;une des rares lignes prototypes en Am\u00e9rique du Nord. Nos prototypes peuvent \u00eatre r\u00e9alis\u00e9s en un ou plusieurs exemplaires afin de permettre des tests (\u00e9ventuellement [&#8230;]<\/p>\n<p><a class=\"btn btn-secondary understrap-read-more-link\" href=\"https:\/\/feltkutur.com\/fr\/ligne-prototype\/\">Read More&#8230;<\/a><\/p>\n","protected":false},"author":1,"featured_media":0,"parent":0,"menu_order":0,"comment_status":"closed","ping_status":"closed","template":"","meta":{"_seopress_robots_primary_cat":"","_seopress_titles_title":"","_seopress_titles_desc":"Notre service de prototypage permet de concr\u00e9tiser rapidement des id\u00e9es, ainsi de valider la pertinence de certains choix de mani\u00e8re plus efficiente et rapide.","_seopress_robots_index":"","footnotes":""},"class_list":["post-3277","page","type-page","status-publish"],"_links":{"self":[{"href":"https:\/\/feltkutur.com\/fr\/wp-json\/wp\/v2\/pages\/3277","targetHints":{"allow":["GET"]}}],"collection":[{"href":"https:\/\/feltkutur.com\/fr\/wp-json\/wp\/v2\/pages"}],"about":[{"href":"https:\/\/feltkutur.com\/fr\/wp-json\/wp\/v2\/types\/page"}],"author":[{"embeddable":true,"href":"https:\/\/feltkutur.com\/fr\/wp-json\/wp\/v2\/users\/1"}],"replies":[{"embeddable":true,"href":"https:\/\/feltkutur.com\/fr\/wp-json\/wp\/v2\/comments?post=3277"}],"version-history":[{"count":0,"href":"https:\/\/feltkutur.com\/fr\/wp-json\/wp\/v2\/pages\/3277\/revisions"}],"wp:attachment":[{"href":"https:\/\/feltkutur.com\/fr\/wp-json\/wp\/v2\/media?parent=3277"}],"curies":[{"name":"wp","href":"https:\/\/api.w.org\/{rel}","templated":true}]}}