{"id":3246,"date":"2021-04-20T08:54:07","date_gmt":"2021-04-20T12:54:07","guid":{"rendered":"https:\/\/feltkutur.com\/beige-perce\/"},"modified":"2022-08-02T16:08:38","modified_gmt":"2022-08-02T20:08:38","slug":"beige-perce","status":"publish","type":"page","link":"https:\/\/feltkutur.com\/fr\/beige-perce\/","title":{"rendered":"Feutre acoustique couleur Beige Perc\u00e9"},"content":{"rendered":"\n<h1>\n\t\tBEIGE PERC\u00c9\n\t<\/h1>\n\t<p>\u00cates-vous de ceux qui pensent que le beige est une couleur de base ? La couleur beige est l&#8217;une de ces couleurs primaires qui brille si elle est correctement appari\u00e9e avec la bonne lumi\u00e8re et la bonne teinte. Notre Beige Perc\u00e9 peut \u00eatre utilis\u00e9 comme une couleur neutre et r\u00e9confortante pour attirer l&#8217;attention sur les d\u00e9tails d&#8217;un espace qui la rendent vraiment sp\u00e9cial.<\/p>\n\t<p>Notre Beige Perc\u00e9 est \u00e0 la fois doux et apaisant et donne une touche classique \u00e0 votre environnement de travail tout en conservant sa sophistication.<\/p>\n\t<p>Les images dans cette page utilisent ce beige, ainsi que d&#8217;autres tons apaisants de gris, blanc et vert. Les int\u00e9rieurs qui en r\u00e9sultent rappellent aux occupants de regarder vers le haut et autour, de se concentrer sur la texture, le toucher, et m\u00eame le parfum. En utilisant des couleurs non distrayantes, on permet \u00e0 l&#8217;espace de briller.<\/p>\n\n","protected":false},"excerpt":{"rendered":"<p>BEIGE PERC\u00c9 \u00cates-vous de ceux qui pensent que le beige est une couleur de base ? La couleur beige est l&#8217;une de ces couleurs primaires qui brille si elle est correctement appari\u00e9e avec la bonne lumi\u00e8re et la bonne teinte. Notre Beige Perc\u00e9 peut \u00eatre utilis\u00e9 comme une couleur neutre et r\u00e9confortante pour attirer l&#8217;attention [&#8230;]<\/p>\n<p><a class=\"btn btn-secondary understrap-read-more-link\" href=\"https:\/\/feltkutur.com\/fr\/beige-perce\/\">Read More&#8230;<\/a><\/p>\n","protected":false},"author":1,"featured_media":0,"parent":0,"menu_order":0,"comment_status":"closed","ping_status":"closed","template":"","meta":{"_seopress_robots_primary_cat":"","_seopress_titles_title":"","_seopress_titles_desc":"Notre Beige Perc\u00e9 peut \u00eatre utilis\u00e9 comme une couleur neutre et r\u00e9confortante pour attirer l\u2019attention sur les d\u00e9tails d\u2019un espace.","_seopress_robots_index":"","footnotes":""},"class_list":["post-3246","page","type-page","status-publish"],"_links":{"self":[{"href":"https:\/\/feltkutur.com\/fr\/wp-json\/wp\/v2\/pages\/3246","targetHints":{"allow":["GET"]}}],"collection":[{"href":"https:\/\/feltkutur.com\/fr\/wp-json\/wp\/v2\/pages"}],"about":[{"href":"https:\/\/feltkutur.com\/fr\/wp-json\/wp\/v2\/types\/page"}],"author":[{"embeddable":true,"href":"https:\/\/feltkutur.com\/fr\/wp-json\/wp\/v2\/users\/1"}],"replies":[{"embeddable":true,"href":"https:\/\/feltkutur.com\/fr\/wp-json\/wp\/v2\/comments?post=3246"}],"version-history":[{"count":0,"href":"https:\/\/feltkutur.com\/fr\/wp-json\/wp\/v2\/pages\/3246\/revisions"}],"wp:attachment":[{"href":"https:\/\/feltkutur.com\/fr\/wp-json\/wp\/v2\/media?parent=3246"}],"curies":[{"name":"wp","href":"https:\/\/api.w.org\/{rel}","templated":true}]}}