{"id":3212,"date":"2021-04-09T08:21:10","date_gmt":"2021-04-09T12:21:10","guid":{"rendered":"https:\/\/feltkutur.com\/plafonniers-acoustiques-orion\/"},"modified":"2022-08-03T11:11:42","modified_gmt":"2022-08-03T15:11:42","slug":"plafonniers-acoustiques-orion","status":"publish","type":"page","link":"https:\/\/feltkutur.com\/fr\/plafonniers-acoustiques-orion\/","title":{"rendered":"Plafonniers acoustiques &#8211; Orion"},"content":{"rendered":"\n<h1>\n\t\tPlafonniers acoustiques\n\t<\/h1>\n<h2>\n\t\tORION\n\t<\/h2>\n\t<p>Le majestueux plafonnier acoustique Orion fait partie de notre nouvelle collection appel\u00e9e Constellation, de Feltk\u00fctur.<\/p>\n<p>Orion se distingue par sa g\u00e9om\u00e9trie quadrilat\u00e8re ayant une surface divis\u00e9e en carreaux ou couverte de lignes crois\u00e9es.\u00a0Nous devons ce motif quadrill\u00e9 \u00e0 l&#8217;imagination des\u00a0marques scandinaves. Cet intemporel s&#8217;invite dans tous les types d&#8217;environnement comme le hall d&#8217;entr\u00e9e, les bureaux \u00e0 aires ouvertes et les restaurants d&#8217;ambiance.\u00a0Il est simple, minimaliste et \u00e9pur\u00e9. \u00a0Ses ouvertures multiples permettent de laisser passer l&#8217;\u00e9clairage \u00e9mis par la salle. Ainsi, si votre d\u00e9coration est un peu fade mais que vous aimez la sobri\u00e9t\u00e9, notre plafonnier acoustique Orion saura ajouter la touche parfaite sans ajouter d&#8217;excentricit\u00e9. Sa grande dimension de 12&#8242; x 12&#8242; ajoutera de la majestuosit\u00e9 \u00e0 votre salle.<\/p>\n\t\t\t<img decoding=\"async\" loading='false' src=\"https:\/\/feltkutur.com\/wp-content\/uploads\/Feltkkultur-2021-16-scaled.jpg\" alt=\"\" \/>\t\t\t\n\t\t\t<img decoding=\"async\" loading='false' src=\"https:\/\/feltkutur.com\/wp-content\/uploads\/Feltkkultur-2021-18-scaled.jpg\" alt=\"\" \/>\t\t\t\n\t<h3><strong>La vague<br \/>\n<\/strong><\/h3>\n<p>Notre plafonnier acoustique poss\u00e8de une courbe qui rappelle le mouvement des vagues. Cette suspension ultra design permettra d&#8217;ajouter du style\u00a0\u00e0 votre environnement.<\/p>\n<h3><strong>L&#8217;amortissement de la r\u00e9verb\u00e9ration du bruit a\u00e9rien<\/strong><\/h3>\n<p>Gr\u00e2ce \u00e0 sa g\u00e9om\u00e9trie quadrilat\u00e8re, Orion permet d&#8217;absorber le bruit a\u00e9rien. Chaque espace d&#8217;air que l&#8217;on retrouve \u00e0 l&#8217;int\u00e9rieur des carr\u00e9s augmente la performance acoustique de notre <strong><a href=\"https:\/\/feltkutur.com\/fr\/panneaux-acoustiques-duotex\/\">D\u00fcotex<\/a><\/strong>. Orion est disponible avec notre feutre 6.3mm et 12mm. Par son positionnement et sa quantit\u00e9 de feutres absorbants, Orion est destin\u00e9 \u00e0 r\u00e9duire consid\u00e9rablement la vitesse de r\u00e9verb\u00e9ration sonore. Orion est le plafonnier acoustique id\u00e9al pour les plafonds ouverts avec un rev\u00eatement m\u00e9tallique.<\/p>\n\n","protected":false},"excerpt":{"rendered":"<p>Plafonniers acoustiques ORION Le majestueux plafonnier acoustique Orion fait partie de notre nouvelle collection appel\u00e9e Constellation, de Feltk\u00fctur. Orion se distingue par sa g\u00e9om\u00e9trie quadrilat\u00e8re ayant une surface divis\u00e9e en carreaux ou couverte de lignes crois\u00e9es.\u00a0Nous devons ce motif quadrill\u00e9 \u00e0 l&#8217;imagination des\u00a0marques scandinaves. Cet intemporel s&#8217;invite dans tous les types d&#8217;environnement comme le hall [&#8230;]<\/p>\n<p><a class=\"btn btn-secondary understrap-read-more-link\" href=\"https:\/\/feltkutur.com\/fr\/plafonniers-acoustiques-orion\/\">Read More&#8230;<\/a><\/p>\n","protected":false},"author":1,"featured_media":0,"parent":0,"menu_order":0,"comment_status":"closed","ping_status":"closed","template":"","meta":{"_seopress_robots_primary_cat":"","_seopress_titles_title":"","_seopress_titles_desc":"Le majestueux plafonnier acoustique Orion fait partie de notre nouvelle collection appel\u00e9e Constellation, de Feltk\u00fctur.","_seopress_robots_index":"","footnotes":""},"class_list":["post-3212","page","type-page","status-publish"],"_links":{"self":[{"href":"https:\/\/feltkutur.com\/fr\/wp-json\/wp\/v2\/pages\/3212","targetHints":{"allow":["GET"]}}],"collection":[{"href":"https:\/\/feltkutur.com\/fr\/wp-json\/wp\/v2\/pages"}],"about":[{"href":"https:\/\/feltkutur.com\/fr\/wp-json\/wp\/v2\/types\/page"}],"author":[{"embeddable":true,"href":"https:\/\/feltkutur.com\/fr\/wp-json\/wp\/v2\/users\/1"}],"replies":[{"embeddable":true,"href":"https:\/\/feltkutur.com\/fr\/wp-json\/wp\/v2\/comments?post=3212"}],"version-history":[{"count":0,"href":"https:\/\/feltkutur.com\/fr\/wp-json\/wp\/v2\/pages\/3212\/revisions"}],"wp:attachment":[{"href":"https:\/\/feltkutur.com\/fr\/wp-json\/wp\/v2\/media?parent=3212"}],"curies":[{"name":"wp","href":"https:\/\/api.w.org\/{rel}","templated":true}]}}