{"id":3191,"date":"2021-03-26T08:20:19","date_gmt":"2021-03-26T12:20:19","guid":{"rendered":"https:\/\/feltkutur.com\/plafonniers-acoustiques-cassiope\/"},"modified":"2022-08-03T11:24:33","modified_gmt":"2022-08-03T15:24:33","slug":"plafonniers-acoustiques-cassiope","status":"publish","type":"page","link":"https:\/\/feltkutur.com\/fr\/plafonniers-acoustiques-cassiope\/","title":{"rendered":"Plafonniers acoustiques &#8211; Cassiope"},"content":{"rendered":"\n<h1>\n\t\tPlafonniers acoustiques\n\t<\/h1>\n<h2>\n\t\tCASSIOP\u00c9E\n\t<\/h2>\n\t<p>Le mod\u00e8le Cassiop\u00e9e fait partie de notre nouvelle collection de plafonnier acoustique, Constellation de Feltk\u00fctur.<\/p>\n<p>Cassiop\u00e9e se distingue par son \u00e9l\u00e9gance et sa beaut\u00e9. Plus petite, elle peut s&#8217;installer au-dessus d&#8217;une table de rencontre, de restaurant ou de collaboration.\u00a0 Sa forme circulaire lui octroie une intimit\u00e9, qui am\u00e9liore l&#8217;exp\u00e9rience client.<\/p>\n\t<h3><strong>ID\u00c9AL POUR LES RESTAURANTS<br \/>\n<\/strong><\/h3>\n<p>L&#8217;une des armes secr\u00e8tes les plus pr\u00e9cieuses d&#8217;un restaurant pour attirer, satisfaire et fid\u00e9liser sa client\u00e8le est sa\u00a0<strong>d\u00e9coration<\/strong>\u00a0<strong>int\u00e9rieure et son acoustique.<\/strong> Situ\u00e9e au de dessus de la table, Cassiop\u00e9e permettra de r\u00e9duire la r\u00e9verb\u00e9ration du bruit, assurant ainsi une certaine intimit\u00e9. Cassiop\u00e9e sera plus qu&#8217;un accessoire car en plus d&#8217;am\u00e9liorer le confort acoustique, elle contribue au design visuel de votre espace.\u00a0\u00a0 Gr\u00e2ce \u00e0 sa forme, Cassiop\u00e9e laissera passer la lumi\u00e8re \u00e9mise par l&#8217;\u00e9clairage du local.<\/p>\n\t\t\t\t<img decoding=\"async\" src=\"https:\/\/feltkutur.com\/wp-content\/uploads\/f.png\" alt=\"Triangle\" itemprop=\"image\" height=\"225\" width=\"225\" title=\"Triangle\" onerror=\"this.style.display='none'\"  \/>\n\t<h3><strong>ABSORPTION SONORE<br \/>\n<\/strong><\/h3>\n<p>Gr\u00e2ce aux formes triangulaire int\u00e9rieurs, l&#8217;att\u00e9nuation du bruit est am\u00e9lior\u00e9e. Sa forme hexagone permet \u00e9galement une absorption sonore sur tous les c\u00f4t\u00e9s. L&#8217;espace d&#8217;air qui se retrouve \u00e0 l&#8217;int\u00e9rieur lui conf\u00e8re de bonnes propri\u00e9t\u00e9s acoustiques. Gr\u00e2ce \u00e0 notre feutre acoustique <a href=\"https:\/\/feltkutur.com\/fr\/panneaux-acoustiques-duotex\/\"><strong>D\u00fcotex<\/strong><\/a>, le bruit est filtr\u00e9 et att\u00e9nu\u00e9.<\/p>\n\t<h3><strong>NOTRE COULEUR ROUGEMONT<br \/>\n<\/strong><\/h3>\n<p>Avant tout chose, il faut savoir que le rouge est r\u00e9serv\u00e9 aux pi\u00e8ces vivantes : salle \u00e0 manger, couloir ou cage d&#8217;escalier, par exemple. Le <a href=\"https:\/\/feltkutur.com\/wp-content\/uploads\/tex2017-11_feutres_rouge_rouge_mont_appro1_v1_06_edited.jpg\"><strong>Rougemont<\/strong> <\/a>doit mettre en valeur une belle pi\u00e8ce et vice versa, pour se fondre dans l&#8217;air du temps. Cette couleur s&#8217;exprime m\u00eame joliment avec la brique ou le b\u00e9ton, deux mat\u00e9riaux qui ont trouv\u00e9 leur place sur le banc des intemporels de la d\u00e9co.<\/p>\n\n","protected":false},"excerpt":{"rendered":"<p>Plafonniers acoustiques CASSIOP\u00c9E Le mod\u00e8le Cassiop\u00e9e fait partie de notre nouvelle collection de plafonnier acoustique, Constellation de Feltk\u00fctur. Cassiop\u00e9e se distingue par son \u00e9l\u00e9gance et sa beaut\u00e9. Plus petite, elle peut s&#8217;installer au-dessus d&#8217;une table de rencontre, de restaurant ou de collaboration.\u00a0 Sa forme circulaire lui octroie une intimit\u00e9, qui am\u00e9liore l&#8217;exp\u00e9rience client. ID\u00c9AL POUR [&#8230;]<\/p>\n<p><a class=\"btn btn-secondary understrap-read-more-link\" href=\"https:\/\/feltkutur.com\/fr\/plafonniers-acoustiques-cassiope\/\">Read More&#8230;<\/a><\/p>\n","protected":false},"author":1,"featured_media":0,"parent":0,"menu_order":0,"comment_status":"closed","ping_status":"closed","template":"","meta":{"_seopress_robots_primary_cat":"","_seopress_titles_title":"","_seopress_titles_desc":"Le mod\u00e8le Cassiop\u00e9e fait partie de notre nouvelle collection de plafonnier acoustique, Constellation de Feltk\u00fctur.","_seopress_robots_index":"","footnotes":""},"class_list":["post-3191","page","type-page","status-publish"],"_links":{"self":[{"href":"https:\/\/feltkutur.com\/fr\/wp-json\/wp\/v2\/pages\/3191","targetHints":{"allow":["GET"]}}],"collection":[{"href":"https:\/\/feltkutur.com\/fr\/wp-json\/wp\/v2\/pages"}],"about":[{"href":"https:\/\/feltkutur.com\/fr\/wp-json\/wp\/v2\/types\/page"}],"author":[{"embeddable":true,"href":"https:\/\/feltkutur.com\/fr\/wp-json\/wp\/v2\/users\/1"}],"replies":[{"embeddable":true,"href":"https:\/\/feltkutur.com\/fr\/wp-json\/wp\/v2\/comments?post=3191"}],"version-history":[{"count":0,"href":"https:\/\/feltkutur.com\/fr\/wp-json\/wp\/v2\/pages\/3191\/revisions"}],"wp:attachment":[{"href":"https:\/\/feltkutur.com\/fr\/wp-json\/wp\/v2\/media?parent=3191"}],"curies":[{"name":"wp","href":"https:\/\/api.w.org\/{rel}","templated":true}]}}