{"id":3092,"date":"2021-02-19T08:57:22","date_gmt":"2021-02-19T13:57:22","guid":{"rendered":"https:\/\/feltkutur.com\/ligne-1\/"},"modified":"2022-08-02T15:49:13","modified_gmt":"2022-08-02T19:49:13","slug":"ligne-1","status":"publish","type":"page","link":"https:\/\/feltkutur.com\/fr\/ligne-1\/","title":{"rendered":"Feutre acoustique produits de Ligne 1"},"content":{"rendered":"\n<h1>\n\t\tLes produits de notre Ligne 1 font partie de votre quotidien!\n\t<\/h1>\n\t<p>La ligne de production o\u00f9 est produit la collection Feltk\u00fctur, poss\u00e8de une riche histoire de d\u00e9veloppement de nouveaux produits innovants.\u00a0 Connu sous le nom de la \u00ab\u00a0Ligne 1\u00a0\u00bb, celle-ci a fait l&#8217;objet de plusieurs investissements au cours des ann\u00e9es ant\u00e9rieures, afin de suivre les nouvelles tendances.<\/p>\n<p>Plus petite que les autres lignes production, la Ligne 1 est reconnue pour sa souplesse, sa versatilit\u00e9 et sa capacit\u00e9 \u00e0 produire de plus petits lots de production, ce qui lui n&#8217;emp\u00eache pas de produire des lots \u00e0 grande \u00e9chelle.<\/p>\n<p>Cette ligne de production dessert plusieurs march\u00e9s dont le secteur de l&#8217;\u00e9lectrom\u00e9nager, de la construction, de la chaussure, de l&#8217;automobile et de l&#8217;ameublement. Gr\u00e2ce \u00e0 sa polyvalence, la ligne 1 r\u00e9agit toujours aux changements dans l&#8217;\u00e9conomie. Lorsqu&#8217;un secteur plonge, un autre grimpe, garantissant ainsi une p\u00e9rennit\u00e9 \u00e0 l&#8217;ann\u00e9e.<\/p>\n<p>Voici quelques exemples de produits innovants fabriqu\u00e9s sur notre ligne 1.<\/p>\n\t\t\t\t<img decoding=\"async\" src=\"https:\/\/feltkutur.com\/wp-content\/uploads\/Feltkutur.jpg\" alt=\"Feltkutur\" itemprop=\"image\" height=\"565\" width=\"792\" title=\"Feltkutur\" onerror=\"this.style.display='none'\"  \/>\n\t<p>&nbsp;<\/p>\n<p><strong>\u00ab Les coussinets de feutre \u00bb, protecteurs de plancher<\/strong><\/p>\n<p><strong><a href=\"https:\/\/texel.ca\/fr\/accueil\/\">Texel Mat\u00e9riaux Techniques Inc.<\/a><\/strong> fut la premi\u00e8re usine au monde \u00e0 produire ses protecteurs de plancher, maintenant r\u00e9pandus dans le monde entier. Souvent imit\u00e9s, mais jamais \u00e9gal\u00e9s. En effet, en 1985, c&#8217;est en collaborateur avec Martin Dumas, fondateur de la compagnie Madico \u00e0 Pintendre, que Texel produit les feutres qui se retrouvent s\u00fbrement dans une quincaillerie pr\u00e8s de chez vous.<\/p>\n\t<p>&nbsp;<\/p>\n<p><strong>Secteur de l&#8217;\u00e9lectrom\u00e9nager<\/strong><\/p>\n<p>La Ligne 1 produit \u00e9galement des feutres destin\u00e9s au secteur de l&#8217;\u00e9lectrom\u00e9nager, et plus pr\u00e9cis\u00e9ment, aux s\u00e9cheuses. En effet, gr\u00e2ce aux propri\u00e9t\u00e9s de la laine, sa technologie lui a permis de remplacer les bandes d&#8217;\u00e9paulement, qui \u00e9taient jadis faites en Teflon.\u00a0 Avec leurs propri\u00e9t\u00e9s faibles en coefficient de friction, les feutres de laine permettent au tambour de bien tourner. Nous sommes l&#8217;un des plus grands fabricants de ce mat\u00e9riel en Am\u00e9rique du Nord.<\/p>\n\t\t\t<img decoding=\"async\" loading='false' src=\"https:\/\/feltkutur.com\/wp-content\/uploads\/Feltkutur2.jpg\" alt=\"\" \/>\t\t\t\n\t\t\t<img decoding=\"async\" loading='false' src=\"https:\/\/feltkutur.com\/wp-content\/uploads\/Capture-41.jpg\" alt=\"\" \/>\t\t\t\n\t\t\t<img decoding=\"async\" loading='false' src=\"https:\/\/feltkutur.com\/wp-content\/uploads\/Capture-42.jpg\" alt=\"\" \/>\t\t\t\n\t\t\t<img decoding=\"async\" loading='false' src=\"https:\/\/feltkutur.com\/wp-content\/uploads\/FeltkulturEmploye-3-scaled.jpg\" alt=\"\" \/>\t\t\t\n\t<p>Depuis 1967, Texel produit des feutres isolants thermiques et des semelles pour l&#8217;industrie de la chaussure. Ce f\u00fbt un secteur d&#8217;activit\u00e9s tr\u00e8s important chez Texel, et aujourd&#8217;hui, la Ligne 1 produit toujours ces feutres \u00e0 chausson mais elle se sp\u00e9cialise dans la botte militaire r\u00e9sistante aux froids extr\u00eames. Il y \u00e9galement la production de semelles de confort Summumtex, que l&#8217;on peut retrouver dans les chaussures militaires canadiennes et dans la fameuse botte de cowboy GA Boulet.<\/p>\n<p>La pollution sonore devient une probl\u00e9matique de plus en plus soulev\u00e9e de nos jours.\u00a0 Le savoir-faire acoustique de Texel a permis de d\u00e9velopper une panoplie de technologies qui permettent d&#8217;enrayer les probl\u00e8mes li\u00e9s aux bruits. Sur la Ligne 1, un large \u00e9ventail d&#8217;absorbants acoustiques est fabriqu\u00e9.<\/p>\n\t<p><strong>Secteur de l&#8217;automobile<\/strong><\/p>\n<p>La pollution sonore devient une probl\u00e9matique de plus en plus soulev\u00e9e de nos jours.\u00a0 Le savoir-faire acoustique de Texel a permis de d\u00e9velopper une panoplie de technologies qui permettent d&#8217;enrayer les probl\u00e8mes li\u00e9s aux bruits. Sur la Ligne 1, un large \u00e9ventail d&#8217;absorbants acoustiques est fabriqu\u00e9. Dans le secteur de l&#8217;automobile, Texel produit depuis 2007 des produits tels que les fausses ailes acoustiques qui enrayent les bruits caus\u00e9s par le roulement de roues, et les conduits d&#8217;air acoustiques. Avec l&#8217;av\u00e8nement des voitures \u00e9lectriques et la communication \u00ab\u00a0Bluetooth\u00a0\u00bb, les conduits d&#8217;air acoustiques permettent de diminuer les bruits.<\/p>\n\t\t\t<img decoding=\"async\" loading='false' src=\"https:\/\/feltkutur.com\/wp-content\/uploads\/Automotive-1.jpg\" alt=\"\" \/>\t\t\t\n\t\t\t<img decoding=\"async\" loading='false' src=\"https:\/\/feltkutur.com\/wp-content\/uploads\/FeltkulturEmploye-8-scaled.jpg\" alt=\"\" \/>\t\t\t\n\t\t\t<img decoding=\"async\" loading='false' src=\"https:\/\/feltkutur.com\/wp-content\/uploads\/Acoustical-panls-scaled.jpg\" alt=\"\" \/>\t\t\t\n\t\t\t<img decoding=\"async\" loading='false' src=\"https:\/\/feltkutur.com\/wp-content\/uploads\/FeltkulturEmploye-12-scaled.jpg\" alt=\"\" \/>\t\t\t\n\t\t\t<img decoding=\"async\" loading='false' src=\"https:\/\/feltkutur.com\/wp-content\/uploads\/Capture-43.jpg\" alt=\"\" \/>\t\t\t\n\t\t\t<img decoding=\"async\" loading='false' src=\"https:\/\/feltkutur.com\/wp-content\/uploads\/Feltkutur3.jpg\" alt=\"\" \/>\t\t\t\n\t<p><strong>Mat\u00e9riaux architecturaux et de l&#8217;ameublement<\/strong><\/p>\n<p>En addition, Texel est producteurs de sous-planchers acoustiques destin\u00e9s aux planchers d&#8217;ing\u00e9nierie, connu sous les noms de Matex et Ecoduo.<\/p>\n<p>R\u00e9cemment, la Ligne 1 a permis la naissance de la gamme de <a href=\"https:\/\/feltkutur.com\/fr\/panneaux-acoustiques-duotex\/\"><strong>panneaux acoustiques<\/strong><\/a> destin\u00e9s au monde de l&#8217;ameublement et de l&#8217;architecture. Gr\u00e2ce \u00e0 ses connaissances acoustiques et son savoir-faire des mat\u00e9riaux composites, Texel a d\u00e9velopp\u00e9 une nouvelle gamme de feutres acoustiques connue sous le nom de Feltk\u00fctur.\u00a0 Ces nouveaux produits permettront aux architectes et designers de r\u00e9soudre les probl\u00e8mes li\u00e9s \u00e0 la pollution sonore. Ces panneaux acoustiques peuvent \u00eatre transform\u00e9s par nos clients en tuiles acoustiques, en plafonds acoustiques, en panneaux diviseurs ou en rideaux acoustiques.<\/p>\n\t<p>La diversification des march\u00e9s et l&#8217;innovation des produits de la Ligne 1 continueront de franchir les limites de l&#8217;impossible.\u00a0 Que ce soit pour les produits de consommateurs, les mat\u00e9riaux du b\u00e2timent ou les mat\u00e9riaux du transport, notre Ligne 1 fabrique divers produits qui peuvent se retrouver dans votre automobile, dans vos chaussures, dans votre maison et dans votre lieu de travail.<\/p>\n<p>Notre savoir-faire fait partie de votre quotidien.<\/p>\n\n","protected":false},"excerpt":{"rendered":"<p>Les produits de notre Ligne 1 font partie de votre quotidien! La ligne de production o\u00f9 est produit la collection Feltk\u00fctur, poss\u00e8de une riche histoire de d\u00e9veloppement de nouveaux produits innovants.\u00a0 Connu sous le nom de la \u00ab\u00a0Ligne 1\u00a0\u00bb, celle-ci a fait l&#8217;objet de plusieurs investissements au cours des ann\u00e9es ant\u00e9rieures, afin de suivre les [&#8230;]<\/p>\n<p><a class=\"btn btn-secondary understrap-read-more-link\" href=\"https:\/\/feltkutur.com\/fr\/ligne-1\/\">Read More&#8230;<\/a><\/p>\n","protected":false},"author":1,"featured_media":0,"parent":0,"menu_order":0,"comment_status":"closed","ping_status":"closed","template":"","meta":{"_seopress_robots_primary_cat":"","_seopress_titles_title":"","_seopress_titles_desc":"Cette ligne de production dessert plusieurs march\u00e9s dont le secteur de l\u2019\u00e9lectrom\u00e9nager, de la construction, de la chaussure, de l\u2019automobile\u2026","_seopress_robots_index":"","footnotes":""},"class_list":["post-3092","page","type-page","status-publish"],"_links":{"self":[{"href":"https:\/\/feltkutur.com\/fr\/wp-json\/wp\/v2\/pages\/3092","targetHints":{"allow":["GET"]}}],"collection":[{"href":"https:\/\/feltkutur.com\/fr\/wp-json\/wp\/v2\/pages"}],"about":[{"href":"https:\/\/feltkutur.com\/fr\/wp-json\/wp\/v2\/types\/page"}],"author":[{"embeddable":true,"href":"https:\/\/feltkutur.com\/fr\/wp-json\/wp\/v2\/users\/1"}],"replies":[{"embeddable":true,"href":"https:\/\/feltkutur.com\/fr\/wp-json\/wp\/v2\/comments?post=3092"}],"version-history":[{"count":0,"href":"https:\/\/feltkutur.com\/fr\/wp-json\/wp\/v2\/pages\/3092\/revisions"}],"wp:attachment":[{"href":"https:\/\/feltkutur.com\/fr\/wp-json\/wp\/v2\/media?parent=3092"}],"curies":[{"name":"wp","href":"https:\/\/api.w.org\/{rel}","templated":true}]}}