{"id":3063,"date":"2021-02-11T10:29:43","date_gmt":"2021-02-11T15:29:43","guid":{"rendered":"https:\/\/feltkutur.com\/nous-avons-le-savoir-faire\/"},"modified":"2022-08-02T16:07:20","modified_gmt":"2022-08-02T20:07:20","slug":"nous-avons-le-savoir-faire","status":"publish","type":"page","link":"https:\/\/feltkutur.com\/fr\/nous-avons-le-savoir-faire\/","title":{"rendered":"Nous avons le savoir-faire"},"content":{"rendered":"\n\n\t\t\t\t<img decoding=\"async\" src=\"https:\/\/feltkutur.com\/wp-content\/uploads\/montage-FR-4.png\" alt=\"Feltk\u00fctur-panneaux\" itemprop=\"image\" height=\"1527\" width=\"2560\" title=\"Feltk\u00fctur-panneaux\" onerror=\"this.style.display='none'\"  \/>\n<h1>\n\t\tEmploy\u00e9s chez Texel\n\t<\/h1>\n\t<p><a href=\"https:\/\/texel.ca\/fr\/accueil\/\"><strong>Texel Mat\u00e9riaux technique Inc.<\/strong><\/a>, la compagnie qu\u00e9b\u00e9coise derri\u00e8re la marque Feltk\u00fctur produit des non-tiss\u00e9s pour plusieurs secteurs d&#8217;activit\u00e9 depuis 1967. Sur la ligne 1 se d\u00e9roule la fabrication des panneaux acoustiques Feltk\u00fctur.<\/p>\n<p>Gr\u00e2ce \u00e0 l&#8217;innovation et au savoir-faire de ses op\u00e9rateurs, Texel a progress\u00e9 au fil des ans et ses produits sont aujourd&#8217;hui commercialis\u00e9s \u00e0 l&#8217;international via 8 industries et segments de march\u00e9 : le m\u00e9dical et les lingettes, le CIPP, la filtration des liquides, l&#8217;automobile, les g\u00e9osynth\u00e9tiques et les agrotextiles, les chaussures et les v\u00eatements, les transformateurs industriels et les mat\u00e9riaux de construction et du mobilier. Dans ce dernier segment de march\u00e9, nous retrouvons nos produits acoustiques architecturaux, connus sous le nom de Feltk\u00fctur. C&#8217;est sur la ligne 1 qu&#8217;ils sont fabriqu\u00e9s.<\/p>\n\t\t\t<img decoding=\"async\" loading='false' src=\"https:\/\/feltkutur.com\/wp-content\/uploads\/FeltkulturEmploye-4-scaled.jpg\" alt=\"\" \/>\t\t\t\n\t\t\t<img decoding=\"async\" loading='false' src=\"https:\/\/feltkutur.com\/wp-content\/uploads\/FeltkulturEmploye-3-scaled.jpg\" alt=\"\" \/>\t\t\t\n\t<p><strong>Guimond Gigu\u00e8re<\/strong> s&#8217;est joint \u00e0 Texel en 1981 et est actuellement notre chef d&#8217;\u00e9quipe sur la ligne 1. Sa connaissance des fibres naturelles, telle que la laine, et des fibres synth\u00e9tiques, telles que le polyester, le polypropyl\u00e8ne, le Nomex et le Kevlar, permet \u00e0 Guimond d&#8217;adapter les m\u00e9langes de fibres \u00e0 divers mat\u00e9riaux composites. De nombreux produits ont \u00e9t\u00e9 con\u00e7us et fabriqu\u00e9s sur la ligne 1, tels que des feutres d&#8217;isolation thermique comme le Thermoplus, le Minktex et le Radiantex, qui sont destin\u00e9s \u00e0 l&#8217;industrie des chaussures d&#8217;hiver. Il y a aussi le mat\u00e9riau thermoformable connu sous le nom de Thermofit, pour le secteur automobile, que l&#8217;on peut retrouver dans la Nissan Altima, l&#8217;Acura RDX et la Jeep Grand Cherokee. Plus r\u00e9cemment, tout en d\u00e9veloppant les <a href=\"https:\/\/feltkutur.com\/fr\/panneaux-acoustiques-duotex\/\"><strong>panneaux acoustiques<\/strong><\/a> Feltk\u00fctur, Guimond a proc\u00e9d\u00e9 aux ajustements n\u00e9cessaires pour cr\u00e9er l&#8217;esth\u00e9tique unique de la collection. Nous le remercions pour ses <strong>40 ans<\/strong> de loyaux services et d&#8217;innovation.<\/p>\n\t<p><strong>Jean-Pierre Marcoux<\/strong> a \u00e9t\u00e9 le premier chef d&#8217;\u00e9quipe de la ligne 1 en 1990. Fort de son exp\u00e9rience sur plusieurs lignes de production chez Texel, Jean-Pierre a vu la naissance de plusieurs produits chez Texel. Jean-Pierre a rejoint Texel en 1976, l&#8217;ann\u00e9e m\u00eame o\u00f9 Texel a commercialis\u00e9 le tout premier produit g\u00e9otextile canadien, connu sous le nom de S\u00e9rie 76. Jean-Pierre a contribu\u00e9 au d\u00e9veloppement de plusieurs technologies d&#8217;isolation thermique et acoustique. Les diff\u00e9rents march\u00e9s desservis par la ligne 1 ont permis d&#8217;accro\u00eetre le savoir-faire des mat\u00e9riaux textiles. Des coll\u00e8gues de longue date, Jean-Pierre et Guimond ont form\u00e9 plusieurs op\u00e9rateurs chez Texel. En plus de se consacrer \u00e0 Texel, Jean-Pierre a donn\u00e9 beaucoup de son temps \u00e0 la ligue de hockey mineur en Beauce, en tant que responsable du programme. <strong>45 ans<\/strong> \u00e0 contribuer au savoir-faire technique de Texel \u00e0 travers le monde. Merci Jean-Pierre !<\/p>\n\t\t\t<img decoding=\"async\" loading='false' src=\"https:\/\/feltkutur.com\/wp-content\/uploads\/FeltkulturEmploye-5-scaled.jpg\" alt=\"\" \/>\t\t\t\n\t\t\t<img decoding=\"async\" loading='false' src=\"https:\/\/feltkutur.com\/wp-content\/uploads\/FeltkulturEmploye-8-scaled.jpg\" alt=\"\" \/>\t\t\t\n\t\t\t<img decoding=\"async\" loading='false' src=\"https:\/\/feltkutur.com\/wp-content\/uploads\/FeltkulturEmploye-9-scaled.jpg\" alt=\"\" \/>\t\t\t\n\t\t\t<img decoding=\"async\" loading='false' src=\"https:\/\/feltkutur.com\/wp-content\/uploads\/FeltkulturEmploye-12-scaled.jpg\" alt=\"\" \/>\t\t\t\n\t<p><strong>Michel Routhier<\/strong> s&#8217;est joint \u00e0 Texel en 2010 et poss\u00e8de de l&#8217;exp\u00e9rience sur plusieurs lignes de fabrication. Polyvalent et d\u00e9brouillard, Michel a su apporter son exp\u00e9rience et contribuer \u00e0 l&#8217;\u00e9volution des produits de la ligne 1. Michel a vu la naissance du feutre acoustique <a href=\"https:\/\/feltkutur.com\/fr\/panneaux-acoustiques-duotex\/\"><strong>D\u00fcotex<\/strong> <\/a>de la collection Feltk\u00fctur. Sa capacit\u00e9 d&#8217;adaptation fait de lui un op\u00e9rateur hors pair et polyvalent sur la ligne 1. Toujours souriant, Michel r\u00e9pand toujours sa bonne humeur dans l&#8217;usine. <strong>11 ans<\/strong> de contribution, de savoir-faire et d&#8217;expertise technique, merci pour ton bon travail Michel !<\/p>\n\t<p>Ensemble, l&#8217;\u00e9quipe de la ligne 1 poss\u00e8de 95 ans d&#8217;exp\u00e9rience et de savoir-faire. Bravo \u00e0 l&#8217;\u00e9quipe ! Nous sommes impatients de franchir ce cap du si\u00e8cle !<\/p>\n\n","protected":false},"excerpt":{"rendered":"<p>Employ\u00e9s chez Texel Texel Mat\u00e9riaux technique Inc., la compagnie qu\u00e9b\u00e9coise derri\u00e8re la marque Feltk\u00fctur produit des non-tiss\u00e9s pour plusieurs secteurs d&#8217;activit\u00e9 depuis 1967. Sur la ligne 1 se d\u00e9roule la fabrication des panneaux acoustiques Feltk\u00fctur. Gr\u00e2ce \u00e0 l&#8217;innovation et au savoir-faire de ses op\u00e9rateurs, Texel a progress\u00e9 au fil des ans et ses produits sont [&#8230;]<\/p>\n<p><a class=\"btn btn-secondary understrap-read-more-link\" href=\"https:\/\/feltkutur.com\/fr\/nous-avons-le-savoir-faire\/\">Read More&#8230;<\/a><\/p>\n","protected":false},"author":1,"featured_media":0,"parent":0,"menu_order":0,"comment_status":"closed","ping_status":"closed","template":"","meta":{"_seopress_robots_primary_cat":"","_seopress_titles_title":"","_seopress_titles_desc":"Feltk\u00fctur produit des non-tiss\u00e9s pour plusieurs secteurs d\u2019activit\u00e9 depuis 1967. Sur la ligne 1 se d\u00e9roule la fabrication des panneaux acoustiques Feltk\u00fctur.","_seopress_robots_index":"","footnotes":""},"class_list":["post-3063","page","type-page","status-publish"],"_links":{"self":[{"href":"https:\/\/feltkutur.com\/fr\/wp-json\/wp\/v2\/pages\/3063","targetHints":{"allow":["GET"]}}],"collection":[{"href":"https:\/\/feltkutur.com\/fr\/wp-json\/wp\/v2\/pages"}],"about":[{"href":"https:\/\/feltkutur.com\/fr\/wp-json\/wp\/v2\/types\/page"}],"author":[{"embeddable":true,"href":"https:\/\/feltkutur.com\/fr\/wp-json\/wp\/v2\/users\/1"}],"replies":[{"embeddable":true,"href":"https:\/\/feltkutur.com\/fr\/wp-json\/wp\/v2\/comments?post=3063"}],"version-history":[{"count":0,"href":"https:\/\/feltkutur.com\/fr\/wp-json\/wp\/v2\/pages\/3063\/revisions"}],"wp:attachment":[{"href":"https:\/\/feltkutur.com\/fr\/wp-json\/wp\/v2\/media?parent=3063"}],"curies":[{"name":"wp","href":"https:\/\/api.w.org\/{rel}","templated":true}]}}