{"id":3038,"date":"2021-02-05T15:06:08","date_gmt":"2021-02-05T20:06:08","guid":{"rendered":"https:\/\/feltkutur.com\/gris-fermont\/"},"modified":"2022-08-02T15:47:20","modified_gmt":"2022-08-02T19:47:20","slug":"gris-fermont","status":"publish","type":"page","link":"https:\/\/feltkutur.com\/fr\/gris-fermont\/","title":{"rendered":"Feutre acoustique Gris Fermont"},"content":{"rendered":"\n<h1>\n\t\tLe Gris Fermont\n\t<\/h1>\n<h2>\n\t\tNotre gris anthracite\n\t<\/h2>\n\t\t\t\t<img decoding=\"async\" src=\"https:\/\/feltkutur.com\/wp-content\/uploads\/Gris-Fermont-photo-finale-scaled.jpg\" alt=\"Gris Fermont-photo-finale\" itemprop=\"image\" height=\"1707\" width=\"2560\" title=\"Gris Fermont-photo-finale\" onerror=\"this.style.display='none'\"  \/>\n\t<h4>Le Gris Fermont s&#8217;int\u00e8gre au sein d&#8217;un\u00a0d\u00e9cor classique, avec ou sans boiserie. Id\u00e9alement, on favorisera une pi\u00e8ce bien lumineuse pour un r\u00e9sultat d&#8217;autant plus beau. Se rapprochant du noir, le Gris Fermont respire\u00a0l&#8217;\u00e9l\u00e9gance\u00a0et\u00a0la classe. On le place dans les cat\u00e9gories de gris ardoise, de gris anthracite et de gris perle.<\/h4>\n<h4>Dans sa composition, le noir est largement majoritaire et la couleur anthracite est un coloris neutre, permettant presque toutes les associations. Notre Gris Fermont se marie tr\u00e8s bien \u00e0 un d\u00e9cor scandinave.<\/h4>\n\t<h4>C&#8217;est un choix os\u00e9 qui non seulement absorbe la lumi\u00e8re, mais qui est \u00e9vocateur d&#8217;une certaine classe. Si vous \u00eates tent\u00e9 d&#8217;imiter nos voisins du Nord, n&#8217;oubliez pas d&#8217;accessoiriser votre d\u00e9coration avec des mati\u00e8res chaleureuses et de choisir des meubles plut\u00f4t clairs ou en bois.<\/h4>\n<h4>Un\u00a0mur rev\u00eatu de notre Gris Fermont anthracite aura un aspect luxueux, invitant \u00e0 la d\u00e9tente. Son aspect neutre en fait un coloris tr\u00e8s facile \u00e0 assortir. On peut d\u00e9cliner toute la gamme des gris et ainsi obtenir une d\u00e9coration monochrome, ou bien faire ressortir des couleurs vives qui sont mises en valeur avec l&#8217;anthracite, par exemple notre <a href=\"https:\/\/feltkutur.com\/wp-content\/uploads\/tex2017-11_feutres_vert_Ste_Marie_appro1_v1_02_edited-1.jpg\"><strong>Vert Ste-Marie<\/strong><\/a> ou le <a href=\"https:\/\/feltkutur.com\/wp-content\/uploads\/tex2017-11_feutres_rouge_rouge_mont_appro1_v1_06_edited.jpg\"><strong>Rougemont<\/strong><\/a>.<\/h4>\n<p>&nbsp;<\/p>\n<h4>On peut \u00e9galement marier ce gris avec toutes les autres couleurs neutres et celles de la gamme des bruns, pour une ambiance \u00e0 la fois chaleureuse et naturelle.<\/h4>\n\n","protected":false},"excerpt":{"rendered":"<p>Le Gris Fermont Notre gris anthracite Le Gris Fermont s&#8217;int\u00e8gre au sein d&#8217;un\u00a0d\u00e9cor classique, avec ou sans boiserie. Id\u00e9alement, on favorisera une pi\u00e8ce bien lumineuse pour un r\u00e9sultat d&#8217;autant plus beau. Se rapprochant du noir, le Gris Fermont respire\u00a0l&#8217;\u00e9l\u00e9gance\u00a0et\u00a0la classe. On le place dans les cat\u00e9gories de gris ardoise, de gris anthracite et de gris [&#8230;]<\/p>\n<p><a class=\"btn btn-secondary understrap-read-more-link\" href=\"https:\/\/feltkutur.com\/fr\/gris-fermont\/\">Read More&#8230;<\/a><\/p>\n","protected":false},"author":1,"featured_media":0,"parent":0,"menu_order":0,"comment_status":"closed","ping_status":"closed","template":"","meta":{"_seopress_robots_primary_cat":"","_seopress_titles_title":"","_seopress_titles_desc":"C'est un choix os\u00e9 qui non seulement absorbe la lumi\u00e8re, mais qui est \u00e9vocateur d'une certaine classe.","_seopress_robots_index":"","footnotes":""},"class_list":["post-3038","page","type-page","status-publish"],"_links":{"self":[{"href":"https:\/\/feltkutur.com\/fr\/wp-json\/wp\/v2\/pages\/3038","targetHints":{"allow":["GET"]}}],"collection":[{"href":"https:\/\/feltkutur.com\/fr\/wp-json\/wp\/v2\/pages"}],"about":[{"href":"https:\/\/feltkutur.com\/fr\/wp-json\/wp\/v2\/types\/page"}],"author":[{"embeddable":true,"href":"https:\/\/feltkutur.com\/fr\/wp-json\/wp\/v2\/users\/1"}],"replies":[{"embeddable":true,"href":"https:\/\/feltkutur.com\/fr\/wp-json\/wp\/v2\/comments?post=3038"}],"version-history":[{"count":0,"href":"https:\/\/feltkutur.com\/fr\/wp-json\/wp\/v2\/pages\/3038\/revisions"}],"wp:attachment":[{"href":"https:\/\/feltkutur.com\/fr\/wp-json\/wp\/v2\/media?parent=3038"}],"curies":[{"name":"wp","href":"https:\/\/api.w.org\/{rel}","templated":true}]}}