{"id":2950,"date":"2021-01-08T14:06:12","date_gmt":"2021-01-08T19:06:12","guid":{"rendered":"https:\/\/feltkutur.com\/gris-westmont\/"},"modified":"2025-10-27T14:20:14","modified_gmt":"2025-10-27T18:20:14","slug":"gris-westmont-2","status":"publish","type":"page","link":"https:\/\/feltkutur.com\/fr\/gris-westmont-2\/","title":{"rendered":"Gris Westmont"},"content":{"rendered":"\n<h2>\n\t\tLa couleur Gris Westmont\n\t<\/h2>\n\t\t\t\t<img decoding=\"async\" src=\"https:\/\/feltkutur.com\/wp-content\/uploads\/griswestmount2-1-scaled.jpg\" alt=\"griswestmount2-1\" itemprop=\"image\" height=\"1707\" width=\"2560\" title=\"griswestmount2-1\" onerror=\"this.style.display='none'\"  \/>\n\t<h4>La couleur Westmont est notre gris argent\u00e9 sophistiqu\u00e9 et \u00e9l\u00e9gant. Nous entendons par l\u00e0 l&#8217;arch\u00e9type du gris (comme dans un m\u00e9lange de fibres noires et blanches, aucune autre couleur m\u00e9lang\u00e9e avec le gris) qui s&#8217;est av\u00e9r\u00e9 \u00eatre un grand succ\u00e8s dans les d\u00e9cors int\u00e9rieurs au cours de la derni\u00e8re ann\u00e9e. Les int\u00e9rieurs gris sont de plus en plus populaires.<\/h4>\n\t<h4>Notre Gris Westmont est notre gris \u00ab\u00a0Moyen\u00a0\u00bb \u00a0de la pallette de couleurs Feltk\u00fctur, \u00e9tant plus fonc\u00e9 que notre Gris St-Sebastien, mais plus p\u00e2le que notre Gris Fermont. Notre D\u00fcotex Gris Westmont est souvent associ\u00e9 \u00e0 des environnements industriels. \u00c9tant donn\u00e9 qu&#8217;il est pratiquement absent de couleur, il n&#8217;attire aucune attention sur lui-m\u00eame, il garde ses distances, en restant s\u00e9par\u00e9. Le beau secret de notre Gris Wesmont, en tant que couleur neutre, est que celle-ci peut devenir encore plus neutre lorsqu&#8217;elle est mise au c\u00f4t\u00e9 d&#8217;une couleur plus audacieuse comme notre Bleu St-Georges ou m\u00eame avec notre Rougemont.<\/h4>\n<h4>Notre Gris Westmont est particuli\u00e8rement beau dans une pi\u00e8ce bien \u00e9clair\u00e9e. Les couleurs sur lesquelles vous ne pouvez pas vraiment mettre le doigt vous font r\u00e9fl\u00e9chir, ce qui est parfait pour un espace de travail.<\/h4>\n\n","protected":false},"excerpt":{"rendered":"<p>La couleur Gris Westmont La couleur Westmont est notre gris argent\u00e9 sophistiqu\u00e9 et \u00e9l\u00e9gant. Nous entendons par l\u00e0 l&#8217;arch\u00e9type du gris (comme dans un m\u00e9lange de fibres noires et blanches, aucune autre couleur m\u00e9lang\u00e9e avec le gris) qui s&#8217;est av\u00e9r\u00e9 \u00eatre un grand succ\u00e8s dans les d\u00e9cors int\u00e9rieurs au cours de la derni\u00e8re ann\u00e9e. Les [&#8230;]<\/p>\n<p><a class=\"btn btn-secondary understrap-read-more-link\" href=\"https:\/\/feltkutur.com\/fr\/gris-westmont-2\/\">Read More&#8230;<\/a><\/p>\n","protected":false},"author":1,"featured_media":0,"parent":0,"menu_order":0,"comment_status":"closed","ping_status":"closed","template":"","meta":{"_seopress_robots_primary_cat":"","_seopress_titles_title":"","_seopress_titles_desc":"","_seopress_robots_index":"","footnotes":""},"class_list":["post-2950","page","type-page","status-publish"],"_links":{"self":[{"href":"https:\/\/feltkutur.com\/fr\/wp-json\/wp\/v2\/pages\/2950","targetHints":{"allow":["GET"]}}],"collection":[{"href":"https:\/\/feltkutur.com\/fr\/wp-json\/wp\/v2\/pages"}],"about":[{"href":"https:\/\/feltkutur.com\/fr\/wp-json\/wp\/v2\/types\/page"}],"author":[{"embeddable":true,"href":"https:\/\/feltkutur.com\/fr\/wp-json\/wp\/v2\/users\/1"}],"replies":[{"embeddable":true,"href":"https:\/\/feltkutur.com\/fr\/wp-json\/wp\/v2\/comments?post=2950"}],"version-history":[{"count":0,"href":"https:\/\/feltkutur.com\/fr\/wp-json\/wp\/v2\/pages\/2950\/revisions"}],"wp:attachment":[{"href":"https:\/\/feltkutur.com\/fr\/wp-json\/wp\/v2\/media?parent=2950"}],"curies":[{"name":"wp","href":"https:\/\/api.w.org\/{rel}","templated":true}]}}