{"id":2915,"date":"2020-12-07T14:55:49","date_gmt":"2020-12-07T19:55:49","guid":{"rendered":"https:\/\/feltkutur.com\/gris-st-sebastien\/"},"modified":"2022-06-13T10:49:02","modified_gmt":"2022-06-13T14:49:02","slug":"gris-st-sebastien","status":"publish","type":"page","link":"https:\/\/feltkutur.com\/fr\/gris-st-sebastien\/","title":{"rendered":"Gris St-S\u00e9bastien"},"content":{"rendered":"\n<h2>\n\t\tGris St-S\u00e9bastien\n\t<\/h2>\n\t\t\t\t<img decoding=\"async\" src=\"https:\/\/feltkutur.com\/wp-content\/uploads\/Gris-St-Sebastien-photo-finale-scaled.jpg\" alt=\"Gris St-S\u00e9bastien-photo-finale\" itemprop=\"image\" height=\"1707\" width=\"2560\" title=\"Gris St-S\u00e9bastien-photo-finale\" onerror=\"this.style.display='none'\"  \/>\n\t<p>Le granite de St-S\u00e9bastien nous a donn\u00e9 l&#8217;inspiration de cr\u00e9er cette couleur gris naturel. Plus p\u00e2le que ses couleurs soeurs <a href=\"https:\/\/feltkutur.com\/fr\/panneaux-acoustiques-duotex\/\"><u>Westmont<\/u> <\/a>et <a href=\"https:\/\/feltkutur.com\/fr\/panneaux-acoustiques-duotex\/\"><u>Fermont<\/u><\/a>, la couleur St-S\u00e9bastien est plus proche d&#8217;un blanc cr\u00e8me et plus neutre.<\/p>\n\t<p>Bien s\u00fbr, le gris St-S\u00e9bastien est une couleur neutre; cependant, vous ne savez peut-\u00eatre pas qu&#8217;il existe dans une large gamme de belles nuances de tons froids autant que chauds. M\u00eame si vous n&#8217;\u00eates pas fan de pi\u00e8ces neutres en terme de couleur, les <a href=\"https:\/\/feltkutur.com\/fr\/panneaux-acoustiques\/\">panneaux acoustiques<\/a> de couleur clair offrent la toile de fond parfaite pour de la d\u00e9coration murale color\u00e9e et vivante. Vous avez toujours des doutes ? Nous voulons vous convaincre avec les pouvoirs de d\u00e9coration de la teinte. Vous pourrez voir ci-dessous quelques projets et id\u00e9es qui montrent tr\u00e8s bien comment les murs gris clair peuvent animer votre espace.<\/p>\n\n","protected":false},"excerpt":{"rendered":"<p>Gris St-S\u00e9bastien Le granite de St-S\u00e9bastien nous a donn\u00e9 l&#8217;inspiration de cr\u00e9er cette couleur gris naturel. Plus p\u00e2le que ses couleurs soeurs Westmont et Fermont, la couleur St-S\u00e9bastien est plus proche d&#8217;un blanc cr\u00e8me et plus neutre. Bien s\u00fbr, le gris St-S\u00e9bastien est une couleur neutre; cependant, vous ne savez peut-\u00eatre pas qu&#8217;il existe dans [&#8230;]<\/p>\n<p><a class=\"btn btn-secondary understrap-read-more-link\" href=\"https:\/\/feltkutur.com\/fr\/gris-st-sebastien\/\">Read More&#8230;<\/a><\/p>\n","protected":false},"author":1,"featured_media":0,"parent":0,"menu_order":0,"comment_status":"closed","ping_status":"closed","template":"","meta":{"_seopress_robots_primary_cat":"","_seopress_titles_title":"","_seopress_titles_desc":"","_seopress_robots_index":"","footnotes":""},"class_list":["post-2915","page","type-page","status-publish"],"_links":{"self":[{"href":"https:\/\/feltkutur.com\/fr\/wp-json\/wp\/v2\/pages\/2915","targetHints":{"allow":["GET"]}}],"collection":[{"href":"https:\/\/feltkutur.com\/fr\/wp-json\/wp\/v2\/pages"}],"about":[{"href":"https:\/\/feltkutur.com\/fr\/wp-json\/wp\/v2\/types\/page"}],"author":[{"embeddable":true,"href":"https:\/\/feltkutur.com\/fr\/wp-json\/wp\/v2\/users\/1"}],"replies":[{"embeddable":true,"href":"https:\/\/feltkutur.com\/fr\/wp-json\/wp\/v2\/comments?post=2915"}],"version-history":[{"count":0,"href":"https:\/\/feltkutur.com\/fr\/wp-json\/wp\/v2\/pages\/2915\/revisions"}],"wp:attachment":[{"href":"https:\/\/feltkutur.com\/fr\/wp-json\/wp\/v2\/media?parent=2915"}],"curies":[{"name":"wp","href":"https:\/\/api.w.org\/{rel}","templated":true}]}}