{"id":2900,"date":"2020-11-30T14:21:57","date_gmt":"2020-11-30T19:21:57","guid":{"rendered":"https:\/\/feltkutur.com\/lequipe-derriere-feltkutur\/"},"modified":"2022-08-02T16:16:46","modified_gmt":"2022-08-02T20:16:46","slug":"lequipe-derriere-feltkutur","status":"publish","type":"page","link":"https:\/\/feltkutur.com\/fr\/lequipe-derriere-feltkutur\/","title":{"rendered":"L&#8217;\u00e9quipe derri\u00e8re Feltk\u00fctur"},"content":{"rendered":"\n<h1>\n\t\tL&#8217;\u00e9quipe derri\u00e8re Feltk\u00fctur\n\t<\/h1>\n\t\t\t\t<img decoding=\"async\" src=\"https:\/\/feltkutur.com\/wp-content\/uploads\/TexelEquipeFull-24-scaled.jpg\" alt=\"Feltk\u00fctur Team\" itemprop=\"image\" height=\"1707\" width=\"2560\" title=\"Feltk\u00fctur Team\" onerror=\"this.style.display='none'\"  \/>\n\t<p>Feltk\u00fctur, qui se prononce \u00ab <strong>Felt<\/strong> \u00bb \u00ab <strong>couture<\/strong> \u00bb comme dans \u00ab <strong>Haute-Couture<\/strong> \u00bb, est une cr\u00e9ation de la plateforme Industrielle de l&#8217;entreprise Texel Mat\u00e9riaux Techniques Inc. Impliqu\u00e9e dans diff\u00e9rents march\u00e9s, la plateforme est pr\u00e9sente dans plusieurs applications populaires incluant, mais sans s&#8217;y limiter, les coussinets anti-vibrations, la protection des sols et des meubles, les rev\u00eatements de tuyau ol\u00e9oduc, les joints d&#8217;\u00e9tanch\u00e9it\u00e9, l&#8217;emballage et les mat\u00e9riaux isolants pour l&#8217;industrie du v\u00eatement. La plateforme Industrielle se r\u00e9invente r\u00e9guli\u00e8rement. Elle a su r\u00e9pondre \u00e0 l&#8217;appel durant la pand\u00e9mie en cr\u00e9ant une membrane de niveau 2 et 3 pour les blouses m\u00e9dicales, ce qui montre bien que l&#8217;\u00e9quipe sait concevoir et mettre en march\u00e9 rapidement. Un important contrat de <strong><a href=\"https:\/\/feltkutur.com\/fr\/equipements-protection-medicale\/\">blouses m\u00e9dicales<\/a><\/strong> pour la ville de New York s&#8217;en est donc suivi.<\/p>\n\t\t\t\t<img decoding=\"async\" src=\"https:\/\/feltkutur.com\/wp-content\/uploads\/FELTKUTUR_Logo_CYAN-1.jpg\" alt=\"FELTKUTUR_Logo_CYAN\" itemprop=\"image\" height=\"1013\" width=\"3150\" title=\"FELTKUTUR_Logo_CYAN\" onerror=\"this.style.display='none'\"  \/>\n\t\t\t\t<img decoding=\"async\" src=\"https:\/\/feltkutur.com\/wp-content\/uploads\/PLATEFORME-TEXEL-INDUSTRIEL.png\" alt=\"Acoustic-fel-panels\" itemprop=\"image\" height=\"600\" width=\"600\" title=\"Acoustic-fel-panels\" onerror=\"this.style.display='none'\"  \/>\n\t<p>R\u00e9cemment, la plateforme a mis sur place un nouveau secteur d&#8217;activit\u00e9, soit les mat\u00e9riaux du b\u00e2timent.\u00a0 Depuis 2015, l&#8217;\u00e9quipe con\u00e7oit diff\u00e9rentes composantes reli\u00e9es \u00e0 ce secteur.\u00a0 Il y a la gamme de sous-planchers acoustiques, la gamme de recouvrement de plancher soit en vinyle ou en TPO, ainsi que les membranes de toiture \u00e9tanches utilisant la technologie PMMA. Toutes ces technologies ont un but structurel et technique.\u00a0 Puisque nous fournissons des solutions acoustiques dans diff\u00e9rentes applications, notre \u00e9quipe de recherche et d\u00e9veloppement a con\u00e7u une nouvelle gamme de panneaux acoustiques pour le march\u00e9 du b\u00e2timent et de l&#8217;ameublement. Toujours en gardant le cap sur les capacit\u00e9s structurelles et techniques, nous avons ajout\u00e9 un aspect de design visuel.<\/p>\n<p>Nous voulions cr\u00e9er une gamme de panneaux enti\u00e8rement produite en Am\u00e9rique du Nord. Pr\u00e9sentement, le march\u00e9 nord-am\u00e9ricain est principalement desservi par des produits outre-mer, ce qui rend la logistique d&#8217;approvisionnement plus compliqu\u00e9e. Les produits Feltk\u00fctur sont cr\u00e9\u00e9s par des gens d&#8217;ici, qui ont le souci de rencontrer les standards du b\u00e2timent nord-am\u00e9ricain.<\/p>\n\t<p>L&#8217;\u00e9quipe derri\u00e8re Feltk\u00fctur est compos\u00e9e d&#8217;ing\u00e9nieurs et de techniciens qui assurent l&#8217;innovation et les standards de qualit\u00e9 nord-am\u00e9ricains. Il y a \u00e9galement l&#8217;\u00e9quipe des ventes, qui assure une \u00e9troite communication avec les architectes, les designers et le r\u00e9seau de distribution. Finalement, on y retrouve l&#8217;\u00e9quipe du marketing qui assure un environnement de cr\u00e9ativit\u00e9 et qui s&#8217;occupe d&#8217;alimenter les r\u00e9seaux sociaux d\u00e9di\u00e9s sp\u00e9cifiquement aux designers et architectes.<\/p>\n\t<p>L&#8217;environnement Feltk\u00fctur a \u00e9t\u00e9 cr\u00e9\u00e9 sp\u00e9cifiquement pour s&#8217;adresser de mani\u00e8re directe aux architectes, designers, sp\u00e9cificateurs et entrepreneurs en construction.<\/p>\n<p>L&#8217;environnement de travail stimulant chez Texel Mat\u00e9riaux Technique Inc. encourage la cr\u00e9ativit\u00e9 de tous les partenaires. Les cellules multidisciplinaires permettent la cr\u00e9ation de produits innovants sans oublier l&#8217;efficacit\u00e9 de production, et le maintien de la communication constante et \u00e9troite avec nos clients. L&#8217;entreprise qui a su obtenir la certification \u00ab Entreprise en Sant\u00e9 \u00bb, permet d&#8217;ench\u00e9rir la sant\u00e9 et le mieux \u00eatre de l&#8217;environnement de travail.<\/p>\n<h2>\n\t\tLe Centre d&#8217;excellence de l&#8217;acoustique architecturale de Lydall Technical Nonwovens\n\t<\/h2>\n\t<p>Depuis 2016, <a href=\"https:\/\/lydall.com\/business-segments\/industrial-filtration\/\"><strong>Lydall Technical Nonwovens<\/strong><\/a> a mis sur pied un Centre d&#8217;excellence pour les produits acoustiques architecturaux. <a href=\"http:\/\/www.texel.ca\"><strong>Texel Mat\u00e9riaux Techniques Inc.<\/strong><\/a> et sa compagnie s\u0153ur <a href=\"https:\/\/www.lydall-gutsche.com\/english\/company\/\"><strong>Gutsche<\/strong><\/a> en Allemagne, collaborent aux d\u00e9veloppements de produits.\u00a0 Gutsche poss\u00e8de une riche exp\u00e9rience technique dans le domaine acoustique architecturale.\u00a0 L&#8217;entreprise a mis en march\u00e9 une gamme de panneaux acoustiques connue sous le nom <a href=\"https:\/\/www.lydall-gutsche.com\/english\/application-areas\/acoustics\/\">d&#8217;<strong>Audiovel<\/strong><\/a>. Cette gamme de feutre de polyester acoustique est destin\u00e9e pour les plafonds acoustiques et l&#8217;ameublement de bureaux. R\u00e9cemment, Gutsche a install\u00e9 une nouvelle presse pour la cr\u00e9ation de panneaux acoustiques haute densit\u00e9. La collaboration internationale des deux \u00e9quipes assura la p\u00e9rennit\u00e9 des produits acoustiques composant les panneaux acoustiques architecturaux.<\/p>\n\t\t\t\t<img decoding=\"async\" src=\"https:\/\/feltkutur.com\/wp-content\/uploads\/Lydall-TNW-RGB-1.png\" alt=\"Lydall-TNW-RGB\" itemprop=\"image\" height=\"261\" width=\"832\" title=\"Lydall-TNW-RGB\" onerror=\"this.style.display='none'\"  \/>\n<h2>\n\t\tNotre \u00e9quipe en action\n\t<\/h2>\n\n","protected":false},"excerpt":{"rendered":"<p>L&#8217;\u00e9quipe derri\u00e8re Feltk\u00fctur Feltk\u00fctur, qui se prononce \u00ab Felt \u00bb \u00ab couture \u00bb comme dans \u00ab Haute-Couture \u00bb, est une cr\u00e9ation de la plateforme Industrielle de l&#8217;entreprise Texel Mat\u00e9riaux Techniques Inc. Impliqu\u00e9e dans diff\u00e9rents march\u00e9s, la plateforme est pr\u00e9sente dans plusieurs applications populaires incluant, mais sans s&#8217;y limiter, les coussinets anti-vibrations, la protection des sols [&#8230;]<\/p>\n<p><a class=\"btn btn-secondary understrap-read-more-link\" href=\"https:\/\/feltkutur.com\/fr\/lequipe-derriere-feltkutur\/\">Read More&#8230;<\/a><\/p>\n","protected":false},"author":1,"featured_media":0,"parent":0,"menu_order":0,"comment_status":"closed","ping_status":"closed","template":"","meta":{"_seopress_robots_primary_cat":"","_seopress_titles_title":"","_seopress_titles_desc":"Feltk\u00fctur, qui se prononce \u00ab Felt \u00bb \u00ab couture \u00bb comme dans \u00ab Haute-Couture \u00bb, est une cr\u00e9ation de la plateforme Industrielle de l\u2019entreprise Texel...","_seopress_robots_index":"","footnotes":""},"class_list":["post-2900","page","type-page","status-publish"],"_links":{"self":[{"href":"https:\/\/feltkutur.com\/fr\/wp-json\/wp\/v2\/pages\/2900","targetHints":{"allow":["GET"]}}],"collection":[{"href":"https:\/\/feltkutur.com\/fr\/wp-json\/wp\/v2\/pages"}],"about":[{"href":"https:\/\/feltkutur.com\/fr\/wp-json\/wp\/v2\/types\/page"}],"author":[{"embeddable":true,"href":"https:\/\/feltkutur.com\/fr\/wp-json\/wp\/v2\/users\/1"}],"replies":[{"embeddable":true,"href":"https:\/\/feltkutur.com\/fr\/wp-json\/wp\/v2\/comments?post=2900"}],"version-history":[{"count":0,"href":"https:\/\/feltkutur.com\/fr\/wp-json\/wp\/v2\/pages\/2900\/revisions"}],"wp:attachment":[{"href":"https:\/\/feltkutur.com\/fr\/wp-json\/wp\/v2\/media?parent=2900"}],"curies":[{"name":"wp","href":"https:\/\/api.w.org\/{rel}","templated":true}]}}