{"id":2737,"date":"2020-10-13T07:58:29","date_gmt":"2020-10-13T11:58:29","guid":{"rendered":"https:\/\/feltkutur.com\/employe-steve\/"},"modified":"2022-07-29T10:23:46","modified_gmt":"2022-07-29T14:23:46","slug":"employe-steve","status":"publish","type":"page","link":"https:\/\/feltkutur.com\/fr\/employe-steve\/","title":{"rendered":"Panneaux acoustiques nouvel employ\u00e9 Steve"},"content":{"rendered":"\n<h1>UN NOUVEAU MEMBRE \u00c0 LA PLATEFORME INDUSTRIELLE&nbsp;<\/h1>\n\t\t\t\t<img decoding=\"async\" src=\"https:\/\/feltkutur.com\/wp-content\/uploads\/untitled-85-Edit2-002.jpg\" alt=\"Steve headshot\" itemprop=\"image\" title=\"Steve headshot\" width=\"2560\" height=\"1709\">\n\t<p>&nbsp;<\/p>\n<p>Nous sommes heureux de vous pr\u00e9senter Steve Dingman, qui rejoint la plateforme Industrielle en remplacement de notre coll\u00e8gue Elsa, durant son cong\u00e9 maternit\u00e9.<\/p>\n<p>Steve travaille pour Texel depuis 2007. Il a travaill\u00e9 \u00e0 titre de Sp\u00e9cialiste \u00e0 la Standardisation et ensuite, comme Coordonnateur de Production pendant 10 ans \u00e0 notre usine de Sherbrooke. Nous sommes ravis de l&#8217;accueillir \u00e0 la plateforme Industrielle en tant que Repr\u00e9sentant Interne pour les comptes Industriels. Steve sera \u00e9galement impliqu\u00e9 dans les activit\u00e9s de recherche marketing pour Feltk\u00fctur.<\/p>\n<p>L\u2019exp\u00e9rience de Steve avec les textiles et mat\u00e9riaux enduits sera certainement b\u00e9n\u00e9fique \u00e0 notre client\u00e8le, ouvrant la porte \u00e0 de nouvelles opportunit\u00e9s.<\/p>\n<p>Merci de vous joindre \u00e0 moi pour accueillir Steve dans l&#8217;\u00e9quipe.<\/p>\n","protected":false},"excerpt":{"rendered":"<p>UN NOUVEAU MEMBRE \u00c0 LA PLATEFORME INDUSTRIELLE&nbsp; &nbsp; Nous sommes heureux de vous pr\u00e9senter Steve Dingman, qui rejoint la plateforme Industrielle en remplacement de notre coll\u00e8gue Elsa, durant son cong\u00e9 maternit\u00e9. Steve travaille pour Texel depuis 2007. Il a travaill\u00e9 \u00e0 titre de Sp\u00e9cialiste \u00e0 la Standardisation et ensuite, comme Coordonnateur de Production pendant 10 [&#8230;]<\/p>\n<p><a class=\"btn btn-secondary understrap-read-more-link\" href=\"https:\/\/feltkutur.com\/fr\/employe-steve\/\">Read More&#8230;<\/a><\/p>\n","protected":false},"author":1,"featured_media":0,"parent":0,"menu_order":0,"comment_status":"closed","ping_status":"closed","template":"","meta":{"_seopress_robots_primary_cat":"","_seopress_titles_title":"","_seopress_titles_desc":"L\u2019exp\u00e9rience de Steve avec les textiles et mat\u00e9riaux enduits sera certainement b\u00e9n\u00e9fique \u00e0 notre client\u00e8le, ouvrant la porte \u00e0 de nouvelles opportunit\u00e9s.","_seopress_robots_index":"","footnotes":""},"class_list":["post-2737","page","type-page","status-publish"],"_links":{"self":[{"href":"https:\/\/feltkutur.com\/fr\/wp-json\/wp\/v2\/pages\/2737","targetHints":{"allow":["GET"]}}],"collection":[{"href":"https:\/\/feltkutur.com\/fr\/wp-json\/wp\/v2\/pages"}],"about":[{"href":"https:\/\/feltkutur.com\/fr\/wp-json\/wp\/v2\/types\/page"}],"author":[{"embeddable":true,"href":"https:\/\/feltkutur.com\/fr\/wp-json\/wp\/v2\/users\/1"}],"replies":[{"embeddable":true,"href":"https:\/\/feltkutur.com\/fr\/wp-json\/wp\/v2\/comments?post=2737"}],"version-history":[{"count":0,"href":"https:\/\/feltkutur.com\/fr\/wp-json\/wp\/v2\/pages\/2737\/revisions"}],"wp:attachment":[{"href":"https:\/\/feltkutur.com\/fr\/wp-json\/wp\/v2\/media?parent=2737"}],"curies":[{"name":"wp","href":"https:\/\/api.w.org\/{rel}","templated":true}]}}