{"id":2734,"date":"2020-09-24T10:43:16","date_gmt":"2020-09-24T14:43:16","guid":{"rendered":"https:\/\/feltkutur.com\/ecole-acoustique\/"},"modified":"2022-08-02T15:39:33","modified_gmt":"2022-08-02T19:39:33","slug":"ecole-acoustique","status":"publish","type":"page","link":"https:\/\/feltkutur.com\/fr\/ecole-acoustique\/","title":{"rendered":"Panneaux acoustiques salle multifonctionnelle"},"content":{"rendered":"\n<h1>\n\t\tESPACE GARAGA &#8211; \u00c9COLE J\u00c9SUS-MARIE\n\t<\/h1>\n<h2>\n\t\tSALLE MULTIFONCTIONNELLE\n\t<\/h2>\n\t<p>Le coll\u00e8ge priv\u00e9, l&#8217;\u00c9cole J\u00e9sus-Marie de Beauceville, a inaugur\u00e9 son nouvel espace de vie. Cette nouvelle salle multifonctionnelle a \u00e9t\u00e9 am\u00e9nag\u00e9e l&#8217;an dernier. La direction de l&#8217;\u00e9cole d\u00e9sirait une salle \u00e0 usage multiple, soit acad\u00e9mique, r\u00e9cr\u00e9atif et social. Le but \u00e9tait que la salle soit \u00e0 l&#8217;image des jeunes\u202f: lumineuse, accueillante et dynamique. Pour le bien-\u00eatre des \u00e9l\u00e8ves et du personnel enseignant, il fallait cr\u00e9er un milieu de vie encore plus sain et inspirant dans l&#8217;\u00e9cole.<\/p>\n\t<p>Pour r\u00e9aliser ce projet, EJM a fait appel \u00e0 l&#8217;\u00e9quipe de designers, Loca Design. L&#8217;am\u00e9nagement int\u00e9rieur devait permettre d&#8217;offrir un espace de vie et de travail plus vaste, plus lumineux et plus fonctionnel. \u00a0L&#8217;\u00e9clairage a \u00e9t\u00e9 am\u00e9lior\u00e9, d&#8217;une part gr\u00e2ce \u00e0 un meilleur acc\u00e8s \u00e0 la lumi\u00e8re naturelle et d&#8217;autre part, gr\u00e2ce \u00e0 l&#8217;int\u00e9gration de luminaires adapt\u00e9s \u00e0 chacune des zones.<\/p>\n\t\t\t\t<img decoding=\"async\" src=\"https:\/\/feltkutur.com\/wp-content\/uploads\/LOGO-SANS-FOND-BLANC-003.png\" alt=\"LOGO-SANS-FOND-BLANC (003)\" itemprop=\"image\" height=\"232\" width=\"398\" title=\"LOGO-SANS-FOND-BLANC (003)\" onerror=\"this.style.display='none'\"  \/>\n\t<p>En plus d&#8217;am\u00e9liorer l&#8217;\u00e9clairage, Loca Design a travaill\u00e9 \u00e0 am\u00e9liorer l&#8217;espace sonore en ajoutant des panneaux suspendus acoustiques faits avec les feutres Feltk\u00fctur. Ce plafond acoustique permet ainsi de diminuer les \u00e9chos ce qui aide les enseignants et les \u00e9l\u00e8ves \u00e0 avoir une meilleure concentration et \u00e0 \u00eatre plus efficace. On obtient donc une salle avec une ambiance plus feutr\u00e9e, mariant le design \u00e0 la fonctionnalit\u00e9. Voici la preuve que le bon choix des mat\u00e9riaux et de mobilier peut faire la diff\u00e9rence.<\/p>\n\t<p>La r\u00e9alisation du projet a \u00e9t\u00e9 possible gr\u00e2ce \u00e0 la g\u00e9n\u00e9rosit\u00e9 de la famille Gendreau, de l&#8217;entreprise beauceronne Garaga.<\/p>\n<p>Vous pouvez joindre l&#8217;\u00e9quipe Loca Design \u00e0 Info@locadesign.ca ou vous pouvez \u00e9galement consulter leur site web <a href=\"https:\/\/www.locadesign.ca\">https:\/\/www.locadesign.ca<\/a>.<\/p>\n\t\t\t\t<img decoding=\"async\" src=\"https:\/\/feltkutur.com\/wp-content\/uploads\/LOCA-DESIGN.jpg\" alt=\"LOCA DESIGN\" itemprop=\"image\" height=\"289\" width=\"998\" title=\"LOCA DESIGN\" onerror=\"this.style.display='none'\"  \/>\n\t<p>Pour am\u00e9liorer les milieux de vie ou pour la construction de nouvelles \u00e9coles, Feltk\u00fctur est un partenaire de choix, pour l&#8217;am\u00e9lioration du confort acoustique. L&#8217;ajout d&#8217;un plafond acoustique peut grandement aider \u00e0 diminuer les \u00e9chos et am\u00e9liorer par ce fait le confort des \u00e9l\u00e8ves. En addition, Feltk\u00fctur permet un design feutr\u00e9 tout \u00e0 fait qu\u00e9b\u00e9cois. La fabrication des panneaux acoustiques Feltk\u00fctur est enti\u00e8rement r\u00e9alis\u00e9e au Qu\u00e9bec depuis 1967. Pour plus de renseignements, n&#8217;h\u00e9sitez pas \u00e0 contacter votre repr\u00e9sentant de Quincaillerie Richelieu.<\/p>\n\t\t\t\t<img decoding=\"async\" src=\"https:\/\/feltkutur.com\/wp-content\/uploads\/richelieu.png\" alt=\"richelieu\" itemprop=\"image\" height=\"163\" width=\"252\" title=\"richelieu\" onerror=\"this.style.display='none'\"  \/>\n\n","protected":false},"excerpt":{"rendered":"<p>ESPACE GARAGA &#8211; \u00c9COLE J\u00c9SUS-MARIE SALLE MULTIFONCTIONNELLE Le coll\u00e8ge priv\u00e9, l&#8217;\u00c9cole J\u00e9sus-Marie de Beauceville, a inaugur\u00e9 son nouvel espace de vie. Cette nouvelle salle multifonctionnelle a \u00e9t\u00e9 am\u00e9nag\u00e9e l&#8217;an dernier. La direction de l&#8217;\u00e9cole d\u00e9sirait une salle \u00e0 usage multiple, soit acad\u00e9mique, r\u00e9cr\u00e9atif et social. Le but \u00e9tait que la salle soit \u00e0 l&#8217;image des [&#8230;]<\/p>\n<p><a class=\"btn btn-secondary understrap-read-more-link\" href=\"https:\/\/feltkutur.com\/fr\/ecole-acoustique\/\">Read More&#8230;<\/a><\/p>\n","protected":false},"author":1,"featured_media":0,"parent":0,"menu_order":0,"comment_status":"closed","ping_status":"closed","template":"","meta":{"_seopress_robots_primary_cat":"","_seopress_titles_title":"","_seopress_titles_desc":"Pour am\u00e9liorer les milieux de vie ou pour la construction de nouvelles \u00e9coles, Feltk\u00fctur est un partenaire de choix, pour l\u2019am\u00e9lioration du confort acoustique.","_seopress_robots_index":"","footnotes":""},"class_list":["post-2734","page","type-page","status-publish"],"_links":{"self":[{"href":"https:\/\/feltkutur.com\/fr\/wp-json\/wp\/v2\/pages\/2734","targetHints":{"allow":["GET"]}}],"collection":[{"href":"https:\/\/feltkutur.com\/fr\/wp-json\/wp\/v2\/pages"}],"about":[{"href":"https:\/\/feltkutur.com\/fr\/wp-json\/wp\/v2\/types\/page"}],"author":[{"embeddable":true,"href":"https:\/\/feltkutur.com\/fr\/wp-json\/wp\/v2\/users\/1"}],"replies":[{"embeddable":true,"href":"https:\/\/feltkutur.com\/fr\/wp-json\/wp\/v2\/comments?post=2734"}],"version-history":[{"count":0,"href":"https:\/\/feltkutur.com\/fr\/wp-json\/wp\/v2\/pages\/2734\/revisions"}],"wp:attachment":[{"href":"https:\/\/feltkutur.com\/fr\/wp-json\/wp\/v2\/media?parent=2734"}],"curies":[{"name":"wp","href":"https:\/\/api.w.org\/{rel}","templated":true}]}}