{"id":2711,"date":"2020-08-31T13:33:43","date_gmt":"2020-08-31T17:33:43","guid":{"rendered":"https:\/\/feltkutur.com\/technologie-tekboard\/"},"modified":"2022-08-02T16:12:18","modified_gmt":"2022-08-02T20:12:18","slug":"technologie-tekboard","status":"publish","type":"page","link":"https:\/\/feltkutur.com\/fr\/technologie-tekboard\/","title":{"rendered":"Technologie Tekboard"},"content":{"rendered":"\n<h1>\n\t\tLa Technologie Tekboard\n\t<\/h1>\n\t\t\t\t<img decoding=\"async\" src=\"https:\/\/feltkutur.com\/wp-content\/uploads\/tekboard_logo_final-300x76.png\" alt=\"tekboard_logo\" itemprop=\"image\" height=\"76\" width=\"300\" title=\"tekboard_logo\" onerror=\"this.style.display='none'\"  \/>\n\t<p>La technologie des panneaux acoustiques Tekboard permet la combinaison de propri\u00e9t\u00e9s structurelles et acoustiques. En effet, sa structure en nids d&#8217;abeille comparable aux\u00a0alv\u00e9oles d&#8217;abeille, servent \u00e0 renforcer la r\u00e9sistance d&#8217;un \u00e9l\u00e9ment tout en garantissant une l\u00e9g\u00e8ret\u00e9 maximale. Ces alv\u00e9oles permettent \u00e9galement de garantir un espace d&#8217;air qui amplifie les propri\u00e9t\u00e9s acoustiques du composite.<\/p>\n\t<p>Depuis 2015, Texel Mat\u00e9riaux Techniques, Inc. travaille \u00e0 d\u00e9velopper ce type de composite.\u00a0 Plusieurs versions ont \u00e9t\u00e9 r\u00e9alis\u00e9es en laboratoire.\u00a0 Le but premier \u00e9tait de laminer des panneaux acoustiques feutr\u00e9s (B) (D\u00fcotex) sur un nid d&#8217;abeille de carton(A). Les essais r\u00e9alis\u00e9s ont su d\u00e9montrer que le composite pouvait am\u00e9liorer les performances acoustiques et donner une rigidit\u00e9 structurelle tr\u00e8s \u00e9lev\u00e9e.\u00a0 Nous avons donc d\u00e9cid\u00e9 de commercialiser le Tekboard et d&#8217;int\u00e9grer ce composite \u00e0 la gamme Feltk\u00fctur .<\/p>\n\t\t\t\t<img decoding=\"async\" src=\"https:\/\/feltkutur.com\/wp-content\/uploads\/tekboard-217x300.png\" alt=\"tekboard\" itemprop=\"image\" height=\"300\" width=\"217\" title=\"tekboard\" onerror=\"this.style.display='none'\"  \/>\n\t\t\t\t<img decoding=\"async\" src=\"https:\/\/feltkutur.com\/wp-content\/uploads\/Tekboard_Studio_1.png\" alt=\"Tekboard_Studio_1\" itemprop=\"image\" height=\"1706\" width=\"2559\" title=\"Tekboard_Studio_1\" onerror=\"this.style.display='none'\"  \/>\n\t\t\t\t<img decoding=\"async\" src=\"https:\/\/feltkutur.com\/wp-content\/uploads\/Tekboard_Studio.png\" alt=\"Tekboard_Studio\" itemprop=\"image\" height=\"1706\" width=\"2446\" title=\"Tekboard_Studio\" onerror=\"this.style.display='none'\"  \/>\n\t<p>Pour la production industrielle, Texel a d\u00e9cid\u00e9 d&#8217;unir ses forces avec Panolite du Lac-M\u00e9gantic. Panolite poss\u00e8de une grande expertise dans la fabrication de panneaux structurels alv\u00e9olaires. Gr\u00e2ce \u00e0 cette union, nous avons pu \u00e9largir la gamme des panneaux Tekboard, en incluant un panneau ayant des propri\u00e9t\u00e9s de \u00ab blocage de son \u00bb (STC). L&#8217;expertise de Panolite a permis d&#8217;int\u00e9grer des bandes de chant et une panoplie de quincaillerie permettant l&#8217;assemblage des panneaux, afin de cr\u00e9er des modules.<\/p>\n\t<p>Que ce soit pour la fabrication de lames acoustiques, cabines de relaxation, cabines t\u00e9l\u00e9phoniques, panneaux diviseurs ou mobiliers de bureau, le Tekboard est une solution id\u00e9ale.<\/p>\n\n","protected":false},"excerpt":{"rendered":"<p>La Technologie Tekboard La technologie des panneaux acoustiques Tekboard permet la combinaison de propri\u00e9t\u00e9s structurelles et acoustiques. En effet, sa structure en nids d&#8217;abeille comparable aux\u00a0alv\u00e9oles d&#8217;abeille, servent \u00e0 renforcer la r\u00e9sistance d&#8217;un \u00e9l\u00e9ment tout en garantissant une l\u00e9g\u00e8ret\u00e9 maximale. Ces alv\u00e9oles permettent \u00e9galement de garantir un espace d&#8217;air qui amplifie les propri\u00e9t\u00e9s acoustiques du [&#8230;]<\/p>\n<p><a class=\"btn btn-secondary understrap-read-more-link\" href=\"https:\/\/feltkutur.com\/fr\/technologie-tekboard\/\">Read More&#8230;<\/a><\/p>\n","protected":false},"author":1,"featured_media":0,"parent":0,"menu_order":0,"comment_status":"closed","ping_status":"closed","template":"","meta":{"_seopress_robots_primary_cat":"","_seopress_titles_title":"","_seopress_titles_desc":"La technologie des panneaux acoustiques Tekboard permet la combinaison de propri\u00e9t\u00e9s structurelles et acoustiques.","_seopress_robots_index":"","footnotes":""},"class_list":["post-2711","page","type-page","status-publish"],"_links":{"self":[{"href":"https:\/\/feltkutur.com\/fr\/wp-json\/wp\/v2\/pages\/2711","targetHints":{"allow":["GET"]}}],"collection":[{"href":"https:\/\/feltkutur.com\/fr\/wp-json\/wp\/v2\/pages"}],"about":[{"href":"https:\/\/feltkutur.com\/fr\/wp-json\/wp\/v2\/types\/page"}],"author":[{"embeddable":true,"href":"https:\/\/feltkutur.com\/fr\/wp-json\/wp\/v2\/users\/1"}],"replies":[{"embeddable":true,"href":"https:\/\/feltkutur.com\/fr\/wp-json\/wp\/v2\/comments?post=2711"}],"version-history":[{"count":0,"href":"https:\/\/feltkutur.com\/fr\/wp-json\/wp\/v2\/pages\/2711\/revisions"}],"wp:attachment":[{"href":"https:\/\/feltkutur.com\/fr\/wp-json\/wp\/v2\/media?parent=2711"}],"curies":[{"name":"wp","href":"https:\/\/api.w.org\/{rel}","templated":true}]}}