{"id":2654,"date":"2020-06-22T13:11:21","date_gmt":"2020-06-22T17:11:21","guid":{"rendered":"https:\/\/feltkutur.com\/chu-sainte-justine\/"},"modified":"2022-08-02T15:42:07","modified_gmt":"2022-08-02T19:42:07","slug":"chu-sainte-justine","status":"publish","type":"page","link":"https:\/\/feltkutur.com\/fr\/chu-sainte-justine\/","title":{"rendered":"CHU Sainte-Justine"},"content":{"rendered":"\n<h2>\n\t\tLe CHU de Sainte-Justine en essai de cabines de repos acoustiques. \n\t<\/h2>\n\t\t\t\t<img decoding=\"async\" src=\"https:\/\/feltkutur.com\/wp-content\/uploads\/logo-recharjme-eric-sans-slogan-002-sans-fond-1.png\" alt=\"logo recharjme eric sans slogan (002) sans fond\" itemprop=\"image\" height=\"720\" width=\"1280\" title=\"logo recharjme eric sans slogan (002) sans fond\" onerror=\"this.style.display='none'\"  \/>\n<h1>\n\t\tDes panneaux acoustiques cr\u00e9ant un espace d\u00e9tente dans les milieux hospitaliers\n\t<\/h1>\n\t<p>Lors du d\u00e9but de la pand\u00e9mie\u00a0et\u00a0comme de nombreux acteurs de l&#8217;\u00e9conomie, la jeune\u00a0entreprise\u00a0RecharjME,\u00a0offrant le\u00a0bien-\u00eatre en entreprise, a \u00e9t\u00e9 mise sur pause.\u00a0Suivant le d\u00e9roulement\u00a0de la pand\u00e9mie, l&#8217;\u00e9quipe aper\u00e7oit\u00a0un\u00a0niveau d&#8217;alerte et de stress\u00a0s&#8217;installant\u00a0dans le milieu de la sant\u00e9. C&#8217;est \u00e0 ce moment que\u00a0RecharjME\u00a0a souhait\u00e9 faire don de\u00a0deux\u00a0cabines de relaxation\u00a0aux h\u00f4pitaux de Montr\u00e9al\u00a0ayant\u00a0comme objectif\u00a0d&#8217;offrir un moment de relaxation au personnel m\u00e9dical gr\u00e2ce \u00e0 la cabine acoustique. L&#8217;administration du CHU de Sainte-Justine a imm\u00e9diatement montr\u00e9 un vif int\u00e9r\u00eat \u00e0 cette proposition.<\/p>\n\t<p>Le personnel soignant et administratif du CHU de\u00a0Sainte-Justine peut d\u00e9sormais b\u00e9n\u00e9ficier d&#8217;un moment de relaxation dans les cabines\u00a0 insonoris\u00e9es comprenant un fauteuil z\u00e9ro-gravit\u00e9 et une tablette avec des audios de relaxation. Les\u00a0cabines sont disponibles\u00a0en tout temps gr\u00e2ce \u00e0 la r\u00e9servation via l&#8217;application mobile.<\/p>\n\t\t\t\t<img decoding=\"async\" src=\"https:\/\/feltkutur.com\/wp-content\/uploads\/Ste-Justine.jpg\" alt=\"Ste-Justine\" itemprop=\"image\" height=\"600\" width=\"800\" title=\"Ste-Justine\" onerror=\"this.style.display='none'\"  \/>\n\t\t\t\t<img decoding=\"async\" src=\"https:\/\/feltkutur.com\/wp-content\/uploads\/logo-recharjme-eric-sans-slogan-002-sans-fond-1-300x169.png\" alt=\"logo recharjme eric sans slogan (002) sans fond\" itemprop=\"image\" height=\"169\" width=\"300\" title=\"logo recharjme eric sans slogan (002) sans fond\" onerror=\"this.style.display='none'\"  \/>\n\t\t\t\t<img decoding=\"async\" src=\"https:\/\/feltkutur.com\/wp-content\/uploads\/cabine_recharjME_cote_feltkutur4-763x1024.png\" alt=\"cabine_recharjME_cote_feltkutur4\" itemprop=\"image\" height=\"859\" width=\"640\" title=\"cabine_recharjME_cote_feltkutur4\" onerror=\"this.style.display='none'\"  \/>\n\t<p>Ce don, d&#8217;une dur\u00e9e de trois mois, va permettre au personnel de Sainte-Justine de\u00a0profiter d&#8217;un moment de relaxation. Ce partenariat aide aussi\u00a0l&#8217;entreprise\u00a0Montr\u00e9alaise\u00a0RecharjME\u00a0\u00e0 s&#8217;adapter au contexte, par exemple en\u00a0appliquant \u00e0 l&#8217;aide d&#8217;un velcro,\u00a0un mat\u00e9riel adapt\u00e9 antimicrobien\u00a0\u00e0 des endroits strat\u00e9giques\u00a0\u00e0 l&#8217;int\u00e9rieur de la cabine\u00a0ce qui facilite la d\u00e9contamination entre chaque passage.\u00a0<\/p>\n<p>Apr\u00e8s\u00a0ses premiers succ\u00e8s dans des entreprises plus traditionnelles comme DESJARDINS, INEAT ou LE CIRQUE DU SOLEIL, RecharjME esp\u00e8re apporter un v\u00e9ritable r\u00e9confort dans les milieux hospitaliers. Cet objectif\u00a0 semble\u00a0 bien d\u00e9marrer\u00a0puisque\u00a0plusieurs r\u00e9servations ont d\u00e9j\u00e0 \u00e9t\u00e9 faites\u00a0lors des premiers jours.\u00a0<\/p>\n<h3>\n\t\tLe Tekboard comme principale composante de la cabine acoustique\n\t<\/h3>\n\t<p>La structure de la cabine acoustique est constitu\u00e9e du produit Tekboard, dont un agencement de couleur entre le gris\u00a0Fermont\u00a0et le gris Saint-S\u00e9bastien a \u00e9t\u00e9 fait par l&#8217;\u00e9quipe de RecharjMe. Gr\u00e2ce \u00e0 ses propri\u00e9t\u00e9s acoustiques d\u00fb au feutre ainsi qu&#8217;\u00e0 l&#8217;espace d&#8217;air cr\u00e9\u00e9 par le carton\u00a0de nid d&#8217;abeilles,\u00a0la cabine offre un environnement\u00a0acoustique contr\u00f4l\u00e9.\u00a0\u00a0<\/p>\n\t\t\t\t<img decoding=\"async\" src=\"https:\/\/feltkutur.com\/wp-content\/uploads\/Tekboard-Illustration-HR-2017-10-23-scaled.jpg\" alt=\"Tekboard- Illustration-HR-2017-10-23\" itemprop=\"image\" height=\"2560\" width=\"2213\" title=\"Tekboard- Illustration-HR-2017-10-23\" onerror=\"this.style.display='none'\"  \/>\n\t<p>Si vous\u00a0d\u00e9sirez en conna\u00eetre davantage\u00a0sur les panneaux acoustiques\u00a0ou si vous avez un projet qui n\u00e9cessite\u00a0des panneaux\u00a0insonorisants,\u00a0des tuiles acoustiques, des murs acoustiques ou toute autre demande pour du feutre, n&#8217;h\u00e9sitez pas \u00e0 contacter votre repr\u00e9sentant\u00a0de Quincaillerie Richelieu: <a href=\"https:\/\/feltkutur.com\/fr\/panneaux-acoustiques-duotex\/\" target=\"_blank\" rel=\"noreferrer noopener\">https:\/\/feltkutur.com\/fr\/panneaux-acoustiques-duotex\/<\/a>\u00a0\u00a0<\/p>\n\t\t\t\t<img decoding=\"async\" src=\"https:\/\/feltkutur.com\/wp-content\/uploads\/richelieu.png\" alt=\"richelieu\" itemprop=\"image\" height=\"163\" width=\"252\" title=\"richelieu\" onerror=\"this.style.display='none'\"  \/>\n\n","protected":false},"excerpt":{"rendered":"<p>Le CHU de Sainte-Justine en essai de cabines de repos acoustiques. Des panneaux acoustiques cr\u00e9ant un espace d\u00e9tente dans les milieux hospitaliers Lors du d\u00e9but de la pand\u00e9mie\u00a0et\u00a0comme de nombreux acteurs de l&#8217;\u00e9conomie, la jeune\u00a0entreprise\u00a0RecharjME,\u00a0offrant le\u00a0bien-\u00eatre en entreprise, a \u00e9t\u00e9 mise sur pause.\u00a0Suivant le d\u00e9roulement\u00a0de la pand\u00e9mie, l&#8217;\u00e9quipe aper\u00e7oit\u00a0un\u00a0niveau d&#8217;alerte et de stress\u00a0s&#8217;installant\u00a0dans le milieu [&#8230;]<\/p>\n<p><a class=\"btn btn-secondary understrap-read-more-link\" href=\"https:\/\/feltkutur.com\/fr\/chu-sainte-justine\/\">Read More&#8230;<\/a><\/p>\n","protected":false},"author":1,"featured_media":0,"parent":0,"menu_order":0,"comment_status":"closed","ping_status":"closed","template":"","meta":{"_seopress_robots_primary_cat":"","_seopress_titles_title":"","_seopress_titles_desc":"Le personnel soignant et administratif du CHU de Sainte-Justine peut d\u00e9sormais b\u00e9n\u00e9ficier d\u2019un moment de relaxation dans les cabines insonoris\u00e9es.","_seopress_robots_index":"","footnotes":""},"class_list":["post-2654","page","type-page","status-publish"],"_links":{"self":[{"href":"https:\/\/feltkutur.com\/fr\/wp-json\/wp\/v2\/pages\/2654","targetHints":{"allow":["GET"]}}],"collection":[{"href":"https:\/\/feltkutur.com\/fr\/wp-json\/wp\/v2\/pages"}],"about":[{"href":"https:\/\/feltkutur.com\/fr\/wp-json\/wp\/v2\/types\/page"}],"author":[{"embeddable":true,"href":"https:\/\/feltkutur.com\/fr\/wp-json\/wp\/v2\/users\/1"}],"replies":[{"embeddable":true,"href":"https:\/\/feltkutur.com\/fr\/wp-json\/wp\/v2\/comments?post=2654"}],"version-history":[{"count":0,"href":"https:\/\/feltkutur.com\/fr\/wp-json\/wp\/v2\/pages\/2654\/revisions"}],"wp:attachment":[{"href":"https:\/\/feltkutur.com\/fr\/wp-json\/wp\/v2\/media?parent=2654"}],"curies":[{"name":"wp","href":"https:\/\/api.w.org\/{rel}","templated":true}]}}