{"id":2634,"date":"2020-06-08T15:36:41","date_gmt":"2020-06-08T19:36:41","guid":{"rendered":"https:\/\/feltkutur.com\/employee-hugues\/"},"modified":"2020-06-08T15:40:46","modified_gmt":"2020-06-08T19:40:46","slug":"employee-hugues","status":"publish","type":"page","link":"https:\/\/feltkutur.com\/fr\/employee-hugues\/","title":{"rendered":"Employee Hugues"},"content":{"rendered":"\n\t<h1>HUGUES, UN D\u00c9VELOPPEUR PASSIONN\u00c9 !<\/h1>\n\t\t\t\t<img decoding=\"async\" src=\"https:\/\/feltkutur.com\/wp-content\/uploads\/Texel\u00c9quipeFull-13-scaled.jpg\" alt=\"Texel\u00c9quipeFull-13\" itemprop=\"image\" height=\"1707\" width=\"2560\" title=\"Texel\u00c9quipeFull-13\"  \/>\n\t<p>Hugues Lambert s\u2019est joint \u00e0 l\u2019\u00e9quipe de Texel en 2012. Gr\u00e2ce \u00e0 son exp\u00e9rience en d\u00e9veloppement de projets dans diff\u00e9rentes industries, il a int\u00e9gr\u00e9 le d\u00e9partement de Recherche et D\u00e9veloppement \u00e0 titre de Charg\u00e9 de projet d\u00e8s son arriv\u00e9e. Il a travaill\u00e9 activement au d\u00e9veloppement des membranes de toiture, au nouveau concept de la botte militaire Canadienne, et il a \u00e9galement particip\u00e9 \u00e0 plusieurs autres projets de recherche depuis les derni\u00e8res ann\u00e9es.\u00a0\u00a0<\/p>\n<p>La popularit\u00e9 des\u00a0<b>produits feutr\u00e9s architecturaux<\/b>\u00a0s\u2019est fait\u00a0ressentir en\u00a02015. Depuis,\u00a0Hugues\u00a0participe\u00a0activement au d\u00e9veloppement de la collection de\u00a0<b>produits acoustiques<\/b> Feltk\u00fctur. Le but du d\u00e9veloppement de produit \u00e9tait d\u2019offrir un produit r\u00e9pondant aux besoins du march\u00e9 architectural. Il a travaill\u00e9 en \u00e9troite collaboration avec Michel Par\u00e9, Technicien en Recherche et D\u00e9veloppement chez Texel, afin de trouver des mat\u00e9riaux permettant au <b>D\u00fcotex<\/b>\u00a0d\u2019atteindre les standards de r\u00e9sistance aux feux et \u00e0 la fum\u00e9e des normes ASTM-E-84 et\u202f<b>CAN<\/b>\/<b>ULC<\/b>&#8211;<b>S102<\/b>.\u00a0Toutes les d\u00e9clinaisons du\u202f<b>D\u00fcotex<\/b>\u202font \u00e9t\u00e9 cr\u00e9\u00e9es depuis; les tuiles murales\u00a0auto-collantes\u00a0(<b>D\u00fcotex<\/b><b>\u00a0<\/b><b>Tahmea<\/b>) et le composite en nid\u202fd\u2019abeilles\u202f<b>Tekboard<\/b><b>,<\/b>\u202fsouvent utilis\u00e9 comme composante des cabines t\u00e9l\u00e9phoniques et des panneaux suspendus.\u202f\u00a0<\/p>\n<p>Puisque nous sommes conscients que les besoins\u00a0des consommateurs continueront d\u2019\u00e9voluer face aux changements d\u2019habitudes ou\u00a0des espaces de travail, Hugues reste \u00e0 l\u2019aff\u00fbt des mat\u00e9riaux qui permettront\u00a0l\u2019\u00e9volution de la\u00a0<b>gamme de produits acoustique<\/b><b>s<\/b>\u00a0Feltk\u00fctur.\u00a0<\/p>\n<p>Merci Hugues!\u00a0<\/p>\n","protected":false},"excerpt":{"rendered":"<p>HUGUES, UN D\u00c9VELOPPEUR PASSIONN\u00c9 ! Hugues Lambert s\u2019est joint \u00e0 l\u2019\u00e9quipe de Texel en 2012. Gr\u00e2ce \u00e0 son exp\u00e9rience en d\u00e9veloppement de projets dans diff\u00e9rentes industries, il a int\u00e9gr\u00e9 le d\u00e9partement de Recherche et D\u00e9veloppement \u00e0 titre de Charg\u00e9 de projet d\u00e8s son arriv\u00e9e. Il a travaill\u00e9 activement au d\u00e9veloppement des membranes de toiture, au [&#8230;]<\/p>\n<p><a class=\"btn btn-secondary understrap-read-more-link\" href=\"https:\/\/feltkutur.com\/fr\/employee-hugues\/\">Read More&#8230;<\/a><\/p>\n","protected":false},"author":1,"featured_media":0,"parent":0,"menu_order":0,"comment_status":"closed","ping_status":"closed","template":"","meta":{"_seopress_robots_primary_cat":"","_seopress_titles_title":"","_seopress_titles_desc":"","_seopress_robots_index":"","footnotes":""},"class_list":["post-2634","page","type-page","status-publish"],"_links":{"self":[{"href":"https:\/\/feltkutur.com\/fr\/wp-json\/wp\/v2\/pages\/2634","targetHints":{"allow":["GET"]}}],"collection":[{"href":"https:\/\/feltkutur.com\/fr\/wp-json\/wp\/v2\/pages"}],"about":[{"href":"https:\/\/feltkutur.com\/fr\/wp-json\/wp\/v2\/types\/page"}],"author":[{"embeddable":true,"href":"https:\/\/feltkutur.com\/fr\/wp-json\/wp\/v2\/users\/1"}],"replies":[{"embeddable":true,"href":"https:\/\/feltkutur.com\/fr\/wp-json\/wp\/v2\/comments?post=2634"}],"version-history":[{"count":0,"href":"https:\/\/feltkutur.com\/fr\/wp-json\/wp\/v2\/pages\/2634\/revisions"}],"wp:attachment":[{"href":"https:\/\/feltkutur.com\/fr\/wp-json\/wp\/v2\/media?parent=2634"}],"curies":[{"name":"wp","href":"https:\/\/api.w.org\/{rel}","templated":true}]}}